{"id":1422,"date":"2017-08-24T08:30:32","date_gmt":"2017-08-24T08:30:32","guid":{"rendered":"http:\/\/adventistoltenia.ro\/site\/?page_id=1422"},"modified":"2025-04-15T09:22:43","modified_gmt":"2025-04-15T09:22:43","slug":"scoala-de-sabat-si-lucrarea-personala","status":"publish","type":"page","link":"https:\/\/adventistoltenia.ro\/site\/scoala-de-sabat-si-lucrarea-personala\/","title":{"rendered":"\u0218coala de Sabat \u0219i Lucrarea Personal\u0103"},"content":{"rendered":"<article class=\"entry clr\"><strong>\u015ecoala de Sabat este principalul sistem de educa\u0163ie religioas\u0103 a Bisericii Adventiste de Ziua a \u015eaptea<\/strong> \u015fi are patru scopuri:<\/article>\n<ol>\n<li class=\"entry clr\">studiul Scripturii,<\/li>\n<li class=\"entry clr\">p\u0103rt\u0103\u015fia,<\/li>\n<li class=\"entry clr\">ac\u0163iuni evanghelistice,<\/li>\n<li class=\"entry clr\">intensificarea misiunii mondiale.<\/li>\n<\/ol>\n<article class=\"entry clr\"><\/article>\n<article class=\"entry clr\"><\/article>\n<article class=\"entry clr\">Misiunea specific\u0103 a Departamentului \u015ecolii de Sabat este s\u0103 distribuie studiile biblice ale \u015ecolii de Sabat pentru toate categoriile de v\u00e2rst\u0103, s\u0103 asigure planuri pentru programul \u015ecolii de Sabat, \u0163in\u00e2nd cont de contextul cultural, precum \u015fi resurse \u015fi un sistem de instruire pentru instructorii \u015ecolii de Sabat, \u015fi s\u0103 stimuleze d\u0103rnicia, pentru misiune, \u00een cadrul \u015ecolii de Sabat.<\/article>\n<article class=\"entry clr\"><\/article>\n<article class=\"entry clr\"><\/article>\n<article class=\"entry clr\">In ceea ce prive\u015fte\u00a0Lucrarea Personal\u0103, Departamentul asigur\u0103 resurse \u015fi instruie\u015fte membrii bisericii pentru a\u2011\u015fi uni eforturile cu pastorii \u015fi slujba\u015fii, \u00een vederea proclam\u0103rii finale a Evangheliei m\u00e2ntuirii prin Hristos.<\/article>\n<article class=\"entry clr\"><\/article>\n<article class=\"entry clr\"><\/article>\n<h4 class=\"entry clr\">Scopul acestui departament este de a \u00eenrola fiecare membru \u00een serviciul activ de c\u00e2\u015ftigare de suflete pentru Dumnezeu.<\/h4>\n ","protected":false},"excerpt":{"rendered":"<p>\u015ecoala de Sabat este principalul sistem de educa\u0163ie religioas\u0103 a Bisericii Adventiste de Ziua a \u015eaptea \u015fi are patru scopuri: studiul Scripturii, p\u0103rt\u0103\u015fia, ac\u0163iuni evanghelistice, intensificarea misiunii mondiale. Misiunea specific\u0103 a Departamentului \u015ecolii de Sabat este s\u0103 distribuie studiile biblice ale \u015ecolii de Sabat pentru toate categoriile de v\u00e2rst\u0103, s\u0103 asigure planuri pentru programul \u015ecolii &hellip; <a href=\"https:\/\/adventistoltenia.ro\/site\/scoala-de-sabat-si-lucrarea-personala\/\">Continued<\/a><\/p>\n","protected":false},"author":4,"featured_media":0,"parent":0,"menu_order":0,"comment_status":"closed","ping_status":"closed","template":"","meta":[],"yoast_head":"<!-- This site is optimized with the Yoast SEO plugin v20.3 - https:\/\/yoast.com\/wordpress\/plugins\/seo\/ -->\n<title>\u0218coala de Sabat \u0219i Lucrarea Personal\u0103 - Conferinta Oltenia<\/title>\n<meta name=\"robots\" content=\"index, follow, max-snippet:-1, max-image-preview:large, max-video-preview:-1\" \/>\n<link rel=\"canonical\" href=\"https:\/\/adventistoltenia.ro\/site\/scoala-de-sabat-si-lucrarea-personala\/\" \/>\n<meta property=\"og:locale\" content=\"en_US\" \/>\n<meta property=\"og:type\" content=\"article\" \/>\n<meta property=\"og:title\" content=\"\u0218coala de Sabat \u0219i Lucrarea Personal\u0103 - Conferinta Oltenia\" \/>\n<meta property=\"og:description\" content=\"\u015ecoala de Sabat este principalul sistem de educa\u0163ie religioas\u0103 a Bisericii Adventiste de Ziua a \u015eaptea \u015fi are patru scopuri: studiul Scripturii, p\u0103rt\u0103\u015fia, ac\u0163iuni evanghelistice, intensificarea misiunii mondiale. Misiunea specific\u0103 a Departamentului \u015ecolii de Sabat este s\u0103 distribuie studiile biblice ale \u015ecolii de Sabat pentru toate categoriile de v\u00e2rst\u0103, s\u0103 asigure planuri pentru programul \u015ecolii &hellip; Continued\" \/>\n<meta property=\"og:url\" content=\"https:\/\/adventistoltenia.ro\/site\/scoala-de-sabat-si-lucrarea-personala\/\" \/>\n<meta property=\"og:site_name\" content=\"Conferinta Oltenia\" \/>\n<meta property=\"article:modified_time\" content=\"2025-04-15T09:22:43+00:00\" \/>\n<meta name=\"twitter:card\" content=\"summary_large_image\" \/>\n<meta name=\"twitter:label1\" content=\"Est. reading time\" \/>\n\t<meta name=\"twitter:data1\" content=\"1 minute\" \/>\n<script type=\"application\/ld+json\" class=\"yoast-schema-graph\">{\"@context\":\"https:\/\/schema.org\",\"@graph\":[{\"@type\":\"WebPage\",\"@id\":\"https:\/\/adventistoltenia.ro\/site\/scoala-de-sabat-si-lucrarea-personala\/\",\"url\":\"https:\/\/adventistoltenia.ro\/site\/scoala-de-sabat-si-lucrarea-personala\/\",\"name\":\"\u0218coala de Sabat \u0219i Lucrarea Personal\u0103 - Conferinta Oltenia\",\"isPartOf\":{\"@id\":\"https:\/\/adventistoltenia.ro\/site\/#website\"},\"datePublished\":\"2017-08-24T08:30:32+00:00\",\"dateModified\":\"2025-04-15T09:22:43+00:00\",\"breadcrumb\":{\"@id\":\"https:\/\/adventistoltenia.ro\/site\/scoala-de-sabat-si-lucrarea-personala\/#breadcrumb\"},\"inLanguage\":\"en-US\",\"potentialAction\":[{\"@type\":\"ReadAction\",\"target\":[\"https:\/\/adventistoltenia.ro\/site\/scoala-de-sabat-si-lucrarea-personala\/\"]}]},{\"@type\":\"BreadcrumbList\",\"@id\":\"https:\/\/adventistoltenia.ro\/site\/scoala-de-sabat-si-lucrarea-personala\/#breadcrumb\",\"itemListElement\":[{\"@type\":\"ListItem\",\"position\":1,\"name\":\"Home\",\"item\":\"https:\/\/adventistoltenia.ro\/site\/\"},{\"@type\":\"ListItem\",\"position\":2,\"name\":\"\u0218coala de Sabat \u0219i Lucrarea Personal\u0103\"}]},{\"@type\":\"WebSite\",\"@id\":\"https:\/\/adventistoltenia.ro\/site\/#website\",\"url\":\"https:\/\/adventistoltenia.ro\/site\/\",\"name\":\"Conferinta Oltenia\",\"description\":\"Biserica Adventista de Ziua a Saptea\",\"potentialAction\":[{\"@type\":\"SearchAction\",\"target\":{\"@type\":\"EntryPoint\",\"urlTemplate\":\"https:\/\/adventistoltenia.ro\/site\/?s={search_term_string}\"},\"query-input\":\"required name=search_term_string\"}],\"inLanguage\":\"en-US\"}]}<\/script>\n<!-- \/ Yoast SEO plugin. -->","yoast_head_json":{"title":"\u0218coala de Sabat \u0219i Lucrarea Personal\u0103 - Conferinta Oltenia","robots":{"index":"index","follow":"follow","max-snippet":"max-snippet:-1","max-image-preview":"max-image-preview:large","max-video-preview":"max-video-preview:-1"},"canonical":"https:\/\/adventistoltenia.ro\/site\/scoala-de-sabat-si-lucrarea-personala\/","og_locale":"en_US","og_type":"article","og_title":"\u0218coala de Sabat \u0219i Lucrarea Personal\u0103 - Conferinta Oltenia","og_description":"\u015ecoala de Sabat este principalul sistem de educa\u0163ie religioas\u0103 a Bisericii Adventiste de Ziua a \u015eaptea \u015fi are patru scopuri: studiul Scripturii, p\u0103rt\u0103\u015fia, ac\u0163iuni evanghelistice, intensificarea misiunii mondiale. Misiunea specific\u0103 a Departamentului \u015ecolii de Sabat este s\u0103 distribuie studiile biblice ale \u015ecolii de Sabat pentru toate categoriile de v\u00e2rst\u0103, s\u0103 asigure planuri pentru programul \u015ecolii &hellip; Continued","og_url":"https:\/\/adventistoltenia.ro\/site\/scoala-de-sabat-si-lucrarea-personala\/","og_site_name":"Conferinta Oltenia","article_modified_time":"2025-04-15T09:22:43+00:00","twitter_card":"summary_large_image","twitter_misc":{"Est. reading time":"1 minute"},"schema":{"@context":"https:\/\/schema.org","@graph":[{"@type":"WebPage","@id":"https:\/\/adventistoltenia.ro\/site\/scoala-de-sabat-si-lucrarea-personala\/","url":"https:\/\/adventistoltenia.ro\/site\/scoala-de-sabat-si-lucrarea-personala\/","name":"\u0218coala de Sabat \u0219i Lucrarea Personal\u0103 - Conferinta Oltenia","isPartOf":{"@id":"https:\/\/adventistoltenia.ro\/site\/#website"},"datePublished":"2017-08-24T08:30:32+00:00","dateModified":"2025-04-15T09:22:43+00:00","breadcrumb":{"@id":"https:\/\/adventistoltenia.ro\/site\/scoala-de-sabat-si-lucrarea-personala\/#breadcrumb"},"inLanguage":"en-US","potentialAction":[{"@type":"ReadAction","target":["https:\/\/adventistoltenia.ro\/site\/scoala-de-sabat-si-lucrarea-personala\/"]}]},{"@type":"BreadcrumbList","@id":"https:\/\/adventistoltenia.ro\/site\/scoala-de-sabat-si-lucrarea-personala\/#breadcrumb","itemListElement":[{"@type":"ListItem","position":1,"name":"Home","item":"https:\/\/adventistoltenia.ro\/site\/"},{"@type":"ListItem","position":2,"name":"\u0218coala de Sabat \u0219i Lucrarea Personal\u0103"}]},{"@type":"WebSite","@id":"https:\/\/adventistoltenia.ro\/site\/#website","url":"https:\/\/adventistoltenia.ro\/site\/","name":"Conferinta Oltenia","description":"Biserica Adventista de Ziua a Saptea","potentialAction":[{"@type":"SearchAction","target":{"@type":"EntryPoint","urlTemplate":"https:\/\/adventistoltenia.ro\/site\/?s={search_term_string}"},"query-input":"required name=search_term_string"}],"inLanguage":"en-US"}]}},"_links":{"self":[{"href":"https:\/\/adventistoltenia.ro\/site\/wp-json\/wp\/v2\/pages\/1422"}],"collection":[{"href":"https:\/\/adventistoltenia.ro\/site\/wp-json\/wp\/v2\/pages"}],"about":[{"href":"https:\/\/adventistoltenia.ro\/site\/wp-json\/wp\/v2\/types\/page"}],"author":[{"embeddable":true,"href":"https:\/\/adventistoltenia.ro\/site\/wp-json\/wp\/v2\/users\/4"}],"replies":[{"embeddable":true,"href":"https:\/\/adventistoltenia.ro\/site\/wp-json\/wp\/v2\/comments?post=1422"}],"version-history":[{"count":5,"href":"https:\/\/adventistoltenia.ro\/site\/wp-json\/wp\/v2\/pages\/1422\/revisions"}],"predecessor-version":[{"id":3736,"href":"https:\/\/adventistoltenia.ro\/site\/wp-json\/wp\/v2\/pages\/1422\/revisions\/3736"}],"wp:attachment":[{"href":"https:\/\/adventistoltenia.ro\/site\/wp-json\/wp\/v2\/media?parent=1422"}],"curies":[{"name":"wp","href":"https:\/\/api.w.org\/{rel}","templated":true}]}}