{"id":1432,"date":"2017-08-24T08:35:15","date_gmt":"2017-08-24T08:35:15","guid":{"rendered":"http:\/\/adventistoltenia.ro\/site\/?page_id=1432"},"modified":"2025-03-12T07:17:43","modified_gmt":"2025-03-12T07:17:43","slug":"sanatate","status":"publish","type":"page","link":"https:\/\/adventistoltenia.ro\/site\/sanatate\/","title":{"rendered":"S\u0103n\u0103tate"},"content":{"rendered":"<p><strong>Biserica accept\u0103 responsabilitatea de a face cunoscut lumii pe Hristos<\/strong> \u015fi crede c\u0103 aceasta include obliga\u0163ia moral\u0103 de a p\u0103stra demnitatea uman\u0103 prin ob\u0163inerea unui nivel optim de s\u0103n\u0103tate fizic\u0103, mintal\u0103 \u015fi spiritual\u0103. Pe l\u00e2ng\u0103 slujirea celor care sunt bolnavi, aceast\u0103 responsa\u00adbilitate se extinde \u015fi asupra prevenirii \u00eemboln\u0103virilor, prin educa\u0163ie sanitar\u0103 eficient\u0103 \u015fi prin c\u0103l\u0103uzire \u00een promovarea unei s\u0103n\u0103t\u0103\u0163i optime, f\u0103r\u0103 a folosi tutun, alcool, alte droguri sau hran\u0103 necurat\u0103. Unde este posibil, membrii sunt \u00eencuraja\u0163i s\u0103 adopte o diet\u0103 preponderent vegetarian\u0103.<\/p>\n<h4>Acest departament promoveaza \u015fi dezvolta un mod s\u0103n\u0103tos de vie\u0163uire prin:<\/h4>\n<ul>\n<li>sus\u0163inerea \u015fi promovarea unor principii de via\u0163\u0103 s\u0103n\u0103toase privind alimenta\u0163ia, munca, odihna, recreerea;<\/li>\n<li>educa\u0163ia preventiv\u0103 in ceea ce priveste consumul de alcool, cafea, tutun, droguri. Aceasta componenta include: programe de abandonare a fumatului, cursuri de g\u0103tit, cercuri de s\u0103n\u0103tate, programe antistres \u015fi alte activit\u0103\u0163i asem\u0103n\u0103toare;<\/li>\n<li>folosirea mijloacelor ra\u0163ionale pentru profilaxia \u015fi tratarea afec\u0163iunilor;<\/li>\n<li>implicarea \u00een suferin\u0163a umana pe princiliul dragostei fa\u0163\u0103 de om, viz\u00e2nd nu numai bun\u0103starea fizic\u0103 ci \u015fi mintal\u0103, spiritual\u0103 \u015fi social\u0103, plec\u00e2nd de la premisa c\u0103 o s\u0103n\u0103tate fizic\u0103 \u015fi mintal\u0103 bun\u0103, constituie fundamentul pentru o buna dezvoltare spiritual\u0103.<\/li>\n<\/ul>\n ","protected":false},"excerpt":{"rendered":"<p>Biserica accept\u0103 responsabilitatea de a face cunoscut lumii pe Hristos \u015fi crede c\u0103 aceasta include obliga\u0163ia moral\u0103 de a p\u0103stra demnitatea uman\u0103 prin ob\u0163inerea unui nivel optim de s\u0103n\u0103tate fizic\u0103, mintal\u0103 \u015fi spiritual\u0103. Pe l\u00e2ng\u0103 slujirea celor care sunt bolnavi, aceast\u0103 responsa\u00adbilitate se extinde \u015fi asupra prevenirii \u00eemboln\u0103virilor, prin educa\u0163ie sanitar\u0103 eficient\u0103 \u015fi prin c\u0103l\u0103uzire &hellip; <a href=\"https:\/\/adventistoltenia.ro\/site\/sanatate\/\">Continued<\/a><\/p>\n","protected":false},"author":4,"featured_media":0,"parent":0,"menu_order":0,"comment_status":"closed","ping_status":"closed","template":"","meta":[],"yoast_head":"<!-- This site is optimized with the Yoast SEO plugin v20.3 - https:\/\/yoast.com\/wordpress\/plugins\/seo\/ -->\n<title>S\u0103n\u0103tate - Conferinta Oltenia<\/title>\n<meta name=\"robots\" content=\"index, follow, max-snippet:-1, max-image-preview:large, max-video-preview:-1\" \/>\n<link rel=\"canonical\" href=\"https:\/\/adventistoltenia.ro\/site\/sanatate\/\" \/>\n<meta property=\"og:locale\" content=\"en_US\" \/>\n<meta property=\"og:type\" content=\"article\" \/>\n<meta property=\"og:title\" content=\"S\u0103n\u0103tate - Conferinta Oltenia\" \/>\n<meta property=\"og:description\" content=\"Biserica accept\u0103 responsabilitatea de a face cunoscut lumii pe Hristos \u015fi crede c\u0103 aceasta include obliga\u0163ia moral\u0103 de a p\u0103stra demnitatea uman\u0103 prin ob\u0163inerea unui nivel optim de s\u0103n\u0103tate fizic\u0103, mintal\u0103 \u015fi spiritual\u0103. Pe l\u00e2ng\u0103 slujirea celor care sunt bolnavi, aceast\u0103 responsa\u00adbilitate se extinde \u015fi asupra prevenirii \u00eemboln\u0103virilor, prin educa\u0163ie sanitar\u0103 eficient\u0103 \u015fi prin c\u0103l\u0103uzire &hellip; Continued\" \/>\n<meta property=\"og:url\" content=\"https:\/\/adventistoltenia.ro\/site\/sanatate\/\" \/>\n<meta property=\"og:site_name\" content=\"Conferinta Oltenia\" \/>\n<meta property=\"article:modified_time\" content=\"2025-03-12T07:17:43+00:00\" \/>\n<meta name=\"twitter:card\" content=\"summary_large_image\" \/>\n<meta name=\"twitter:label1\" content=\"Est. reading time\" \/>\n\t<meta name=\"twitter:data1\" content=\"1 minute\" \/>\n<script type=\"application\/ld+json\" class=\"yoast-schema-graph\">{\"@context\":\"https:\/\/schema.org\",\"@graph\":[{\"@type\":\"WebPage\",\"@id\":\"https:\/\/adventistoltenia.ro\/site\/sanatate\/\",\"url\":\"https:\/\/adventistoltenia.ro\/site\/sanatate\/\",\"name\":\"S\u0103n\u0103tate - Conferinta Oltenia\",\"isPartOf\":{\"@id\":\"https:\/\/adventistoltenia.ro\/site\/#website\"},\"datePublished\":\"2017-08-24T08:35:15+00:00\",\"dateModified\":\"2025-03-12T07:17:43+00:00\",\"breadcrumb\":{\"@id\":\"https:\/\/adventistoltenia.ro\/site\/sanatate\/#breadcrumb\"},\"inLanguage\":\"en-US\",\"potentialAction\":[{\"@type\":\"ReadAction\",\"target\":[\"https:\/\/adventistoltenia.ro\/site\/sanatate\/\"]}]},{\"@type\":\"BreadcrumbList\",\"@id\":\"https:\/\/adventistoltenia.ro\/site\/sanatate\/#breadcrumb\",\"itemListElement\":[{\"@type\":\"ListItem\",\"position\":1,\"name\":\"Home\",\"item\":\"https:\/\/adventistoltenia.ro\/site\/\"},{\"@type\":\"ListItem\",\"position\":2,\"name\":\"S\u0103n\u0103tate\"}]},{\"@type\":\"WebSite\",\"@id\":\"https:\/\/adventistoltenia.ro\/site\/#website\",\"url\":\"https:\/\/adventistoltenia.ro\/site\/\",\"name\":\"Conferinta Oltenia\",\"description\":\"Biserica Adventista de Ziua a Saptea\",\"potentialAction\":[{\"@type\":\"SearchAction\",\"target\":{\"@type\":\"EntryPoint\",\"urlTemplate\":\"https:\/\/adventistoltenia.ro\/site\/?s={search_term_string}\"},\"query-input\":\"required name=search_term_string\"}],\"inLanguage\":\"en-US\"}]}<\/script>\n<!-- \/ Yoast SEO plugin. -->","yoast_head_json":{"title":"S\u0103n\u0103tate - Conferinta Oltenia","robots":{"index":"index","follow":"follow","max-snippet":"max-snippet:-1","max-image-preview":"max-image-preview:large","max-video-preview":"max-video-preview:-1"},"canonical":"https:\/\/adventistoltenia.ro\/site\/sanatate\/","og_locale":"en_US","og_type":"article","og_title":"S\u0103n\u0103tate - Conferinta Oltenia","og_description":"Biserica accept\u0103 responsabilitatea de a face cunoscut lumii pe Hristos \u015fi crede c\u0103 aceasta include obliga\u0163ia moral\u0103 de a p\u0103stra demnitatea uman\u0103 prin ob\u0163inerea unui nivel optim de s\u0103n\u0103tate fizic\u0103, mintal\u0103 \u015fi spiritual\u0103. Pe l\u00e2ng\u0103 slujirea celor care sunt bolnavi, aceast\u0103 responsa\u00adbilitate se extinde \u015fi asupra prevenirii \u00eemboln\u0103virilor, prin educa\u0163ie sanitar\u0103 eficient\u0103 \u015fi prin c\u0103l\u0103uzire &hellip; Continued","og_url":"https:\/\/adventistoltenia.ro\/site\/sanatate\/","og_site_name":"Conferinta Oltenia","article_modified_time":"2025-03-12T07:17:43+00:00","twitter_card":"summary_large_image","twitter_misc":{"Est. reading time":"1 minute"},"schema":{"@context":"https:\/\/schema.org","@graph":[{"@type":"WebPage","@id":"https:\/\/adventistoltenia.ro\/site\/sanatate\/","url":"https:\/\/adventistoltenia.ro\/site\/sanatate\/","name":"S\u0103n\u0103tate - Conferinta Oltenia","isPartOf":{"@id":"https:\/\/adventistoltenia.ro\/site\/#website"},"datePublished":"2017-08-24T08:35:15+00:00","dateModified":"2025-03-12T07:17:43+00:00","breadcrumb":{"@id":"https:\/\/adventistoltenia.ro\/site\/sanatate\/#breadcrumb"},"inLanguage":"en-US","potentialAction":[{"@type":"ReadAction","target":["https:\/\/adventistoltenia.ro\/site\/sanatate\/"]}]},{"@type":"BreadcrumbList","@id":"https:\/\/adventistoltenia.ro\/site\/sanatate\/#breadcrumb","itemListElement":[{"@type":"ListItem","position":1,"name":"Home","item":"https:\/\/adventistoltenia.ro\/site\/"},{"@type":"ListItem","position":2,"name":"S\u0103n\u0103tate"}]},{"@type":"WebSite","@id":"https:\/\/adventistoltenia.ro\/site\/#website","url":"https:\/\/adventistoltenia.ro\/site\/","name":"Conferinta Oltenia","description":"Biserica Adventista de Ziua a Saptea","potentialAction":[{"@type":"SearchAction","target":{"@type":"EntryPoint","urlTemplate":"https:\/\/adventistoltenia.ro\/site\/?s={search_term_string}"},"query-input":"required name=search_term_string"}],"inLanguage":"en-US"}]}},"_links":{"self":[{"href":"https:\/\/adventistoltenia.ro\/site\/wp-json\/wp\/v2\/pages\/1432"}],"collection":[{"href":"https:\/\/adventistoltenia.ro\/site\/wp-json\/wp\/v2\/pages"}],"about":[{"href":"https:\/\/adventistoltenia.ro\/site\/wp-json\/wp\/v2\/types\/page"}],"author":[{"embeddable":true,"href":"https:\/\/adventistoltenia.ro\/site\/wp-json\/wp\/v2\/users\/4"}],"replies":[{"embeddable":true,"href":"https:\/\/adventistoltenia.ro\/site\/wp-json\/wp\/v2\/comments?post=1432"}],"version-history":[{"count":1,"href":"https:\/\/adventistoltenia.ro\/site\/wp-json\/wp\/v2\/pages\/1432\/revisions"}],"predecessor-version":[{"id":3698,"href":"https:\/\/adventistoltenia.ro\/site\/wp-json\/wp\/v2\/pages\/1432\/revisions\/3698"}],"wp:attachment":[{"href":"https:\/\/adventistoltenia.ro\/site\/wp-json\/wp\/v2\/media?parent=1432"}],"curies":[{"name":"wp","href":"https:\/\/api.w.org\/{rel}","templated":true}]}}