{"id":1435,"date":"2017-08-24T08:40:15","date_gmt":"2017-08-24T08:40:15","guid":{"rendered":"http:\/\/adventistoltenia.ro\/site\/?page_id=1435"},"modified":"2025-03-12T07:17:26","modified_gmt":"2025-03-12T07:17:26","slug":"relatii-publice-si-libertate-religioasa","status":"publish","type":"page","link":"https:\/\/adventistoltenia.ro\/site\/relatii-publice-si-libertate-religioasa\/","title":{"rendered":"Rela\u021bii Publice \u0219i Libertate Religioas\u0103"},"content":{"rendered":"<h2><strong>Filosofie<\/strong><\/h2>\n<p><strong>Scopul acestui departament este s\u0103 promoveze recunoa\u015fterea valorilor \u015fi misiunii bisericii, s\u0103 faciliteze rolul acesteia \u00eentr-o societate multicultural\u0103 \u015fi s\u0103 apere \u015fi s\u0103 protejeze libertatea religioas\u0103\u00a0 ca drept fundamental al fiin\u0163ei umane.<\/strong><\/p>\n<p>\u00cenc\u0103 de la \u00eenceputurile ei Biserica Adventist\u0103 de Ziua a \u015eaptea a dovedit interes \u00een transmiterea valorilor ei precum \u015fi preocupare pentru conservarea libert\u0103\u0163ilor de con\u015ftiin\u0163\u0103 ale individului.<\/p>\n<p>Biserica adventista de ziua a saptea a fost si este un ap\u0103r\u0103tor puternic al separ\u0103rii dintre biseric\u0103 \u015fi stat sus\u0163in\u00e2nd c\u0103 aceast\u0103 distinc\u0163ie este clar prezentat\u0103 \u00een Sf\u00e2nta Scriptur\u0103: \u201eDa\u0163i Cezarului ce este al Cezarului \u015fi lui Dumnezeu ce este al lui Dumnezeu!\u201d.<\/p>\n<p>Noi credem \u00een sprijinirea autorit\u0103\u0163ii civile \u015fi supunerea fa\u0163\u0103 de aceasta. Noi credem ca fiecare om are dreptul, \u015fi ar trebui s\u0103 constituie un privilegiu, de a se \u00eenchina potrivit \u00eendemnurilor propriei sale con\u015ftiin\u0163e. Noi credem de asemenea c\u0103 este datoria noastr\u0103 s\u0103 folosim orice mijloc legal \u015fi onorabil pentru a \u00eempiedica promulgarea de legi religioase de c\u0103tre autoritatea civil\u0103; pentru ca noi \u015fi concet\u0103\u0163enii no\u015ftri s\u0103 ne putem bucura de nepre\u0163uitele binecuv\u00e2nt\u0103ri at\u00e2t ale libert\u0103\u0163ii civile c\u00e2t \u015fi ale celei religioase.\u201d<\/p>\n<p>Noi credem c\u0103 aceste libert\u0103\u0163i sunt incluse \u00een regula de aur, care spune: \u201cTot ceea ce vre\u0163i s\u0103 v\u0103 fac\u0103 oamenii, face\u0163i-le voi\u201d. Biserica Adventist\u0103 de Ziua a \u015eaptea a definit atitudinea cre\u015ftinului fa\u0163\u0103 de autoritatea civil\u0103 dup\u0103 cum urmeaz\u0103: atitudinea cre\u015ftinului trebuie s\u0103 fie \u00eentotdeauna de loialitate fa\u0163\u0103 de guvern, at\u00e2ta timp c\u00e2t nu intr\u0103 \u00een conflict cu datoria sa fa\u0163\u0103 de Dumnezeu. El trebuie s\u0103 asculte de Dumnezeul lui cu orice pre\u0163; dar, \u00een acelasi timp, el poate s\u0103 depun\u0103 eforturi cre\u015ftine consecvente pentru a prezenta publicului \u015fi legiuitorilor principiile implicate.<\/p>\n<p>A\u015fadar departamentul de Rela\u0163ii Publice \u015fi Libertate Religioas\u0103 initiaz\u0103 \u015fi men\u0163ine comunicarea cu lideri religio\u015fi \u015fi cu persoane oficiale ale autorit\u0103\u0163ilor statului pentru a contribui la armonia social\u0103, la cunoa\u015fterea\u00a0 valorilor Bisericii \u015fi a rolului ei \u00een societate \u015fi la crearea unui climat legislativ \u00a0care s\u0103 permit\u0103 exprimarea libert\u0103\u0163ilor religioase ale indivizilor.<\/p>\n<p><strong>Departamentul sus\u0163ine alte organiza\u0163ii nonguvernamentale care activeaz\u0103 \u00een domeniul libert\u0103\u0163ii religioase precum <i>International Religious Liberty Association (IRLA) <\/i>care este cea mai veche organiza\u0163ie \u00een domeniu, \u00eenfiin\u0163at\u0103 \u00een 1893 sau <i>L\u2019Association internationale pour la d\u00e9fense de la libert\u00e9 religieuse<\/i> fondat\u0103 \u00een 1946.<\/strong><\/p>\n<h2><strong>Principii\u00a0<\/strong><\/h2>\n<ol>\n<li>Noi credem \u00een Dumnezeu, \u00een Biblie ca fiind Cuv\u00e2ntul lui Dumnezeu \u015fi \u00een separarea bisericii de stat a\u015fa cum ne-a \u00eenv\u0103\u0163at Isus Hristos; anume c\u0103, biserica \u015fi statul au fost puse al\u0103turi pentru ca fiecare s\u0103 lucreze \u00een sfera sa de activitate. (Mat. 22:21; Ioan 18:36)<\/li>\n<li>Noi credem c\u0103 Cele Zece Porunci sunt Legea lui Dumnezeu \u015fi c\u0103 ele cuprind \u00eentreaga datorie a omului fa\u0163\u0103 de Dumnezeu \u015fi om.<\/li>\n<li>Noi credem c\u0103 religia lui Isus Hristos este cuprins\u0103 \u00een principiul dragostei fa\u0163\u0103 de Dumnezeu \u015fi semenii no\u015ftri \u015fi astfel aceast\u0103 religie nu are nevoie de nici o putere omeneasc\u0103 pentru a o sprijini sau pune \u00een aplicare. Dragostea nu poate fi impus\u0103.<\/li>\n<li>Noi credem c\u0103 autoritatea civil\u0103 a fost randuit\u0103 de Dumnezeu pentru a ap\u0103ra oamenii ca s\u0103 se bucure de drepturile lor naturale \u015fi ca s\u0103 conduc\u0103 \u00een domeniul civil \u015fi c\u0103 \u00een acest domeniu are dreptul s\u0103 cear\u0103 respectul \u015fi ascultarea de bun\u0103voie a tuturor.<\/li>\n<li>Noi credem c\u0103 este dreptul \u015fi ar trebui s\u0103 fie privilegiul fiec\u0103rui om de a se \u00eenchina sau nu, sau de a-si schimba sau nu religia, potrivit \u00eendemnurilor con\u015ftiin\u0163ei sale, dar c\u0103 \u00een exercitarea acestui drept el trebuie s\u0103 respecte drepturile celorlal\u0163i.<\/li>\n<li>Noi credem c\u0103 orice legisla\u0163ie care une\u015fte biserica \u015fi statul submineaza drepturile omului, fiind poten\u0163ial persecutoare prin natura sa \u015fi fiind \u00eempotriva intereselor bisericii \u015fi statului; \u015fi prin urmare, promulgarea unei asemenea legisla\u0163ii nu \u0163ine de domeniul autorit\u0103\u0163ii omene\u015fti.<\/li>\n<li>Credem c\u0103 este datoria noastr\u0103 de a folosi orice mijloc legal \u015fi onorabil pentru a preveni promulgarea unei legisla\u0163ii care tinde s\u0103 uneasc\u0103 biserica \u015fi statul \u015fi de a ne opune oric\u0103rei mi\u015fc\u0103ri care sus\u0163ine o asemenea uniune, astfel \u00eenc\u00e2t to\u0163i oamenii s\u0103 se poat\u0103 bucura de binecuv\u00e2nt\u0103rile nepre\u0163uite ale libert\u0103\u0163ii religioase.<\/li>\n<li>Noi credem \u00een dreptul natural \u015fi inalienabil al individului la libertate de con\u015ftiin\u0163\u0103 \u015fi dreptul de a m\u0103rturisi, a practica \u015fi a-\u015fi r\u0103sp\u00e2ndi propriile convingeri religioase; sus\u0163in\u00e2nd c\u0103 acestea constituie esen\u0163a libert\u0103\u0163ii religioase.<\/li>\n<\/ol>\n<h3><b>Linkuri utile<\/b><\/h3>\n<ul>\n<li><a href=\"http:\/\/www.irla.org\/\"><b>http:\/\/www.irla.org\/<\/b><\/a><b><\/b><\/li>\n<li><a href=\"http:\/\/www.aidlr.org\/\"><b>http:\/\/www.aidlr.org\/<\/b><\/a><\/li>\n<\/ul>\n ","protected":false},"excerpt":{"rendered":"<p>Filosofie Scopul acestui departament este s\u0103 promoveze recunoa\u015fterea valorilor \u015fi misiunii bisericii, s\u0103 faciliteze rolul acesteia \u00eentr-o societate multicultural\u0103 \u015fi s\u0103 apere \u015fi s\u0103 protejeze libertatea religioas\u0103\u00a0 ca drept fundamental al fiin\u0163ei umane. \u00cenc\u0103 de la \u00eenceputurile ei Biserica Adventist\u0103 de Ziua a \u015eaptea a dovedit interes \u00een transmiterea valorilor ei precum \u015fi preocupare pentru &hellip; <a href=\"https:\/\/adventistoltenia.ro\/site\/relatii-publice-si-libertate-religioasa\/\">Continued<\/a><\/p>\n","protected":false},"author":4,"featured_media":0,"parent":0,"menu_order":0,"comment_status":"closed","ping_status":"closed","template":"","meta":[],"yoast_head":"<!-- This site is optimized with the Yoast SEO plugin v20.3 - https:\/\/yoast.com\/wordpress\/plugins\/seo\/ -->\n<title>Rela\u021bii Publice \u0219i Libertate Religioas\u0103 - Conferinta Oltenia<\/title>\n<meta name=\"robots\" content=\"index, follow, max-snippet:-1, max-image-preview:large, max-video-preview:-1\" \/>\n<link rel=\"canonical\" href=\"https:\/\/adventistoltenia.ro\/site\/relatii-publice-si-libertate-religioasa\/\" \/>\n<meta property=\"og:locale\" content=\"en_US\" \/>\n<meta property=\"og:type\" content=\"article\" \/>\n<meta property=\"og:title\" content=\"Rela\u021bii Publice \u0219i Libertate Religioas\u0103 - Conferinta Oltenia\" \/>\n<meta property=\"og:description\" content=\"Filosofie Scopul acestui departament este s\u0103 promoveze recunoa\u015fterea valorilor \u015fi misiunii bisericii, s\u0103 faciliteze rolul acesteia \u00eentr-o societate multicultural\u0103 \u015fi s\u0103 apere \u015fi s\u0103 protejeze libertatea religioas\u0103\u00a0 ca drept fundamental al fiin\u0163ei umane. \u00cenc\u0103 de la \u00eenceputurile ei Biserica Adventist\u0103 de Ziua a \u015eaptea a dovedit interes \u00een transmiterea valorilor ei precum \u015fi preocupare pentru &hellip; Continued\" \/>\n<meta property=\"og:url\" content=\"https:\/\/adventistoltenia.ro\/site\/relatii-publice-si-libertate-religioasa\/\" \/>\n<meta property=\"og:site_name\" content=\"Conferinta Oltenia\" \/>\n<meta property=\"article:modified_time\" content=\"2025-03-12T07:17:26+00:00\" \/>\n<meta name=\"twitter:card\" content=\"summary_large_image\" \/>\n<meta name=\"twitter:label1\" content=\"Est. reading time\" \/>\n\t<meta name=\"twitter:data1\" content=\"4 minutes\" \/>\n<script type=\"application\/ld+json\" class=\"yoast-schema-graph\">{\"@context\":\"https:\/\/schema.org\",\"@graph\":[{\"@type\":\"WebPage\",\"@id\":\"https:\/\/adventistoltenia.ro\/site\/relatii-publice-si-libertate-religioasa\/\",\"url\":\"https:\/\/adventistoltenia.ro\/site\/relatii-publice-si-libertate-religioasa\/\",\"name\":\"Rela\u021bii Publice \u0219i Libertate Religioas\u0103 - Conferinta Oltenia\",\"isPartOf\":{\"@id\":\"https:\/\/adventistoltenia.ro\/site\/#website\"},\"datePublished\":\"2017-08-24T08:40:15+00:00\",\"dateModified\":\"2025-03-12T07:17:26+00:00\",\"breadcrumb\":{\"@id\":\"https:\/\/adventistoltenia.ro\/site\/relatii-publice-si-libertate-religioasa\/#breadcrumb\"},\"inLanguage\":\"en-US\",\"potentialAction\":[{\"@type\":\"ReadAction\",\"target\":[\"https:\/\/adventistoltenia.ro\/site\/relatii-publice-si-libertate-religioasa\/\"]}]},{\"@type\":\"BreadcrumbList\",\"@id\":\"https:\/\/adventistoltenia.ro\/site\/relatii-publice-si-libertate-religioasa\/#breadcrumb\",\"itemListElement\":[{\"@type\":\"ListItem\",\"position\":1,\"name\":\"Home\",\"item\":\"https:\/\/adventistoltenia.ro\/site\/\"},{\"@type\":\"ListItem\",\"position\":2,\"name\":\"Rela\u021bii Publice \u0219i Libertate Religioas\u0103\"}]},{\"@type\":\"WebSite\",\"@id\":\"https:\/\/adventistoltenia.ro\/site\/#website\",\"url\":\"https:\/\/adventistoltenia.ro\/site\/\",\"name\":\"Conferinta Oltenia\",\"description\":\"Biserica Adventista de Ziua a Saptea\",\"potentialAction\":[{\"@type\":\"SearchAction\",\"target\":{\"@type\":\"EntryPoint\",\"urlTemplate\":\"https:\/\/adventistoltenia.ro\/site\/?s={search_term_string}\"},\"query-input\":\"required name=search_term_string\"}],\"inLanguage\":\"en-US\"}]}<\/script>\n<!-- \/ Yoast SEO plugin. -->","yoast_head_json":{"title":"Rela\u021bii Publice \u0219i Libertate Religioas\u0103 - Conferinta Oltenia","robots":{"index":"index","follow":"follow","max-snippet":"max-snippet:-1","max-image-preview":"max-image-preview:large","max-video-preview":"max-video-preview:-1"},"canonical":"https:\/\/adventistoltenia.ro\/site\/relatii-publice-si-libertate-religioasa\/","og_locale":"en_US","og_type":"article","og_title":"Rela\u021bii Publice \u0219i Libertate Religioas\u0103 - Conferinta Oltenia","og_description":"Filosofie Scopul acestui departament este s\u0103 promoveze recunoa\u015fterea valorilor \u015fi misiunii bisericii, s\u0103 faciliteze rolul acesteia \u00eentr-o societate multicultural\u0103 \u015fi s\u0103 apere \u015fi s\u0103 protejeze libertatea religioas\u0103\u00a0 ca drept fundamental al fiin\u0163ei umane. \u00cenc\u0103 de la \u00eenceputurile ei Biserica Adventist\u0103 de Ziua a \u015eaptea a dovedit interes \u00een transmiterea valorilor ei precum \u015fi preocupare pentru &hellip; Continued","og_url":"https:\/\/adventistoltenia.ro\/site\/relatii-publice-si-libertate-religioasa\/","og_site_name":"Conferinta Oltenia","article_modified_time":"2025-03-12T07:17:26+00:00","twitter_card":"summary_large_image","twitter_misc":{"Est. reading time":"4 minutes"},"schema":{"@context":"https:\/\/schema.org","@graph":[{"@type":"WebPage","@id":"https:\/\/adventistoltenia.ro\/site\/relatii-publice-si-libertate-religioasa\/","url":"https:\/\/adventistoltenia.ro\/site\/relatii-publice-si-libertate-religioasa\/","name":"Rela\u021bii Publice \u0219i Libertate Religioas\u0103 - Conferinta Oltenia","isPartOf":{"@id":"https:\/\/adventistoltenia.ro\/site\/#website"},"datePublished":"2017-08-24T08:40:15+00:00","dateModified":"2025-03-12T07:17:26+00:00","breadcrumb":{"@id":"https:\/\/adventistoltenia.ro\/site\/relatii-publice-si-libertate-religioasa\/#breadcrumb"},"inLanguage":"en-US","potentialAction":[{"@type":"ReadAction","target":["https:\/\/adventistoltenia.ro\/site\/relatii-publice-si-libertate-religioasa\/"]}]},{"@type":"BreadcrumbList","@id":"https:\/\/adventistoltenia.ro\/site\/relatii-publice-si-libertate-religioasa\/#breadcrumb","itemListElement":[{"@type":"ListItem","position":1,"name":"Home","item":"https:\/\/adventistoltenia.ro\/site\/"},{"@type":"ListItem","position":2,"name":"Rela\u021bii Publice \u0219i Libertate Religioas\u0103"}]},{"@type":"WebSite","@id":"https:\/\/adventistoltenia.ro\/site\/#website","url":"https:\/\/adventistoltenia.ro\/site\/","name":"Conferinta Oltenia","description":"Biserica Adventista de Ziua a Saptea","potentialAction":[{"@type":"SearchAction","target":{"@type":"EntryPoint","urlTemplate":"https:\/\/adventistoltenia.ro\/site\/?s={search_term_string}"},"query-input":"required name=search_term_string"}],"inLanguage":"en-US"}]}},"_links":{"self":[{"href":"https:\/\/adventistoltenia.ro\/site\/wp-json\/wp\/v2\/pages\/1435"}],"collection":[{"href":"https:\/\/adventistoltenia.ro\/site\/wp-json\/wp\/v2\/pages"}],"about":[{"href":"https:\/\/adventistoltenia.ro\/site\/wp-json\/wp\/v2\/types\/page"}],"author":[{"embeddable":true,"href":"https:\/\/adventistoltenia.ro\/site\/wp-json\/wp\/v2\/users\/4"}],"replies":[{"embeddable":true,"href":"https:\/\/adventistoltenia.ro\/site\/wp-json\/wp\/v2\/comments?post=1435"}],"version-history":[{"count":1,"href":"https:\/\/adventistoltenia.ro\/site\/wp-json\/wp\/v2\/pages\/1435\/revisions"}],"predecessor-version":[{"id":3697,"href":"https:\/\/adventistoltenia.ro\/site\/wp-json\/wp\/v2\/pages\/1435\/revisions\/3697"}],"wp:attachment":[{"href":"https:\/\/adventistoltenia.ro\/site\/wp-json\/wp\/v2\/media?parent=1435"}],"curies":[{"name":"wp","href":"https:\/\/api.w.org\/{rel}","templated":true}]}}