{"id":1441,"date":"2017-08-24T08:41:37","date_gmt":"2017-08-24T08:41:37","guid":{"rendered":"http:\/\/adventistoltenia.ro\/site\/?page_id=1441"},"modified":"2025-03-12T07:05:16","modified_gmt":"2025-03-12T07:05:16","slug":"publicatii","status":"publish","type":"page","link":"https:\/\/adventistoltenia.ro\/site\/publicatii\/","title":{"rendered":"Publica\u021bii"},"content":{"rendered":"<p><strong>Departamentul Publica\u0163ii este organizat pentru a coordona \u015fi promova evanghelizarea cu literatur\u0103 \u00een Biserica. <\/strong><\/p>\n<p>Acest departament asist\u0103 celelalte departamente ale bisericii \u00een promovarea, v\u00e2nzarea \u015fi distribuirea sau abonarea la reviste sau alt\u0103 literatur\u0103 misionar\u0103. Departamentul lucreaz\u0103 \u00eempreun\u0103 cu pastorii \u015fi alte departamente ale\u00a0Bisericii pentru a pl\u0103nui modalit\u0103\u0163i sistematice pentru includerea membrilor bisericii \u00een \u00eemplinirea acestor obiective.<\/p>\n<p>\u201eSunt multe locuri \u00een care vocea predicatorului nu poate s\u0103 fie auzit\u0103, locuri \u00een care se poate p\u0103trunde doar prin publica\u0163iile noastre \u2013 c\u0103r\u0163ile, revistele \u015fi bro\u015furile care ofer\u0103 din plin adev\u0103rurile de care au oamenii nevoie.\u201d (Evanghelizarea prin literatur\u0103, pag. 4).<\/p>\n ","protected":false},"excerpt":{"rendered":"<p>Departamentul Publica\u0163ii este organizat pentru a coordona \u015fi promova evanghelizarea cu literatur\u0103 \u00een Biserica. Acest departament asist\u0103 celelalte departamente ale bisericii \u00een promovarea, v\u00e2nzarea \u015fi distribuirea sau abonarea la reviste sau alt\u0103 literatur\u0103 misionar\u0103. Departamentul lucreaz\u0103 \u00eempreun\u0103 cu pastorii \u015fi alte departamente ale\u00a0Bisericii pentru a pl\u0103nui modalit\u0103\u0163i sistematice pentru includerea membrilor bisericii \u00een \u00eemplinirea acestor &hellip; <a href=\"https:\/\/adventistoltenia.ro\/site\/publicatii\/\">Continued<\/a><\/p>\n","protected":false},"author":4,"featured_media":0,"parent":0,"menu_order":0,"comment_status":"closed","ping_status":"closed","template":"","meta":[],"yoast_head":"<!-- This site is optimized with the Yoast SEO plugin v20.3 - https:\/\/yoast.com\/wordpress\/plugins\/seo\/ -->\n<title>Publica\u021bii - Conferinta Oltenia<\/title>\n<meta name=\"robots\" content=\"index, follow, max-snippet:-1, max-image-preview:large, max-video-preview:-1\" \/>\n<link rel=\"canonical\" href=\"https:\/\/adventistoltenia.ro\/site\/publicatii\/\" \/>\n<meta property=\"og:locale\" content=\"en_US\" \/>\n<meta property=\"og:type\" content=\"article\" \/>\n<meta property=\"og:title\" content=\"Publica\u021bii - Conferinta Oltenia\" \/>\n<meta property=\"og:description\" content=\"Departamentul Publica\u0163ii este organizat pentru a coordona \u015fi promova evanghelizarea cu literatur\u0103 \u00een Biserica. Acest departament asist\u0103 celelalte departamente ale bisericii \u00een promovarea, v\u00e2nzarea \u015fi distribuirea sau abonarea la reviste sau alt\u0103 literatur\u0103 misionar\u0103. Departamentul lucreaz\u0103 \u00eempreun\u0103 cu pastorii \u015fi alte departamente ale\u00a0Bisericii pentru a pl\u0103nui modalit\u0103\u0163i sistematice pentru includerea membrilor bisericii \u00een \u00eemplinirea acestor &hellip; Continued\" \/>\n<meta property=\"og:url\" content=\"https:\/\/adventistoltenia.ro\/site\/publicatii\/\" \/>\n<meta property=\"og:site_name\" content=\"Conferinta Oltenia\" \/>\n<meta property=\"article:modified_time\" content=\"2025-03-12T07:05:16+00:00\" \/>\n<meta name=\"twitter:card\" content=\"summary_large_image\" \/>\n<meta name=\"twitter:label1\" content=\"Est. reading time\" \/>\n\t<meta name=\"twitter:data1\" content=\"1 minute\" \/>\n<script type=\"application\/ld+json\" class=\"yoast-schema-graph\">{\"@context\":\"https:\/\/schema.org\",\"@graph\":[{\"@type\":\"WebPage\",\"@id\":\"https:\/\/adventistoltenia.ro\/site\/publicatii\/\",\"url\":\"https:\/\/adventistoltenia.ro\/site\/publicatii\/\",\"name\":\"Publica\u021bii - Conferinta Oltenia\",\"isPartOf\":{\"@id\":\"https:\/\/adventistoltenia.ro\/site\/#website\"},\"datePublished\":\"2017-08-24T08:41:37+00:00\",\"dateModified\":\"2025-03-12T07:05:16+00:00\",\"breadcrumb\":{\"@id\":\"https:\/\/adventistoltenia.ro\/site\/publicatii\/#breadcrumb\"},\"inLanguage\":\"en-US\",\"potentialAction\":[{\"@type\":\"ReadAction\",\"target\":[\"https:\/\/adventistoltenia.ro\/site\/publicatii\/\"]}]},{\"@type\":\"BreadcrumbList\",\"@id\":\"https:\/\/adventistoltenia.ro\/site\/publicatii\/#breadcrumb\",\"itemListElement\":[{\"@type\":\"ListItem\",\"position\":1,\"name\":\"Home\",\"item\":\"https:\/\/adventistoltenia.ro\/site\/\"},{\"@type\":\"ListItem\",\"position\":2,\"name\":\"Publica\u021bii\"}]},{\"@type\":\"WebSite\",\"@id\":\"https:\/\/adventistoltenia.ro\/site\/#website\",\"url\":\"https:\/\/adventistoltenia.ro\/site\/\",\"name\":\"Conferinta Oltenia\",\"description\":\"Biserica Adventista de Ziua a Saptea\",\"potentialAction\":[{\"@type\":\"SearchAction\",\"target\":{\"@type\":\"EntryPoint\",\"urlTemplate\":\"https:\/\/adventistoltenia.ro\/site\/?s={search_term_string}\"},\"query-input\":\"required name=search_term_string\"}],\"inLanguage\":\"en-US\"}]}<\/script>\n<!-- \/ Yoast SEO plugin. -->","yoast_head_json":{"title":"Publica\u021bii - Conferinta Oltenia","robots":{"index":"index","follow":"follow","max-snippet":"max-snippet:-1","max-image-preview":"max-image-preview:large","max-video-preview":"max-video-preview:-1"},"canonical":"https:\/\/adventistoltenia.ro\/site\/publicatii\/","og_locale":"en_US","og_type":"article","og_title":"Publica\u021bii - Conferinta Oltenia","og_description":"Departamentul Publica\u0163ii este organizat pentru a coordona \u015fi promova evanghelizarea cu literatur\u0103 \u00een Biserica. Acest departament asist\u0103 celelalte departamente ale bisericii \u00een promovarea, v\u00e2nzarea \u015fi distribuirea sau abonarea la reviste sau alt\u0103 literatur\u0103 misionar\u0103. Departamentul lucreaz\u0103 \u00eempreun\u0103 cu pastorii \u015fi alte departamente ale\u00a0Bisericii pentru a pl\u0103nui modalit\u0103\u0163i sistematice pentru includerea membrilor bisericii \u00een \u00eemplinirea acestor &hellip; Continued","og_url":"https:\/\/adventistoltenia.ro\/site\/publicatii\/","og_site_name":"Conferinta Oltenia","article_modified_time":"2025-03-12T07:05:16+00:00","twitter_card":"summary_large_image","twitter_misc":{"Est. reading time":"1 minute"},"schema":{"@context":"https:\/\/schema.org","@graph":[{"@type":"WebPage","@id":"https:\/\/adventistoltenia.ro\/site\/publicatii\/","url":"https:\/\/adventistoltenia.ro\/site\/publicatii\/","name":"Publica\u021bii - Conferinta Oltenia","isPartOf":{"@id":"https:\/\/adventistoltenia.ro\/site\/#website"},"datePublished":"2017-08-24T08:41:37+00:00","dateModified":"2025-03-12T07:05:16+00:00","breadcrumb":{"@id":"https:\/\/adventistoltenia.ro\/site\/publicatii\/#breadcrumb"},"inLanguage":"en-US","potentialAction":[{"@type":"ReadAction","target":["https:\/\/adventistoltenia.ro\/site\/publicatii\/"]}]},{"@type":"BreadcrumbList","@id":"https:\/\/adventistoltenia.ro\/site\/publicatii\/#breadcrumb","itemListElement":[{"@type":"ListItem","position":1,"name":"Home","item":"https:\/\/adventistoltenia.ro\/site\/"},{"@type":"ListItem","position":2,"name":"Publica\u021bii"}]},{"@type":"WebSite","@id":"https:\/\/adventistoltenia.ro\/site\/#website","url":"https:\/\/adventistoltenia.ro\/site\/","name":"Conferinta Oltenia","description":"Biserica Adventista de Ziua a Saptea","potentialAction":[{"@type":"SearchAction","target":{"@type":"EntryPoint","urlTemplate":"https:\/\/adventistoltenia.ro\/site\/?s={search_term_string}"},"query-input":"required name=search_term_string"}],"inLanguage":"en-US"}]}},"_links":{"self":[{"href":"https:\/\/adventistoltenia.ro\/site\/wp-json\/wp\/v2\/pages\/1441"}],"collection":[{"href":"https:\/\/adventistoltenia.ro\/site\/wp-json\/wp\/v2\/pages"}],"about":[{"href":"https:\/\/adventistoltenia.ro\/site\/wp-json\/wp\/v2\/types\/page"}],"author":[{"embeddable":true,"href":"https:\/\/adventistoltenia.ro\/site\/wp-json\/wp\/v2\/users\/4"}],"replies":[{"embeddable":true,"href":"https:\/\/adventistoltenia.ro\/site\/wp-json\/wp\/v2\/comments?post=1441"}],"version-history":[{"count":3,"href":"https:\/\/adventistoltenia.ro\/site\/wp-json\/wp\/v2\/pages\/1441\/revisions"}],"predecessor-version":[{"id":3689,"href":"https:\/\/adventistoltenia.ro\/site\/wp-json\/wp\/v2\/pages\/1441\/revisions\/3689"}],"wp:attachment":[{"href":"https:\/\/adventistoltenia.ro\/site\/wp-json\/wp\/v2\/media?parent=1441"}],"curies":[{"name":"wp","href":"https:\/\/api.w.org\/{rel}","templated":true}]}}