{"id":1444,"date":"2017-08-24T08:44:44","date_gmt":"2017-08-24T08:44:44","guid":{"rendered":"http:\/\/adventistoltenia.ro\/site\/?page_id=1444"},"modified":"2025-03-12T07:16:16","modified_gmt":"2025-03-12T07:16:16","slug":"misiunea-femeii","status":"publish","type":"page","link":"https:\/\/adventistoltenia.ro\/site\/misiunea-femeii\/","title":{"rendered":"Misiunea Femeii"},"content":{"rendered":"<h2><b>Filozofia<\/b><\/h2>\n<p>Departamentul Misiunii Femeii este angajat \u00een \u00eencurajarea, provocarea, \u00eenzestrarea \u015fi educarea femeilor adventiste de ziua a \u015faptea pentru a contribui la transmiterea mesajului Evangheliei.<\/p>\n<p>\u201eDomnul are o lucrare at\u00e2t pentru femei c\u00e2t \u015fi pentru b\u0103rba\u0163i. Ele pot s\u0103-\u015fi ocupe locurile \u00een lucrarea Sa, iar El va lucra prin ele\u2026. Ele pot realiza \u00een familii o lucrare pe care b\u0103rba\u0163ii nu o pot face, o lucrare care atinge via\u0163a interioar\u0103. Ele se pot apropia de inimile acelora la care b\u0103rba\u0163ii nu pot ajunge. Este nevoie de lucrarea lor.\u201d (Welfare Ministry, p. 145)<\/p>\n<h2><b>Declara\u0163ia scopurilor<\/b><\/h2>\n<p>Scopul principal al Departamentului Misiunea Femeii este de a educa, promova \u015fi sus\u0163ine femeile \u00een ceea ce prive\u015fte via\u0163a ca ucenice ale lui Isus Hristos \u015fi ca membre ale Bisericii Sale mondiale. Lucr\u00e2nd \u00een colaborare cu alte departamente ale Bisericii, departamentul are responsabilitatea de a asigura instruirea necesar\u0103 \u00eenzestr\u0103rii femeilor, cu scopul \u00een\u0103l\u0163\u0103rii lui Hristos \u00eenaintea Bisericii \u015fi a lumii.<\/p>\n<p>\u201e\u2026Dac\u0103 vrem, putem realiza o lucrare nobil\u0103 pentru Dumnezeu. Femeia nu-\u015fi cunoa\u015fte puterea\u2026 Exist\u0103 un scop mai \u00eenalt pentru femei, un destin mai m\u0103re\u0163. Ele ar trebui s\u0103-\u015fi dezvolte \u015fi s\u0103-\u015fi cultive puterile, deoarece Dumnezeu le va angaja \u00een marea lucrare de m\u00e2ntuire a sufletelor din ruina ve\u015fnic\u0103.\u201d (Testimonies Vol. 4, 162)<\/p>\n<p>Departamentul Misiunea Femeii se va concentra asupra a \u015fase provoc\u0103ri care au fost identificate de c\u0103tre directorii departamentului de la diviziuni \u015fi au fost desemnate prin vot, de c\u0103tre Comitetul Consultativ al Misiunii Femeii, drept bariere care \u00eempiedic\u0103 atingerea poten\u0163ialului maxim al femeilor. Acestea sunt: analfabetismul, s\u0103r\u0103cia, amenin\u0163\u0103rile la adresa s\u0103n\u0103t\u0103\u0163ii, lungimea zilei de munc\u0103 \u015fi condi\u0163iile precare de munc\u0103, abuzul \u015fi lipsa instruirii pentru implicarea \u00een misiunea Bisericii.<\/p>\n<h2><b>Declara\u0163ie de misiune<\/b><\/h2>\n<p><strong><i>Departamentul Misiunea Femeii exist\u0103 pentru a sus\u0163ine, \u00eencuraja \u015fi stimula\u00a0 femeile adventiste \u00een pelerinajul lor ca ucenice ale lui Isus Hristos \u015fi ca membre ale Bisericii Sale.<\/i><\/strong><\/p>\n<p>Misiunea noastr\u0103 este comun\u0103 tuturor cre\u015ftinilor \u00een sensul ei cel mai larg \u2013 aceea de a-L \u00een\u0103l\u0163a pe Hristos \u00een Biseric\u0103 \u015fi \u00een lume. \u00cens\u0103, \u00een mod special, noi suntem chemate:<\/p>\n<ul>\n<li><i>s\u0103 \u00een\u0103l\u0163\u0103m femeile ca persoane de o valoare inestimabil\u0103 datorit\u0103 cre\u0103rii \u015fi r\u0103scump\u0103r\u0103rii lor <\/i><\/li>\n<li><i>s\u0103 oferim femeilor posibilitatea de a-\u015fi aprofunda credin\u0163a \u015fi de a experimenta \u00eennoirea \u015fi cre\u015fterea spiritual\u0103<\/i><\/li>\n<li><i>s\u0103 construim re\u0163ele printre femei \u00een cadrul Bisericii mondiale care s\u0103 \u00eencurajeze leg\u0103turi de prietenie \u015fi sus\u0163inere mutual\u0103, c\u00e2t \u015fi schimburi creative de idei \u015fi informa\u0163ii<\/i><\/li>\n<li><i>s\u0103 educ\u0103m tinerele adventiste, \u00eencuraj\u00e2nd implicarea lor \u015fi cre\u00e2nd c\u0103i pentru atingerea poten\u0163ialului lor \u00een Hristos<\/i><\/li>\n<li><i>s\u0103 ne adres\u0103m preocup\u0103rilor femeilor \u00eentr-un context global<\/i><\/li>\n<li><i>s\u0103 introducem perspectiva unic\u0103 pe care o au femeile cu privire la problemele cu care se confrunt\u0103 Biserica <\/i><\/li>\n<li><i>s\u0103 urm\u0103rim extinderea modalit\u0103\u0163ilor prin care femeile pot realiza o slujire cre\u015ftin\u0103 plin\u0103 de dinamism<\/i><\/li>\n<li><i>s\u0103 stimul\u0103m fiecare femeie s\u0103 completeze cu propriul poten\u0163ial darurile altor femei \u015fi b\u0103rba\u0163i, lucr\u00e2nd cot la cot pentru \u00eemplinirea strategiei globale a Bisericii Adventiste de Ziua a \u015eaptea, astfel \u00eenc\u00e2t prin plin\u0103tatea pe care noi, ca femei, am g\u0103sit-o personal \u00een Isus Hristos, s\u0103 fim \u00eemputernicite s\u0103 \u00eemp\u0103rt\u0103\u015fim vestea cea bun\u0103 \u00een cadrul familiilor noastre, printre prietenii credincio\u015fi \u015fi \u00een cercurile tot mai largi ale lumii. <\/i><\/li>\n<\/ul>\n<p>(The General Conference of Seventh-day Adventists, Pastor\u2019s &amp; Elder\u2019s Handbook for Women\u2019s Ministries \u2013 A complete guide for local church leaders, 2007, p.8-10).<\/p>\n<h2><b>Sigla Departamentului <\/b><\/h2>\n<p><a href=\"http:\/\/adventistoltenia.ro\/site\/wp-content\/uploads\/2017\/08\/misiunea_femeii_logo_vector-768x545.jpeg\"><img decoding=\"async\" loading=\"lazy\" class=\"alignright wp-image-1446 size-medium\" src=\"http:\/\/adventistoltenia.ro\/site\/wp-content\/uploads\/2017\/08\/misiunea_femeii_logo_vector-768x545-300x213.jpeg\" alt=\"\" width=\"300\" height=\"213\" srcset=\"https:\/\/adventistoltenia.ro\/site\/wp-content\/uploads\/2017\/08\/misiunea_femeii_logo_vector-768x545-300x213.jpeg 300w, https:\/\/adventistoltenia.ro\/site\/wp-content\/uploads\/2017\/08\/misiunea_femeii_logo_vector-768x545.jpeg 768w, https:\/\/adventistoltenia.ro\/site\/wp-content\/uploads\/2017\/08\/misiunea_femeii_logo_vector-768x545-350x248.jpeg 350w, https:\/\/adventistoltenia.ro\/site\/wp-content\/uploads\/2017\/08\/misiunea_femeii_logo_vector-768x545-700x497.jpeg 700w\" sizes=\"(max-width: 300px) 100vw, 300px\" \/><\/a>Sigla \u00eenf\u0103\u0163i\u015feaz\u0103 patru femei care reflect\u0103 nu numai caracterul atotcuprinz\u0103tor al Misiunii Femeii, ci \u015fi unele din obiectivele departamentului:<\/p>\n<ul>\n<li>cuprinde femei de toate v\u00e2rstele;<\/li>\n<li>cuprinde femei de origini etnice diferite;<\/li>\n<li>reprezint\u0103 femei care lucreaz\u0103 \u00eempreun\u0103<\/li>\n<li>reprezint\u0103 femei adunate \u00een jurul unei c\u0103r\u0163i care poate fi:<\/li>\n<li>o Biblie, ceea ce \u00eenseamn\u0103 cre\u015ftere spiritual\u0103;<\/li>\n<li>o carte de studiu pentru ele \u00eensele sau pentru a le \u00eenv\u0103\u0163a pe celelalte;<\/li>\n<li>un abecedar, ceea ce presupune un pas \u00eenainte;<\/li>\n<li>o carte care se refer\u0103 la arta de a conduce sau de a fi mentor pentru alte femei.<\/li>\n<li>o carte care abordeaz\u0103 alte zone de interes pentru femei; cert este \u00eens\u0103 c\u0103 ele se bucur\u0103 de cre\u015ftere \u015fi p\u0103rt\u0103\u015fie \u00eempreun\u0103.<\/li>\n<\/ul>\n<p>Sigla departamentului reprezint\u0103 femei care se ajut\u0103 \u015fi au grij\u0103 unele de altele; \u00eempreun\u0103, ele reprezint\u0103 o parte important\u0103 a Bisericii \u015fi numai lucr\u00e2nd \u00eempreun\u0103 se va sim\u0163i influen\u0163a lor.<\/p>\n ","protected":false},"excerpt":{"rendered":"<p>Filozofia Departamentul Misiunii Femeii este angajat \u00een \u00eencurajarea, provocarea, \u00eenzestrarea \u015fi educarea femeilor adventiste de ziua a \u015faptea pentru a contribui la transmiterea mesajului Evangheliei. \u201eDomnul are o lucrare at\u00e2t pentru femei c\u00e2t \u015fi pentru b\u0103rba\u0163i. Ele pot s\u0103-\u015fi ocupe locurile \u00een lucrarea Sa, iar El va lucra prin ele\u2026. Ele pot realiza \u00een familii &hellip; <a href=\"https:\/\/adventistoltenia.ro\/site\/misiunea-femeii\/\">Continued<\/a><\/p>\n","protected":false},"author":4,"featured_media":0,"parent":0,"menu_order":0,"comment_status":"closed","ping_status":"closed","template":"","meta":[],"yoast_head":"<!-- This site is optimized with the Yoast SEO plugin v20.3 - https:\/\/yoast.com\/wordpress\/plugins\/seo\/ -->\n<title>Misiunea Femeii - Conferinta Oltenia<\/title>\n<meta name=\"robots\" content=\"index, follow, max-snippet:-1, max-image-preview:large, max-video-preview:-1\" \/>\n<link rel=\"canonical\" href=\"https:\/\/adventistoltenia.ro\/site\/misiunea-femeii\/\" \/>\n<meta property=\"og:locale\" content=\"en_US\" \/>\n<meta property=\"og:type\" content=\"article\" \/>\n<meta property=\"og:title\" content=\"Misiunea Femeii - Conferinta Oltenia\" \/>\n<meta property=\"og:description\" content=\"Filozofia Departamentul Misiunii Femeii este angajat \u00een \u00eencurajarea, provocarea, \u00eenzestrarea \u015fi educarea femeilor adventiste de ziua a \u015faptea pentru a contribui la transmiterea mesajului Evangheliei. \u201eDomnul are o lucrare at\u00e2t pentru femei c\u00e2t \u015fi pentru b\u0103rba\u0163i. Ele pot s\u0103-\u015fi ocupe locurile \u00een lucrarea Sa, iar El va lucra prin ele\u2026. Ele pot realiza \u00een familii &hellip; Continued\" \/>\n<meta property=\"og:url\" content=\"https:\/\/adventistoltenia.ro\/site\/misiunea-femeii\/\" \/>\n<meta property=\"og:site_name\" content=\"Conferinta Oltenia\" \/>\n<meta property=\"article:modified_time\" content=\"2025-03-12T07:16:16+00:00\" \/>\n<meta property=\"og:image\" content=\"http:\/\/adventistoltenia.ro\/site\/wp-content\/uploads\/2017\/08\/misiunea_femeii_logo_vector-768x545-300x213.jpeg\" \/>\n<meta name=\"twitter:card\" content=\"summary_large_image\" \/>\n<meta name=\"twitter:label1\" content=\"Est. reading time\" \/>\n\t<meta name=\"twitter:data1\" content=\"4 minutes\" \/>\n<script type=\"application\/ld+json\" class=\"yoast-schema-graph\">{\"@context\":\"https:\/\/schema.org\",\"@graph\":[{\"@type\":\"WebPage\",\"@id\":\"https:\/\/adventistoltenia.ro\/site\/misiunea-femeii\/\",\"url\":\"https:\/\/adventistoltenia.ro\/site\/misiunea-femeii\/\",\"name\":\"Misiunea Femeii - Conferinta Oltenia\",\"isPartOf\":{\"@id\":\"https:\/\/adventistoltenia.ro\/site\/#website\"},\"datePublished\":\"2017-08-24T08:44:44+00:00\",\"dateModified\":\"2025-03-12T07:16:16+00:00\",\"breadcrumb\":{\"@id\":\"https:\/\/adventistoltenia.ro\/site\/misiunea-femeii\/#breadcrumb\"},\"inLanguage\":\"en-US\",\"potentialAction\":[{\"@type\":\"ReadAction\",\"target\":[\"https:\/\/adventistoltenia.ro\/site\/misiunea-femeii\/\"]}]},{\"@type\":\"BreadcrumbList\",\"@id\":\"https:\/\/adventistoltenia.ro\/site\/misiunea-femeii\/#breadcrumb\",\"itemListElement\":[{\"@type\":\"ListItem\",\"position\":1,\"name\":\"Home\",\"item\":\"https:\/\/adventistoltenia.ro\/site\/\"},{\"@type\":\"ListItem\",\"position\":2,\"name\":\"Misiunea Femeii\"}]},{\"@type\":\"WebSite\",\"@id\":\"https:\/\/adventistoltenia.ro\/site\/#website\",\"url\":\"https:\/\/adventistoltenia.ro\/site\/\",\"name\":\"Conferinta Oltenia\",\"description\":\"Biserica Adventista de Ziua a Saptea\",\"potentialAction\":[{\"@type\":\"SearchAction\",\"target\":{\"@type\":\"EntryPoint\",\"urlTemplate\":\"https:\/\/adventistoltenia.ro\/site\/?s={search_term_string}\"},\"query-input\":\"required name=search_term_string\"}],\"inLanguage\":\"en-US\"}]}<\/script>\n<!-- \/ Yoast SEO plugin. -->","yoast_head_json":{"title":"Misiunea Femeii - Conferinta Oltenia","robots":{"index":"index","follow":"follow","max-snippet":"max-snippet:-1","max-image-preview":"max-image-preview:large","max-video-preview":"max-video-preview:-1"},"canonical":"https:\/\/adventistoltenia.ro\/site\/misiunea-femeii\/","og_locale":"en_US","og_type":"article","og_title":"Misiunea Femeii - Conferinta Oltenia","og_description":"Filozofia Departamentul Misiunii Femeii este angajat \u00een \u00eencurajarea, provocarea, \u00eenzestrarea \u015fi educarea femeilor adventiste de ziua a \u015faptea pentru a contribui la transmiterea mesajului Evangheliei. \u201eDomnul are o lucrare at\u00e2t pentru femei c\u00e2t \u015fi pentru b\u0103rba\u0163i. Ele pot s\u0103-\u015fi ocupe locurile \u00een lucrarea Sa, iar El va lucra prin ele\u2026. Ele pot realiza \u00een familii &hellip; Continued","og_url":"https:\/\/adventistoltenia.ro\/site\/misiunea-femeii\/","og_site_name":"Conferinta Oltenia","article_modified_time":"2025-03-12T07:16:16+00:00","og_image":[{"url":"http:\/\/adventistoltenia.ro\/site\/wp-content\/uploads\/2017\/08\/misiunea_femeii_logo_vector-768x545-300x213.jpeg"}],"twitter_card":"summary_large_image","twitter_misc":{"Est. reading time":"4 minutes"},"schema":{"@context":"https:\/\/schema.org","@graph":[{"@type":"WebPage","@id":"https:\/\/adventistoltenia.ro\/site\/misiunea-femeii\/","url":"https:\/\/adventistoltenia.ro\/site\/misiunea-femeii\/","name":"Misiunea Femeii - Conferinta Oltenia","isPartOf":{"@id":"https:\/\/adventistoltenia.ro\/site\/#website"},"datePublished":"2017-08-24T08:44:44+00:00","dateModified":"2025-03-12T07:16:16+00:00","breadcrumb":{"@id":"https:\/\/adventistoltenia.ro\/site\/misiunea-femeii\/#breadcrumb"},"inLanguage":"en-US","potentialAction":[{"@type":"ReadAction","target":["https:\/\/adventistoltenia.ro\/site\/misiunea-femeii\/"]}]},{"@type":"BreadcrumbList","@id":"https:\/\/adventistoltenia.ro\/site\/misiunea-femeii\/#breadcrumb","itemListElement":[{"@type":"ListItem","position":1,"name":"Home","item":"https:\/\/adventistoltenia.ro\/site\/"},{"@type":"ListItem","position":2,"name":"Misiunea Femeii"}]},{"@type":"WebSite","@id":"https:\/\/adventistoltenia.ro\/site\/#website","url":"https:\/\/adventistoltenia.ro\/site\/","name":"Conferinta Oltenia","description":"Biserica Adventista de Ziua a Saptea","potentialAction":[{"@type":"SearchAction","target":{"@type":"EntryPoint","urlTemplate":"https:\/\/adventistoltenia.ro\/site\/?s={search_term_string}"},"query-input":"required name=search_term_string"}],"inLanguage":"en-US"}]}},"_links":{"self":[{"href":"https:\/\/adventistoltenia.ro\/site\/wp-json\/wp\/v2\/pages\/1444"}],"collection":[{"href":"https:\/\/adventistoltenia.ro\/site\/wp-json\/wp\/v2\/pages"}],"about":[{"href":"https:\/\/adventistoltenia.ro\/site\/wp-json\/wp\/v2\/types\/page"}],"author":[{"embeddable":true,"href":"https:\/\/adventistoltenia.ro\/site\/wp-json\/wp\/v2\/users\/4"}],"replies":[{"embeddable":true,"href":"https:\/\/adventistoltenia.ro\/site\/wp-json\/wp\/v2\/comments?post=1444"}],"version-history":[{"count":3,"href":"https:\/\/adventistoltenia.ro\/site\/wp-json\/wp\/v2\/pages\/1444\/revisions"}],"predecessor-version":[{"id":3695,"href":"https:\/\/adventistoltenia.ro\/site\/wp-json\/wp\/v2\/pages\/1444\/revisions\/3695"}],"wp:attachment":[{"href":"https:\/\/adventistoltenia.ro\/site\/wp-json\/wp\/v2\/media?parent=1444"}],"curies":[{"name":"wp","href":"https:\/\/api.w.org\/{rel}","templated":true}]}}