{"id":1455,"date":"2017-08-24T08:50:11","date_gmt":"2017-08-24T08:50:11","guid":{"rendered":"http:\/\/adventistoltenia.ro\/site\/?page_id=1455"},"modified":"2025-03-12T07:06:13","modified_gmt":"2025-03-12T07:06:13","slug":"educatie","status":"publish","type":"page","link":"https:\/\/adventistoltenia.ro\/site\/educatie\/","title":{"rendered":"Educa\u021bie"},"content":{"rendered":"<p><strong>Plec\u00e2ndu-se de la ideea pe care Sf\u00e2nta Scriptur\u0103 o afirm\u0103 privitor la nevoia fiec\u0103rei fiinte umane de a \u00eenv\u0103ta c\u00e2t mai mult cu privire la Dumnezeu, viat\u0103, societate, natur\u0103 si univers \u00een general , inc\u0103 de la \u00eenceputurile sale, Biserica Adventist\u0103 de Ziua a Saptea a considerat educatia ca un element important al misiunii sale crestine.<\/strong><\/p>\n<p>Adventistii consider\u0103 c\u0103 educatia are de a face nu doar cu acumularea de cunostinte pentru o profesie sau cu preg\u0103tirea pentru viat\u0103 \u00een general ci are de a face cu preg\u0103tirea pentru vesnicie. fiind vazuta at\u00e2t ca o datorie fat\u0103 de membrii ei c\u00e2t si fat\u0103 de \u00eentreaga societate. \u015ecolile adventiste urm\u0103resc s\u0103 ating\u0103 obiectivele de consacrare spiritual\u0103, con\u015ftiin\u0163\u0103 de sine, integrare social\u0103, responsabilitate civic\u0103, misiune \u015fi slujire mondial\u0103, bun\u0103stare economic\u0103 prin munc\u0103 de calitate, toate acestea av\u00e2ndu-L pe Hristos \u00een centru.<\/p>\n<p>Biserica conduce propriile \u015fcoli, de la gr\u0103dini\u0163\u0103 p\u00e2n\u0103 la universitate, cu scopul de a transmite copiilor propriile ei idealuri, credin\u0163e, atitudini, valori, deprinderi, obiceiuri. \u015ecolile din afara bisericii caut\u0103 s\u0103 formeze cet\u0103\u0163eni patrio\u0163i, supu\u015fi legilor, \u015fi s\u0103 transmit\u0103 anumite valori. Pe l\u00e2ng\u0103 acestea, \u015fcolile adventiste urm\u0103resc formarea unor cre\u015ftini adventi\u015fti de ziua a \u015faptea loiali \u015fi con\u015ftiincio\u015fi. Sursa, mijloacele \u015fi scopul educa\u0163iei adventiste de ziua a \u015faptea sunt: o adev\u0103rat\u0103 cunoa\u015ftere a lui Dumnezeu, p\u0103rt\u0103\u015fia cu El \u00een studiu \u015fi slujire, asem\u0103narea cu El \u00een caracter.<\/p>\n<p>Pornind de la aceste considerente, <strong>Biserica Adventist\u0103 a dezvoltat o retea de institutii de \u00eenv\u0103t\u0103m\u00e2nt \u00een toate t\u0103rile unde activeaz\u0103 in prezent operand un num\u0103r de peste 7.000 de scoli, colegii si universit\u0103ti \u00een care lucreaz\u0103 peste 69.000 de profesori cu un num\u0103r de aproximativ 1.500.000 de elevi si studenti.<\/strong><\/p>\n<p>Dup\u0103 1989, Biserica Adventist\u0103 din Rom\u00e2nia a \u00eenceput s\u0103 dezvolte o retea de institutii de educatie adventist\u0103. Astfel, Seminarul Teologic Adventist a fost transformat \u00een Institut Teologic si a fost construit un campus universitar la Cernica dotat la standarde europene. \u00cen 1992-1993 au fost \u00eenfiintate licee teologice adventiste la Cluj Napoca, Bucuresti si Craiova, scoli care si-au c\u00e2stigat repede un prestigiu bine meritat astfel \u00eenc\u00e2t ast\u0103zi concurenta la admitere este foarte mare.<\/p>\n<p>\u00cen 1991, la Br\u0103ila, a fost \u00eenfiintat\u0103 o scoal\u0103 postliceal\u0103 sanitar\u0103 care a format p\u00e2n\u0103 ast\u0103zi peste 1.000 de absolventi, calitatea educatiei primite si dedicarea lor facandu-i foarte apreciati at\u00e2t \u00een tar\u0103 c\u00e2t si \u00een str\u0103in\u0103tate.<br \/>\nLa \u00eenceput timid dar mai apoi cu mai mult curaj au fost \u00eenfiintate c\u00e2teva gr\u0103dinite, cea mai veche dintre ele fiind cea a Bisericii Popa Tatu din Bucuresti. La 31 octombrie 2007 functionau 37 de gr\u0103dinite adventiste r\u0103sp\u00e2ndite peste tot \u00een tar\u0103, de la S\u0103p\u00e2nta la Constanta si de la Iasi la Timisioara.<\/p>\n<p>Sunt acreditate de asemenea cinci scoli elementare, cea mai mare dintre ele \u2013Scoala Mihai Ionescu \u2013 function\u00e2nd chiar \u00een centrul Capitalei si atr\u0103g\u00e2nd anual un num\u0103r record de copii. Din cauza cererii foarte mari \u00eenscrierile au \u00eenceput s\u0103 fie f\u0103cute cu un an \u00eenainte.<\/p>\n<p>De-a lungul anilor au mai fost \u00eenfiintate si alte scoli adventiste unele dintre ele av\u00e2nd ciclu complet de \u00eenv\u0103t\u0103m\u00e2nt de la gr\u0103dinit\u0103 p\u00e2n\u0103 la clasa a dou\u0103sprezecea. La T\u00e2rgu Mures a fost construit\u0103 una dintre cele mai frumoase scoli din tar\u0103, dotat\u0103 cu tot ce si-ar dori un p\u0103rinte pentru copilul s\u0103u.<\/p>\n<p>O scoal\u0103 interesant\u0103 functioneaz\u0103 \u00eentr-un sat din judetul Mures, la C\u00e2mpenita. Beneficiind de o constructie nou\u0103, dotat\u0103 cu tot necesarul derul\u0103rii unui proces educativ de calitate, aceast\u0103 scoal\u0103, care vara aceasta a obtinut acreditarea si pentru ciclul liceal, beneficiaz\u0103 de o echip\u0103 de profesori profund dedicati principiilor adventiste ale educatiei si care se str\u0103duiesc s\u0103-i preg\u0103teasc\u0103 c\u00e2t mai bine pe elevi pentru societate dar si pentru viata vesnic\u0103.<\/p>\n<p>La Comitetul Executiv al Uniunii de Conferinte din 22 noiembrie 2007 a fost adoptat\u0103 o Strategie national\u0103 a educatiei adventiste pentru perioada 2007-2015 \u00een care se prevede extinderea accelerat\u0103 a retelei de institutii adventiste de educatie \u00een functie de nevoile diferitelor regiuni ale t\u0103rii si tin\u00e2nd cont de potentialul si interesul manifestat de diferitele biserici adventiste locale.<\/p>\n<p>\u00cen prezent a fost autorizat\u0103 de c\u0103tre ARACIS \u015fi specializarea Limba si literatura rom\u00e2n\u0103 \u2013 Limba si literatura englez\u0103 si este depus\u0103 documentatia pentru specializarea Pedagogia \u00eenv\u0103t\u0103m\u00e2ntului primar si prescolar hot\u0103randu-se de asemenea extinderea specializ\u0103rilor oferite de Institutul Teologic Adventist astfel \u00eenc\u00e2t nevoile tinerilor din biseric\u0103, dar nu numai, s\u0103 fie satisf\u0103cute.<\/p>\n<p>Considerand c\u0103 educatia este o parte extrem de important\u0103 a misiunii sale ca biseric\u0103 crestin\u0103 si avand ca fundament biblic cuvintele spuse de M\u00e2ntuitorul \u00een Evanghelia dup\u0103 Matei 28,19.20 \u201dDuceti-v\u0103 si faceti ucenici \u2026si \u00eenv\u0103tati-i\u2026\u201d, Biserica Adventist\u0103 din Rom\u00e2nia crede c\u0103 nu poate oferi un mai mare ajutor societ\u0103tii dec\u00e2t educ\u00e2nd copiii \u00een spiritul moralei crestine, ajut\u00e2ndu-i s\u0103\u2013si \u00eensuseasc\u0103 valorile biblice \u2013 cinstea, corectitudinea, solidaritatea, libertatea de constiint\u0103, generozitatea \u2013 si preg\u0103tindu-i astfel pentru a fi oameni de valoare ai comunit\u0103tii si cet\u0103teni ai \u00cemp\u0103r\u0103tiei lui Dumnezeu.<\/p>\n ","protected":false},"excerpt":{"rendered":"<p>Plec\u00e2ndu-se de la ideea pe care Sf\u00e2nta Scriptur\u0103 o afirm\u0103 privitor la nevoia fiec\u0103rei fiinte umane de a \u00eenv\u0103ta c\u00e2t mai mult cu privire la Dumnezeu, viat\u0103, societate, natur\u0103 si univers \u00een general , inc\u0103 de la \u00eenceputurile sale, Biserica Adventist\u0103 de Ziua a Saptea a considerat educatia ca un element important al misiunii sale &hellip; <a href=\"https:\/\/adventistoltenia.ro\/site\/educatie\/\">Continued<\/a><\/p>\n","protected":false},"author":4,"featured_media":0,"parent":0,"menu_order":0,"comment_status":"closed","ping_status":"closed","template":"","meta":[],"yoast_head":"<!-- This site is optimized with the Yoast SEO plugin v20.3 - https:\/\/yoast.com\/wordpress\/plugins\/seo\/ -->\n<title>Educa\u021bie - Conferinta Oltenia<\/title>\n<meta name=\"robots\" content=\"index, follow, max-snippet:-1, max-image-preview:large, max-video-preview:-1\" \/>\n<link rel=\"canonical\" href=\"https:\/\/adventistoltenia.ro\/site\/educatie\/\" \/>\n<meta property=\"og:locale\" content=\"en_US\" \/>\n<meta property=\"og:type\" content=\"article\" \/>\n<meta property=\"og:title\" content=\"Educa\u021bie - Conferinta Oltenia\" \/>\n<meta property=\"og:description\" content=\"Plec\u00e2ndu-se de la ideea pe care Sf\u00e2nta Scriptur\u0103 o afirm\u0103 privitor la nevoia fiec\u0103rei fiinte umane de a \u00eenv\u0103ta c\u00e2t mai mult cu privire la Dumnezeu, viat\u0103, societate, natur\u0103 si univers \u00een general , inc\u0103 de la \u00eenceputurile sale, Biserica Adventist\u0103 de Ziua a Saptea a considerat educatia ca un element important al misiunii sale &hellip; Continued\" \/>\n<meta property=\"og:url\" content=\"https:\/\/adventistoltenia.ro\/site\/educatie\/\" \/>\n<meta property=\"og:site_name\" content=\"Conferinta Oltenia\" \/>\n<meta property=\"article:modified_time\" content=\"2025-03-12T07:06:13+00:00\" \/>\n<meta name=\"twitter:card\" content=\"summary_large_image\" \/>\n<meta name=\"twitter:label1\" content=\"Est. reading time\" \/>\n\t<meta name=\"twitter:data1\" content=\"4 minutes\" \/>\n<script type=\"application\/ld+json\" class=\"yoast-schema-graph\">{\"@context\":\"https:\/\/schema.org\",\"@graph\":[{\"@type\":\"WebPage\",\"@id\":\"https:\/\/adventistoltenia.ro\/site\/educatie\/\",\"url\":\"https:\/\/adventistoltenia.ro\/site\/educatie\/\",\"name\":\"Educa\u021bie - Conferinta Oltenia\",\"isPartOf\":{\"@id\":\"https:\/\/adventistoltenia.ro\/site\/#website\"},\"datePublished\":\"2017-08-24T08:50:11+00:00\",\"dateModified\":\"2025-03-12T07:06:13+00:00\",\"breadcrumb\":{\"@id\":\"https:\/\/adventistoltenia.ro\/site\/educatie\/#breadcrumb\"},\"inLanguage\":\"en-US\",\"potentialAction\":[{\"@type\":\"ReadAction\",\"target\":[\"https:\/\/adventistoltenia.ro\/site\/educatie\/\"]}]},{\"@type\":\"BreadcrumbList\",\"@id\":\"https:\/\/adventistoltenia.ro\/site\/educatie\/#breadcrumb\",\"itemListElement\":[{\"@type\":\"ListItem\",\"position\":1,\"name\":\"Home\",\"item\":\"https:\/\/adventistoltenia.ro\/site\/\"},{\"@type\":\"ListItem\",\"position\":2,\"name\":\"Educa\u021bie\"}]},{\"@type\":\"WebSite\",\"@id\":\"https:\/\/adventistoltenia.ro\/site\/#website\",\"url\":\"https:\/\/adventistoltenia.ro\/site\/\",\"name\":\"Conferinta Oltenia\",\"description\":\"Biserica Adventista de Ziua a Saptea\",\"potentialAction\":[{\"@type\":\"SearchAction\",\"target\":{\"@type\":\"EntryPoint\",\"urlTemplate\":\"https:\/\/adventistoltenia.ro\/site\/?s={search_term_string}\"},\"query-input\":\"required name=search_term_string\"}],\"inLanguage\":\"en-US\"}]}<\/script>\n<!-- \/ Yoast SEO plugin. -->","yoast_head_json":{"title":"Educa\u021bie - Conferinta Oltenia","robots":{"index":"index","follow":"follow","max-snippet":"max-snippet:-1","max-image-preview":"max-image-preview:large","max-video-preview":"max-video-preview:-1"},"canonical":"https:\/\/adventistoltenia.ro\/site\/educatie\/","og_locale":"en_US","og_type":"article","og_title":"Educa\u021bie - Conferinta Oltenia","og_description":"Plec\u00e2ndu-se de la ideea pe care Sf\u00e2nta Scriptur\u0103 o afirm\u0103 privitor la nevoia fiec\u0103rei fiinte umane de a \u00eenv\u0103ta c\u00e2t mai mult cu privire la Dumnezeu, viat\u0103, societate, natur\u0103 si univers \u00een general , inc\u0103 de la \u00eenceputurile sale, Biserica Adventist\u0103 de Ziua a Saptea a considerat educatia ca un element important al misiunii sale &hellip; Continued","og_url":"https:\/\/adventistoltenia.ro\/site\/educatie\/","og_site_name":"Conferinta Oltenia","article_modified_time":"2025-03-12T07:06:13+00:00","twitter_card":"summary_large_image","twitter_misc":{"Est. reading time":"4 minutes"},"schema":{"@context":"https:\/\/schema.org","@graph":[{"@type":"WebPage","@id":"https:\/\/adventistoltenia.ro\/site\/educatie\/","url":"https:\/\/adventistoltenia.ro\/site\/educatie\/","name":"Educa\u021bie - Conferinta Oltenia","isPartOf":{"@id":"https:\/\/adventistoltenia.ro\/site\/#website"},"datePublished":"2017-08-24T08:50:11+00:00","dateModified":"2025-03-12T07:06:13+00:00","breadcrumb":{"@id":"https:\/\/adventistoltenia.ro\/site\/educatie\/#breadcrumb"},"inLanguage":"en-US","potentialAction":[{"@type":"ReadAction","target":["https:\/\/adventistoltenia.ro\/site\/educatie\/"]}]},{"@type":"BreadcrumbList","@id":"https:\/\/adventistoltenia.ro\/site\/educatie\/#breadcrumb","itemListElement":[{"@type":"ListItem","position":1,"name":"Home","item":"https:\/\/adventistoltenia.ro\/site\/"},{"@type":"ListItem","position":2,"name":"Educa\u021bie"}]},{"@type":"WebSite","@id":"https:\/\/adventistoltenia.ro\/site\/#website","url":"https:\/\/adventistoltenia.ro\/site\/","name":"Conferinta Oltenia","description":"Biserica Adventista de Ziua a Saptea","potentialAction":[{"@type":"SearchAction","target":{"@type":"EntryPoint","urlTemplate":"https:\/\/adventistoltenia.ro\/site\/?s={search_term_string}"},"query-input":"required name=search_term_string"}],"inLanguage":"en-US"}]}},"_links":{"self":[{"href":"https:\/\/adventistoltenia.ro\/site\/wp-json\/wp\/v2\/pages\/1455"}],"collection":[{"href":"https:\/\/adventistoltenia.ro\/site\/wp-json\/wp\/v2\/pages"}],"about":[{"href":"https:\/\/adventistoltenia.ro\/site\/wp-json\/wp\/v2\/types\/page"}],"author":[{"embeddable":true,"href":"https:\/\/adventistoltenia.ro\/site\/wp-json\/wp\/v2\/users\/4"}],"replies":[{"embeddable":true,"href":"https:\/\/adventistoltenia.ro\/site\/wp-json\/wp\/v2\/comments?post=1455"}],"version-history":[{"count":3,"href":"https:\/\/adventistoltenia.ro\/site\/wp-json\/wp\/v2\/pages\/1455\/revisions"}],"predecessor-version":[{"id":3690,"href":"https:\/\/adventistoltenia.ro\/site\/wp-json\/wp\/v2\/pages\/1455\/revisions\/3690"}],"wp:attachment":[{"href":"https:\/\/adventistoltenia.ro\/site\/wp-json\/wp\/v2\/media?parent=1455"}],"curies":[{"name":"wp","href":"https:\/\/api.w.org\/{rel}","templated":true}]}}