{"id":1460,"date":"2017-08-24T08:52:56","date_gmt":"2017-08-24T08:52:56","guid":{"rendered":"http:\/\/adventistoltenia.ro\/site\/?page_id=1460"},"modified":"2025-03-12T07:02:44","modified_gmt":"2025-03-12T07:02:44","slug":"comunicare","status":"publish","type":"page","link":"https:\/\/adventistoltenia.ro\/site\/comunicare\/","title":{"rendered":"Comunicare"},"content":{"rendered":"<p>Viziunea Departamentului de Comunicare este s\u0103 comunice o imagine autentic\u0103 a Bisericii Adventiste de Ziua a \u015eaptea, a \u00eenv\u0103\u0163\u0103turilor \u015fi valorilor pe care le promoveaz\u0103 aceasta, prin metode adecvate unei societ\u0103\u0163i \u00een continu\u0103 schimbare.<\/p>\n<p>Actul comunic\u0103rii presupune o dimensiune interioar\u0103 ce articuleaz\u0103 speran\u0163a cre\u015ftin\u0103 de filosofia \u015fi misiunea adventi\u015ftilor de ziua a \u015faptea \u015fi une\u015fte \u00een scop \u015fi practic\u0103 credincio\u015fii \u00een interiorul comunit\u0103\u0163ii de credin\u0163\u0103. Pe de alt\u0103 parte, comunicare extern\u0103 are \u00een vedere folosirea tuturor mijloacelor prin care valori promovate de biseric\u0103 s\u0103 poat\u0103 fi relevante \u015fi s\u0103 contribuie la bun\u0103starea societ\u0103\u0163ii \u00een ansamblu. Credem aceasta deoarece biserica \u00ee\u015fi va fi \u00eendeplinit mandatul c\u00e2nd va solidariza cu Dumnezeu \u015fi va urma apelul \u201cVoi sunte\u0163i lumina lumii\u201d.<\/p>\n<p>\u00cen contextul acestui deziderat, biserica\u00a0 folose\u015fte mijloace din domeniul media, <strong>Speran\u0163a Tv<\/strong>\u00a0\u0219i <strong>Radio Vocea Speran\u0163ei<\/strong>, instrumente web \u015fi materiale tip\u0103rite ca parte a demersului s\u0103u pentru lume.<\/p>\n<h3>\u00cen acest sens Departamentul de comunicare:<\/h3>\n<ul>\n<li>Ini\u0163iaz\u0103, cultiv\u0103 \u015fi \u00eentre\u0163ine rela\u0163ii s\u0103n\u0103toase cu membrii sau persoanele interesate \u00een mod special, sau ocazional, de activit\u0103\u0163ile Bisericii Adventiste, organiza\u0163ii \u015fi persoane publice \u015fi private care pot avea un impact asupra activit\u0103\u0163ilor desf\u0103\u015furate sau care pot dezvolta \u00een parteneriat cu Biserica Adventista de Ziua a \u015eaptea proiecte benefice societ\u0103\u0163ii;<\/li>\n<li>Furnizeaz\u0103 \u015fi disemineaz\u0103 \u015ftiri \u015fi informa\u0163ii actuale \u00een interiorul \u015fi exteriorul organiza\u0163iei Bisericii cu privire la activit\u0103\u0163ile\u00a0 acesteia \u00een diverse domenii: s\u0103n\u0103tate, educa\u0163ie, cultur\u0103, libertate religioas\u0103, misiune etc. prin Agen\u0163ia Adventist\u0103\u00a0 Rom\u00e2n\u0103 de Comunicare (ADRA);<\/li>\n<li>Prezint\u0103 pozi\u0163ii oficiale cu privire la anumite evenimente sau problematici care afecteaz\u0103 activitatea Bisericii sau cu privire la tendin\u0163e ale societ\u0103\u0163ii \u015fi colaboreaz\u0103 cu institu\u0163iile de pres\u0103 laice sau religioase pentru a asigura o prezentare corect\u0103 \u015fi obiectiv\u0103 a evenimentelor, persoanelor sau institu\u0163iilor eviden\u0163iate cu anumite ocazii;<\/li>\n<li>Realizeaz\u0103 parteneriate cu institu\u0163ii de pres\u0103, medicale, de cultur\u0103 \u015fi de educa\u0163ie pentru proiecte cu impact major asupra societ\u0103\u0163ii;<\/li>\n<li>Asist\u0103 din punct de vedere al comunic\u0103rii la realizarea materialelor \u015fi a evenimentelor de prezentare a activit\u0103\u0163ilor sau a \u00eenv\u0103\u0163\u0103turilor Bisericii Adventiste de Ziua a \u015eaptea;<\/li>\n<\/ul>\n ","protected":false},"excerpt":{"rendered":"<p>Viziunea Departamentului de Comunicare este s\u0103 comunice o imagine autentic\u0103 a Bisericii Adventiste de Ziua a \u015eaptea, a \u00eenv\u0103\u0163\u0103turilor \u015fi valorilor pe care le promoveaz\u0103 aceasta, prin metode adecvate unei societ\u0103\u0163i \u00een continu\u0103 schimbare. Actul comunic\u0103rii presupune o dimensiune interioar\u0103 ce articuleaz\u0103 speran\u0163a cre\u015ftin\u0103 de filosofia \u015fi misiunea adventi\u015ftilor de ziua a \u015faptea \u015fi une\u015fte &hellip; <a href=\"https:\/\/adventistoltenia.ro\/site\/comunicare\/\">Continued<\/a><\/p>\n","protected":false},"author":4,"featured_media":0,"parent":0,"menu_order":0,"comment_status":"closed","ping_status":"closed","template":"","meta":[],"yoast_head":"<!-- This site is optimized with the Yoast SEO plugin v20.3 - https:\/\/yoast.com\/wordpress\/plugins\/seo\/ -->\n<title>Comunicare - Conferinta Oltenia<\/title>\n<meta name=\"robots\" content=\"index, follow, max-snippet:-1, max-image-preview:large, max-video-preview:-1\" \/>\n<link rel=\"canonical\" href=\"https:\/\/adventistoltenia.ro\/site\/comunicare\/\" \/>\n<meta property=\"og:locale\" content=\"en_US\" \/>\n<meta property=\"og:type\" content=\"article\" \/>\n<meta property=\"og:title\" content=\"Comunicare - Conferinta Oltenia\" \/>\n<meta property=\"og:description\" content=\"Viziunea Departamentului de Comunicare este s\u0103 comunice o imagine autentic\u0103 a Bisericii Adventiste de Ziua a \u015eaptea, a \u00eenv\u0103\u0163\u0103turilor \u015fi valorilor pe care le promoveaz\u0103 aceasta, prin metode adecvate unei societ\u0103\u0163i \u00een continu\u0103 schimbare. Actul comunic\u0103rii presupune o dimensiune interioar\u0103 ce articuleaz\u0103 speran\u0163a cre\u015ftin\u0103 de filosofia \u015fi misiunea adventi\u015ftilor de ziua a \u015faptea \u015fi une\u015fte &hellip; Continued\" \/>\n<meta property=\"og:url\" content=\"https:\/\/adventistoltenia.ro\/site\/comunicare\/\" \/>\n<meta property=\"og:site_name\" content=\"Conferinta Oltenia\" \/>\n<meta property=\"article:modified_time\" content=\"2025-03-12T07:02:44+00:00\" \/>\n<meta name=\"twitter:card\" content=\"summary_large_image\" \/>\n<meta name=\"twitter:label1\" content=\"Est. reading time\" \/>\n\t<meta name=\"twitter:data1\" content=\"2 minutes\" \/>\n<script type=\"application\/ld+json\" class=\"yoast-schema-graph\">{\"@context\":\"https:\/\/schema.org\",\"@graph\":[{\"@type\":\"WebPage\",\"@id\":\"https:\/\/adventistoltenia.ro\/site\/comunicare\/\",\"url\":\"https:\/\/adventistoltenia.ro\/site\/comunicare\/\",\"name\":\"Comunicare - Conferinta Oltenia\",\"isPartOf\":{\"@id\":\"https:\/\/adventistoltenia.ro\/site\/#website\"},\"datePublished\":\"2017-08-24T08:52:56+00:00\",\"dateModified\":\"2025-03-12T07:02:44+00:00\",\"breadcrumb\":{\"@id\":\"https:\/\/adventistoltenia.ro\/site\/comunicare\/#breadcrumb\"},\"inLanguage\":\"en-US\",\"potentialAction\":[{\"@type\":\"ReadAction\",\"target\":[\"https:\/\/adventistoltenia.ro\/site\/comunicare\/\"]}]},{\"@type\":\"BreadcrumbList\",\"@id\":\"https:\/\/adventistoltenia.ro\/site\/comunicare\/#breadcrumb\",\"itemListElement\":[{\"@type\":\"ListItem\",\"position\":1,\"name\":\"Home\",\"item\":\"https:\/\/adventistoltenia.ro\/site\/\"},{\"@type\":\"ListItem\",\"position\":2,\"name\":\"Comunicare\"}]},{\"@type\":\"WebSite\",\"@id\":\"https:\/\/adventistoltenia.ro\/site\/#website\",\"url\":\"https:\/\/adventistoltenia.ro\/site\/\",\"name\":\"Conferinta Oltenia\",\"description\":\"Biserica Adventista de Ziua a Saptea\",\"potentialAction\":[{\"@type\":\"SearchAction\",\"target\":{\"@type\":\"EntryPoint\",\"urlTemplate\":\"https:\/\/adventistoltenia.ro\/site\/?s={search_term_string}\"},\"query-input\":\"required name=search_term_string\"}],\"inLanguage\":\"en-US\"}]}<\/script>\n<!-- \/ Yoast SEO plugin. -->","yoast_head_json":{"title":"Comunicare - Conferinta Oltenia","robots":{"index":"index","follow":"follow","max-snippet":"max-snippet:-1","max-image-preview":"max-image-preview:large","max-video-preview":"max-video-preview:-1"},"canonical":"https:\/\/adventistoltenia.ro\/site\/comunicare\/","og_locale":"en_US","og_type":"article","og_title":"Comunicare - Conferinta Oltenia","og_description":"Viziunea Departamentului de Comunicare este s\u0103 comunice o imagine autentic\u0103 a Bisericii Adventiste de Ziua a \u015eaptea, a \u00eenv\u0103\u0163\u0103turilor \u015fi valorilor pe care le promoveaz\u0103 aceasta, prin metode adecvate unei societ\u0103\u0163i \u00een continu\u0103 schimbare. Actul comunic\u0103rii presupune o dimensiune interioar\u0103 ce articuleaz\u0103 speran\u0163a cre\u015ftin\u0103 de filosofia \u015fi misiunea adventi\u015ftilor de ziua a \u015faptea \u015fi une\u015fte &hellip; Continued","og_url":"https:\/\/adventistoltenia.ro\/site\/comunicare\/","og_site_name":"Conferinta Oltenia","article_modified_time":"2025-03-12T07:02:44+00:00","twitter_card":"summary_large_image","twitter_misc":{"Est. reading time":"2 minutes"},"schema":{"@context":"https:\/\/schema.org","@graph":[{"@type":"WebPage","@id":"https:\/\/adventistoltenia.ro\/site\/comunicare\/","url":"https:\/\/adventistoltenia.ro\/site\/comunicare\/","name":"Comunicare - Conferinta Oltenia","isPartOf":{"@id":"https:\/\/adventistoltenia.ro\/site\/#website"},"datePublished":"2017-08-24T08:52:56+00:00","dateModified":"2025-03-12T07:02:44+00:00","breadcrumb":{"@id":"https:\/\/adventistoltenia.ro\/site\/comunicare\/#breadcrumb"},"inLanguage":"en-US","potentialAction":[{"@type":"ReadAction","target":["https:\/\/adventistoltenia.ro\/site\/comunicare\/"]}]},{"@type":"BreadcrumbList","@id":"https:\/\/adventistoltenia.ro\/site\/comunicare\/#breadcrumb","itemListElement":[{"@type":"ListItem","position":1,"name":"Home","item":"https:\/\/adventistoltenia.ro\/site\/"},{"@type":"ListItem","position":2,"name":"Comunicare"}]},{"@type":"WebSite","@id":"https:\/\/adventistoltenia.ro\/site\/#website","url":"https:\/\/adventistoltenia.ro\/site\/","name":"Conferinta Oltenia","description":"Biserica Adventista de Ziua a Saptea","potentialAction":[{"@type":"SearchAction","target":{"@type":"EntryPoint","urlTemplate":"https:\/\/adventistoltenia.ro\/site\/?s={search_term_string}"},"query-input":"required name=search_term_string"}],"inLanguage":"en-US"}]}},"_links":{"self":[{"href":"https:\/\/adventistoltenia.ro\/site\/wp-json\/wp\/v2\/pages\/1460"}],"collection":[{"href":"https:\/\/adventistoltenia.ro\/site\/wp-json\/wp\/v2\/pages"}],"about":[{"href":"https:\/\/adventistoltenia.ro\/site\/wp-json\/wp\/v2\/types\/page"}],"author":[{"embeddable":true,"href":"https:\/\/adventistoltenia.ro\/site\/wp-json\/wp\/v2\/users\/4"}],"replies":[{"embeddable":true,"href":"https:\/\/adventistoltenia.ro\/site\/wp-json\/wp\/v2\/comments?post=1460"}],"version-history":[{"count":2,"href":"https:\/\/adventistoltenia.ro\/site\/wp-json\/wp\/v2\/pages\/1460\/revisions"}],"predecessor-version":[{"id":3686,"href":"https:\/\/adventistoltenia.ro\/site\/wp-json\/wp\/v2\/pages\/1460\/revisions\/3686"}],"wp:attachment":[{"href":"https:\/\/adventistoltenia.ro\/site\/wp-json\/wp\/v2\/media?parent=1460"}],"curies":[{"name":"wp","href":"https:\/\/api.w.org\/{rel}","templated":true}]}}