{"id":1470,"date":"2017-08-24T08:57:30","date_gmt":"2017-08-24T08:57:30","guid":{"rendered":"http:\/\/adventistoltenia.ro\/site\/?page_id=1470"},"modified":"2025-03-12T07:13:38","modified_gmt":"2025-03-12T07:13:38","slug":"administrarea-crestina-a-vietii","status":"publish","type":"page","link":"https:\/\/adventistoltenia.ro\/site\/administrarea-crestina-a-vietii\/","title":{"rendered":"Administrarea Cre\u0219tin\u0103 a Vie\u021bii"},"content":{"rendered":"<p><strong>Departamentul Administrarea Cre\u015ftin\u0103 a Vie\u0163ii a fost organizat pentru sus\u0163inerea membrilor \u00een a deveni ispravnici adev\u0103ra\u0163i \u015fi pentru aplicarea planului lui Dumnezeu de d\u0103ruire sistematic\u0103 \u00een \u00eentreaga biseric\u0103.<\/strong><\/p>\n<p>Din moment ce responsabilitatea ispr\u0103vniciei presupune organizarea corect\u0103 a \u00eentregii vie\u0163i, conceptele ei \u00eencurajeaz\u0103 grija atent\u0103 fa\u0163\u0103 de templul trupului, buna folosire a timpului, a capacit\u0103\u0163ilor \u015fi mijloacelor materiale. Departamentul acord\u0103 asisten\u0163\u0103 \u00een planificarea \u015fi organizarea resurselor bisericii cu scopul unei lucr\u0103ri complete. Obiectivele ei spirituale \u015fi financiare sunt cuprinse \u00een urm\u0103toarea declara\u0163ie: \u201eAtunci c\u00e2nd ei se vor trezi \u015fi vor \u00een\u0103l\u0163a rug\u0103ciuni c\u0103tre Dumnezeu, c\u00e2nd vor depune toate energiile \u015fi mijloacele lor la picioarele lui Isus, cauza adev\u0103rului va triumfa\u201d. (M\u0103rturii, vol. 4, pag. 475)<\/p>\n<p>Responsabilul Departamentului Administrarea Cre\u015ftin\u0103 a Vie\u0163ii este ales de Biseric\u0103 pe baza capacit\u0103\u0163ii de a pune \u00een aplicare ideile \u015fi obiectivele trasate de Departamentul Administrarea Cre\u015ftin\u0103 a Vie\u0163ii \u015fi trebuie s\u0103 aib\u0103 urm\u0103toarele calit\u0103\u0163i:<\/p>\n<ol>\n<li>s\u0103 fie un conduc\u0103tor spiritual,<\/li>\n<li>s\u0103 practice principiile administr\u0103rii cre\u015ftine a vie\u0163ii,<\/li>\n<li>s\u0103 aib\u0103 o bun\u0103 \u00een\u0163elegere cu privire la programul spiritual \u015fi financiar al bisericii,<\/li>\n<li>s\u0103 fie dispus s\u0103 consacre timpul necesar planific\u0103rii, organiz\u0103rii \u015fi conducerii \u00een domeniile de responsabilitate.<\/li>\n<\/ol>\n ","protected":false},"excerpt":{"rendered":"<p>Departamentul Administrarea Cre\u015ftin\u0103 a Vie\u0163ii a fost organizat pentru sus\u0163inerea membrilor \u00een a deveni ispravnici adev\u0103ra\u0163i \u015fi pentru aplicarea planului lui Dumnezeu de d\u0103ruire sistematic\u0103 \u00een \u00eentreaga biseric\u0103. Din moment ce responsabilitatea ispr\u0103vniciei presupune organizarea corect\u0103 a \u00eentregii vie\u0163i, conceptele ei \u00eencurajeaz\u0103 grija atent\u0103 fa\u0163\u0103 de templul trupului, buna folosire a timpului, a capacit\u0103\u0163ilor \u015fi &hellip; <a href=\"https:\/\/adventistoltenia.ro\/site\/administrarea-crestina-a-vietii\/\">Continued<\/a><\/p>\n","protected":false},"author":4,"featured_media":0,"parent":0,"menu_order":0,"comment_status":"closed","ping_status":"closed","template":"","meta":[],"yoast_head":"<!-- This site is optimized with the Yoast SEO plugin v20.3 - https:\/\/yoast.com\/wordpress\/plugins\/seo\/ -->\n<title>Administrarea Cre\u0219tin\u0103 a Vie\u021bii - Conferinta Oltenia<\/title>\n<meta name=\"robots\" content=\"index, follow, max-snippet:-1, max-image-preview:large, max-video-preview:-1\" \/>\n<link rel=\"canonical\" href=\"https:\/\/adventistoltenia.ro\/site\/administrarea-crestina-a-vietii\/\" \/>\n<meta property=\"og:locale\" content=\"en_US\" \/>\n<meta property=\"og:type\" content=\"article\" \/>\n<meta property=\"og:title\" content=\"Administrarea Cre\u0219tin\u0103 a Vie\u021bii - Conferinta Oltenia\" \/>\n<meta property=\"og:description\" content=\"Departamentul Administrarea Cre\u015ftin\u0103 a Vie\u0163ii a fost organizat pentru sus\u0163inerea membrilor \u00een a deveni ispravnici adev\u0103ra\u0163i \u015fi pentru aplicarea planului lui Dumnezeu de d\u0103ruire sistematic\u0103 \u00een \u00eentreaga biseric\u0103. Din moment ce responsabilitatea ispr\u0103vniciei presupune organizarea corect\u0103 a \u00eentregii vie\u0163i, conceptele ei \u00eencurajeaz\u0103 grija atent\u0103 fa\u0163\u0103 de templul trupului, buna folosire a timpului, a capacit\u0103\u0163ilor \u015fi &hellip; Continued\" \/>\n<meta property=\"og:url\" content=\"https:\/\/adventistoltenia.ro\/site\/administrarea-crestina-a-vietii\/\" \/>\n<meta property=\"og:site_name\" content=\"Conferinta Oltenia\" \/>\n<meta property=\"article:modified_time\" content=\"2025-03-12T07:13:38+00:00\" \/>\n<meta name=\"twitter:card\" content=\"summary_large_image\" \/>\n<meta name=\"twitter:label1\" content=\"Est. reading time\" \/>\n\t<meta name=\"twitter:data1\" content=\"1 minute\" \/>\n<script type=\"application\/ld+json\" class=\"yoast-schema-graph\">{\"@context\":\"https:\/\/schema.org\",\"@graph\":[{\"@type\":\"WebPage\",\"@id\":\"https:\/\/adventistoltenia.ro\/site\/administrarea-crestina-a-vietii\/\",\"url\":\"https:\/\/adventistoltenia.ro\/site\/administrarea-crestina-a-vietii\/\",\"name\":\"Administrarea Cre\u0219tin\u0103 a Vie\u021bii - Conferinta Oltenia\",\"isPartOf\":{\"@id\":\"https:\/\/adventistoltenia.ro\/site\/#website\"},\"datePublished\":\"2017-08-24T08:57:30+00:00\",\"dateModified\":\"2025-03-12T07:13:38+00:00\",\"breadcrumb\":{\"@id\":\"https:\/\/adventistoltenia.ro\/site\/administrarea-crestina-a-vietii\/#breadcrumb\"},\"inLanguage\":\"en-US\",\"potentialAction\":[{\"@type\":\"ReadAction\",\"target\":[\"https:\/\/adventistoltenia.ro\/site\/administrarea-crestina-a-vietii\/\"]}]},{\"@type\":\"BreadcrumbList\",\"@id\":\"https:\/\/adventistoltenia.ro\/site\/administrarea-crestina-a-vietii\/#breadcrumb\",\"itemListElement\":[{\"@type\":\"ListItem\",\"position\":1,\"name\":\"Home\",\"item\":\"https:\/\/adventistoltenia.ro\/site\/\"},{\"@type\":\"ListItem\",\"position\":2,\"name\":\"Administrarea Cre\u0219tin\u0103 a Vie\u021bii\"}]},{\"@type\":\"WebSite\",\"@id\":\"https:\/\/adventistoltenia.ro\/site\/#website\",\"url\":\"https:\/\/adventistoltenia.ro\/site\/\",\"name\":\"Conferinta Oltenia\",\"description\":\"Biserica Adventista de Ziua a Saptea\",\"potentialAction\":[{\"@type\":\"SearchAction\",\"target\":{\"@type\":\"EntryPoint\",\"urlTemplate\":\"https:\/\/adventistoltenia.ro\/site\/?s={search_term_string}\"},\"query-input\":\"required name=search_term_string\"}],\"inLanguage\":\"en-US\"}]}<\/script>\n<!-- \/ Yoast SEO plugin. -->","yoast_head_json":{"title":"Administrarea Cre\u0219tin\u0103 a Vie\u021bii - Conferinta Oltenia","robots":{"index":"index","follow":"follow","max-snippet":"max-snippet:-1","max-image-preview":"max-image-preview:large","max-video-preview":"max-video-preview:-1"},"canonical":"https:\/\/adventistoltenia.ro\/site\/administrarea-crestina-a-vietii\/","og_locale":"en_US","og_type":"article","og_title":"Administrarea Cre\u0219tin\u0103 a Vie\u021bii - Conferinta Oltenia","og_description":"Departamentul Administrarea Cre\u015ftin\u0103 a Vie\u0163ii a fost organizat pentru sus\u0163inerea membrilor \u00een a deveni ispravnici adev\u0103ra\u0163i \u015fi pentru aplicarea planului lui Dumnezeu de d\u0103ruire sistematic\u0103 \u00een \u00eentreaga biseric\u0103. Din moment ce responsabilitatea ispr\u0103vniciei presupune organizarea corect\u0103 a \u00eentregii vie\u0163i, conceptele ei \u00eencurajeaz\u0103 grija atent\u0103 fa\u0163\u0103 de templul trupului, buna folosire a timpului, a capacit\u0103\u0163ilor \u015fi &hellip; Continued","og_url":"https:\/\/adventistoltenia.ro\/site\/administrarea-crestina-a-vietii\/","og_site_name":"Conferinta Oltenia","article_modified_time":"2025-03-12T07:13:38+00:00","twitter_card":"summary_large_image","twitter_misc":{"Est. reading time":"1 minute"},"schema":{"@context":"https:\/\/schema.org","@graph":[{"@type":"WebPage","@id":"https:\/\/adventistoltenia.ro\/site\/administrarea-crestina-a-vietii\/","url":"https:\/\/adventistoltenia.ro\/site\/administrarea-crestina-a-vietii\/","name":"Administrarea Cre\u0219tin\u0103 a Vie\u021bii - Conferinta Oltenia","isPartOf":{"@id":"https:\/\/adventistoltenia.ro\/site\/#website"},"datePublished":"2017-08-24T08:57:30+00:00","dateModified":"2025-03-12T07:13:38+00:00","breadcrumb":{"@id":"https:\/\/adventistoltenia.ro\/site\/administrarea-crestina-a-vietii\/#breadcrumb"},"inLanguage":"en-US","potentialAction":[{"@type":"ReadAction","target":["https:\/\/adventistoltenia.ro\/site\/administrarea-crestina-a-vietii\/"]}]},{"@type":"BreadcrumbList","@id":"https:\/\/adventistoltenia.ro\/site\/administrarea-crestina-a-vietii\/#breadcrumb","itemListElement":[{"@type":"ListItem","position":1,"name":"Home","item":"https:\/\/adventistoltenia.ro\/site\/"},{"@type":"ListItem","position":2,"name":"Administrarea Cre\u0219tin\u0103 a Vie\u021bii"}]},{"@type":"WebSite","@id":"https:\/\/adventistoltenia.ro\/site\/#website","url":"https:\/\/adventistoltenia.ro\/site\/","name":"Conferinta Oltenia","description":"Biserica Adventista de Ziua a Saptea","potentialAction":[{"@type":"SearchAction","target":{"@type":"EntryPoint","urlTemplate":"https:\/\/adventistoltenia.ro\/site\/?s={search_term_string}"},"query-input":"required name=search_term_string"}],"inLanguage":"en-US"}]}},"_links":{"self":[{"href":"https:\/\/adventistoltenia.ro\/site\/wp-json\/wp\/v2\/pages\/1470"}],"collection":[{"href":"https:\/\/adventistoltenia.ro\/site\/wp-json\/wp\/v2\/pages"}],"about":[{"href":"https:\/\/adventistoltenia.ro\/site\/wp-json\/wp\/v2\/types\/page"}],"author":[{"embeddable":true,"href":"https:\/\/adventistoltenia.ro\/site\/wp-json\/wp\/v2\/users\/4"}],"replies":[{"embeddable":true,"href":"https:\/\/adventistoltenia.ro\/site\/wp-json\/wp\/v2\/comments?post=1470"}],"version-history":[{"count":2,"href":"https:\/\/adventistoltenia.ro\/site\/wp-json\/wp\/v2\/pages\/1470\/revisions"}],"predecessor-version":[{"id":3692,"href":"https:\/\/adventistoltenia.ro\/site\/wp-json\/wp\/v2\/pages\/1470\/revisions\/3692"}],"wp:attachment":[{"href":"https:\/\/adventistoltenia.ro\/site\/wp-json\/wp\/v2\/media?parent=1470"}],"curies":[{"name":"wp","href":"https:\/\/api.w.org\/{rel}","templated":true}]}}