{"id":1563,"date":"2017-08-24T16:37:16","date_gmt":"2017-08-24T16:37:16","guid":{"rendered":"http:\/\/adventistoltenia.ro\/site\/?page_id=1563"},"modified":"2017-08-24T21:29:35","modified_gmt":"2017-08-24T21:29:35","slug":"despre-noi","status":"publish","type":"page","link":"https:\/\/adventistoltenia.ro\/site\/despre-noi\/","title":{"rendered":"Despre noi"},"content":{"rendered":"<h2>Cine suntem<\/h2>\n<p>Biserica Adventist\u0103 de Ziua a \u0218aptea este o biseric\u0103 cre\u0219tin\u0103 ap\u0103rut\u0103 \u00een urm\u0103 cu peste un secol \u0219i jum\u0103tate, \u00een America. Ea num\u0103r\u0103 aproximativ treizeci de milioane de credincio\u0219i \u0219i apar\u021bin\u0103tori, r\u0103sp\u00e2ndi\u021bi \u00een aproape toate \u021b\u0103rile lumii. \u00centre primii adventi\u0219ti europeni au fost \u0219i cei din Rom\u00e2nia, \u00eencep\u00e2nd cu anii 1870. Biserica Adventist\u0103 de Ziua a \u015eaptea este cult recunoscut de statul rom\u00e2n \u0219i prezint\u0103 oamenilor perspectiva unei lumi mai bune, posibil\u0103 prin revenirea lui Hristos pe p\u0103m\u00e2nt.<\/p>\n<h2>Despre noi<\/h2>\n<p>Credincio\u0219ii adventi\u0219ti au fost subiec\u0163ii mai multor studii despre longevitate \u0219i calitate a vie\u0163ii. Ei sunt lideri ai promov\u0103rii unui stil de via\u0163\u0103 s\u0103n\u0103tos, prin dezvoltarea unui sistem medical apreciat la nivel global. \u00cen \u021bara noastr\u0103, adventi\u0219tii promoveaz\u0103 s\u0103n\u0103tatea \u0219i programe lifestyle \u00een centrele de la Herghelia, Podi\u0219 \u0219i Bucure\u0219ti.<\/p>\n<p>La nivel global, adventi\u0219tii conduc al doilea cel mai mare sistem privat de educa\u0163ie. \u00cen Rom\u00e2nia, adventi\u0219tii ofer\u0103 acest tip de educa\u0163ie cre\u0219tin\u0103 \u00een zeci de gr\u0103dini\u021be \u0219i institu\u021bii de \u00eenv\u0103\u021b\u0103m\u00e2nt primar, gimnazial, liceal \u0219i superior. Adventi\u0219tii se \u00eenchin\u0103 lui Dumnezeu \u00een ziua de s\u00e2mb\u0103t\u0103, considerat\u0103 a \u0219aptea zi a s\u0103pt\u0103m\u00e2nii, dup\u0103 modul biblic de calculare a timpului, \u00een conformitate cu ordinea zilelor din majoritatea calendarelor religi\u00adoase, inclusiv cele ortodoxe \u0219i catolice.<\/p>\n<h2>Conferin\u021ba Oltenia<\/h2>\n<p><a href=\"http:\/\/adventistoltenia.ro\/site\/wp-content\/uploads\/2017\/08\/infografic-oltenia.png\"><img decoding=\"async\" loading=\"lazy\" class=\"aligncenter wp-image-1664\" src=\"http:\/\/adventistoltenia.ro\/site\/wp-content\/uploads\/2017\/08\/infografic-oltenia-1024x861.png\" alt=\"\" width=\"556\" height=\"467\" srcset=\"https:\/\/adventistoltenia.ro\/site\/wp-content\/uploads\/2017\/08\/infografic-oltenia-1024x861.png 1024w, https:\/\/adventistoltenia.ro\/site\/wp-content\/uploads\/2017\/08\/infografic-oltenia-300x252.png 300w, https:\/\/adventistoltenia.ro\/site\/wp-content\/uploads\/2017\/08\/infografic-oltenia-768x645.png 768w, https:\/\/adventistoltenia.ro\/site\/wp-content\/uploads\/2017\/08\/infografic-oltenia-350x294.png 350w, https:\/\/adventistoltenia.ro\/site\/wp-content\/uploads\/2017\/08\/infografic-oltenia-700x588.png 700w, https:\/\/adventistoltenia.ro\/site\/wp-content\/uploads\/2017\/08\/infografic-oltenia-800x672.png 800w, https:\/\/adventistoltenia.ro\/site\/wp-content\/uploads\/2017\/08\/infografic-oltenia-1100x924.png 1100w\" sizes=\"(max-width: 556px) 100vw, 556px\" \/><\/a><\/p>\n ","protected":false},"excerpt":{"rendered":"<p>Cine suntem Biserica Adventist\u0103 de Ziua a \u0218aptea este o biseric\u0103 cre\u0219tin\u0103 ap\u0103rut\u0103 \u00een urm\u0103 cu peste un secol \u0219i jum\u0103tate, \u00een America. Ea num\u0103r\u0103 aproximativ treizeci de milioane de credincio\u0219i \u0219i apar\u021bin\u0103tori, r\u0103sp\u00e2ndi\u021bi \u00een aproape toate \u021b\u0103rile lumii. \u00centre primii adventi\u0219ti europeni au fost \u0219i cei din Rom\u00e2nia, \u00eencep\u00e2nd cu anii 1870. Biserica Adventist\u0103 &hellip; <a href=\"https:\/\/adventistoltenia.ro\/site\/despre-noi\/\">Continued<\/a><\/p>\n","protected":false},"author":4,"featured_media":0,"parent":0,"menu_order":0,"comment_status":"closed","ping_status":"closed","template":"template-home.php","meta":[],"yoast_head":"<!-- This site is optimized with the Yoast SEO plugin v20.3 - https:\/\/yoast.com\/wordpress\/plugins\/seo\/ -->\n<title>Despre noi - Conferinta Oltenia<\/title>\n<meta name=\"robots\" content=\"index, follow, max-snippet:-1, max-image-preview:large, max-video-preview:-1\" \/>\n<link rel=\"canonical\" href=\"https:\/\/adventistoltenia.ro\/site\/despre-noi\/\" \/>\n<meta property=\"og:locale\" content=\"en_US\" \/>\n<meta property=\"og:type\" content=\"article\" \/>\n<meta property=\"og:title\" content=\"Despre noi - Conferinta Oltenia\" \/>\n<meta property=\"og:description\" content=\"Cine suntem Biserica Adventist\u0103 de Ziua a \u0218aptea este o biseric\u0103 cre\u0219tin\u0103 ap\u0103rut\u0103 \u00een urm\u0103 cu peste un secol \u0219i jum\u0103tate, \u00een America. Ea num\u0103r\u0103 aproximativ treizeci de milioane de credincio\u0219i \u0219i apar\u021bin\u0103tori, r\u0103sp\u00e2ndi\u021bi \u00een aproape toate \u021b\u0103rile lumii. \u00centre primii adventi\u0219ti europeni au fost \u0219i cei din Rom\u00e2nia, \u00eencep\u00e2nd cu anii 1870. Biserica Adventist\u0103 &hellip; Continued\" \/>\n<meta property=\"og:url\" content=\"https:\/\/adventistoltenia.ro\/site\/despre-noi\/\" \/>\n<meta property=\"og:site_name\" content=\"Conferinta Oltenia\" \/>\n<meta property=\"article:modified_time\" content=\"2017-08-24T21:29:35+00:00\" \/>\n<meta property=\"og:image\" content=\"http:\/\/adventistoltenia.ro\/site\/wp-content\/uploads\/2017\/08\/infografic-oltenia-1024x861.png\" \/>\n<meta name=\"twitter:card\" content=\"summary_large_image\" \/>\n<meta name=\"twitter:label1\" content=\"Est. reading time\" \/>\n\t<meta name=\"twitter:data1\" content=\"1 minute\" \/>\n<script type=\"application\/ld+json\" class=\"yoast-schema-graph\">{\"@context\":\"https:\/\/schema.org\",\"@graph\":[{\"@type\":\"WebPage\",\"@id\":\"https:\/\/adventistoltenia.ro\/site\/despre-noi\/\",\"url\":\"https:\/\/adventistoltenia.ro\/site\/despre-noi\/\",\"name\":\"Despre noi - Conferinta Oltenia\",\"isPartOf\":{\"@id\":\"https:\/\/adventistoltenia.ro\/site\/#website\"},\"datePublished\":\"2017-08-24T16:37:16+00:00\",\"dateModified\":\"2017-08-24T21:29:35+00:00\",\"breadcrumb\":{\"@id\":\"https:\/\/adventistoltenia.ro\/site\/despre-noi\/#breadcrumb\"},\"inLanguage\":\"en-US\",\"potentialAction\":[{\"@type\":\"ReadAction\",\"target\":[\"https:\/\/adventistoltenia.ro\/site\/despre-noi\/\"]}]},{\"@type\":\"BreadcrumbList\",\"@id\":\"https:\/\/adventistoltenia.ro\/site\/despre-noi\/#breadcrumb\",\"itemListElement\":[{\"@type\":\"ListItem\",\"position\":1,\"name\":\"Home\",\"item\":\"https:\/\/adventistoltenia.ro\/site\/\"},{\"@type\":\"ListItem\",\"position\":2,\"name\":\"Despre noi\"}]},{\"@type\":\"WebSite\",\"@id\":\"https:\/\/adventistoltenia.ro\/site\/#website\",\"url\":\"https:\/\/adventistoltenia.ro\/site\/\",\"name\":\"Conferinta Oltenia\",\"description\":\"Biserica Adventista de Ziua a Saptea\",\"potentialAction\":[{\"@type\":\"SearchAction\",\"target\":{\"@type\":\"EntryPoint\",\"urlTemplate\":\"https:\/\/adventistoltenia.ro\/site\/?s={search_term_string}\"},\"query-input\":\"required name=search_term_string\"}],\"inLanguage\":\"en-US\"}]}<\/script>\n<!-- \/ Yoast SEO plugin. -->","yoast_head_json":{"title":"Despre noi - Conferinta Oltenia","robots":{"index":"index","follow":"follow","max-snippet":"max-snippet:-1","max-image-preview":"max-image-preview:large","max-video-preview":"max-video-preview:-1"},"canonical":"https:\/\/adventistoltenia.ro\/site\/despre-noi\/","og_locale":"en_US","og_type":"article","og_title":"Despre noi - Conferinta Oltenia","og_description":"Cine suntem Biserica Adventist\u0103 de Ziua a \u0218aptea este o biseric\u0103 cre\u0219tin\u0103 ap\u0103rut\u0103 \u00een urm\u0103 cu peste un secol \u0219i jum\u0103tate, \u00een America. Ea num\u0103r\u0103 aproximativ treizeci de milioane de credincio\u0219i \u0219i apar\u021bin\u0103tori, r\u0103sp\u00e2ndi\u021bi \u00een aproape toate \u021b\u0103rile lumii. \u00centre primii adventi\u0219ti europeni au fost \u0219i cei din Rom\u00e2nia, \u00eencep\u00e2nd cu anii 1870. Biserica Adventist\u0103 &hellip; Continued","og_url":"https:\/\/adventistoltenia.ro\/site\/despre-noi\/","og_site_name":"Conferinta Oltenia","article_modified_time":"2017-08-24T21:29:35+00:00","og_image":[{"url":"http:\/\/adventistoltenia.ro\/site\/wp-content\/uploads\/2017\/08\/infografic-oltenia-1024x861.png"}],"twitter_card":"summary_large_image","twitter_misc":{"Est. reading time":"1 minute"},"schema":{"@context":"https:\/\/schema.org","@graph":[{"@type":"WebPage","@id":"https:\/\/adventistoltenia.ro\/site\/despre-noi\/","url":"https:\/\/adventistoltenia.ro\/site\/despre-noi\/","name":"Despre noi - Conferinta Oltenia","isPartOf":{"@id":"https:\/\/adventistoltenia.ro\/site\/#website"},"datePublished":"2017-08-24T16:37:16+00:00","dateModified":"2017-08-24T21:29:35+00:00","breadcrumb":{"@id":"https:\/\/adventistoltenia.ro\/site\/despre-noi\/#breadcrumb"},"inLanguage":"en-US","potentialAction":[{"@type":"ReadAction","target":["https:\/\/adventistoltenia.ro\/site\/despre-noi\/"]}]},{"@type":"BreadcrumbList","@id":"https:\/\/adventistoltenia.ro\/site\/despre-noi\/#breadcrumb","itemListElement":[{"@type":"ListItem","position":1,"name":"Home","item":"https:\/\/adventistoltenia.ro\/site\/"},{"@type":"ListItem","position":2,"name":"Despre noi"}]},{"@type":"WebSite","@id":"https:\/\/adventistoltenia.ro\/site\/#website","url":"https:\/\/adventistoltenia.ro\/site\/","name":"Conferinta Oltenia","description":"Biserica Adventista de Ziua a Saptea","potentialAction":[{"@type":"SearchAction","target":{"@type":"EntryPoint","urlTemplate":"https:\/\/adventistoltenia.ro\/site\/?s={search_term_string}"},"query-input":"required name=search_term_string"}],"inLanguage":"en-US"}]}},"_links":{"self":[{"href":"https:\/\/adventistoltenia.ro\/site\/wp-json\/wp\/v2\/pages\/1563"}],"collection":[{"href":"https:\/\/adventistoltenia.ro\/site\/wp-json\/wp\/v2\/pages"}],"about":[{"href":"https:\/\/adventistoltenia.ro\/site\/wp-json\/wp\/v2\/types\/page"}],"author":[{"embeddable":true,"href":"https:\/\/adventistoltenia.ro\/site\/wp-json\/wp\/v2\/users\/4"}],"replies":[{"embeddable":true,"href":"https:\/\/adventistoltenia.ro\/site\/wp-json\/wp\/v2\/comments?post=1563"}],"version-history":[{"count":0,"href":"https:\/\/adventistoltenia.ro\/site\/wp-json\/wp\/v2\/pages\/1563\/revisions"}],"wp:attachment":[{"href":"https:\/\/adventistoltenia.ro\/site\/wp-json\/wp\/v2\/media?parent=1563"}],"curies":[{"name":"wp","href":"https:\/\/api.w.org\/{rel}","templated":true}]}}