{"id":1687,"date":"2017-09-14T07:02:54","date_gmt":"2017-09-14T07:02:54","guid":{"rendered":"http:\/\/adventistoltenia.ro\/site\/?page_id=1687"},"modified":"2025-03-12T07:16:46","modified_gmt":"2025-03-12T07:16:46","slug":"presedinte","status":"publish","type":"page","link":"https:\/\/adventistoltenia.ro\/site\/presedinte\/","title":{"rendered":"Pre\u0219edinte"},"content":{"rendered":"<p>Pre\u015fedintele Conferin\u0163ei este ales dintre pastorii hirotoni\u021bi, cu experien\u0163\u0103 \u015fi cu o bun\u0103 reputa\u0163ie ac\u021bion\u00e2nd, \u00een tot ceea ce face, \u00een consultare cu secretarul si trezorierul, sub mandatul \u0219i limitele Comitetului Executiv. El se afl\u0103 \u00een fruntea lucr\u0103rii Evangheliei lucr\u00e2nd pentru binele spiritual \u015fi pentru \u00eencurajarea bisericilor, oferind sfaturi \u015fi lucr\u00e2nd \u00een colaborare cu slujba\u015fii bisericilor.<\/p>\n<p>De asemenea, acesta este responsabilul principal al tuturor ramurilor de activitate, colabor\u00e2nd \u00een mod direct cu directorii acestora sub \u00eendrumarea general\u0103 a Comitetului Conferin\u0163ei.<\/p>\n ","protected":false},"excerpt":{"rendered":"<p>Pre\u015fedintele Conferin\u0163ei este ales dintre pastorii hirotoni\u021bi, cu experien\u0163\u0103 \u015fi cu o bun\u0103 reputa\u0163ie ac\u021bion\u00e2nd, \u00een tot ceea ce face, \u00een consultare cu secretarul si trezorierul, sub mandatul \u0219i limitele Comitetului Executiv. El se afl\u0103 \u00een fruntea lucr\u0103rii Evangheliei lucr\u00e2nd pentru binele spiritual \u015fi pentru \u00eencurajarea bisericilor, oferind sfaturi \u015fi lucr\u00e2nd \u00een colaborare cu slujba\u015fii &hellip; <a href=\"https:\/\/adventistoltenia.ro\/site\/presedinte\/\">Continued<\/a><\/p>\n","protected":false},"author":4,"featured_media":0,"parent":0,"menu_order":0,"comment_status":"closed","ping_status":"closed","template":"","meta":[],"yoast_head":"<!-- This site is optimized with the Yoast SEO plugin v20.3 - https:\/\/yoast.com\/wordpress\/plugins\/seo\/ -->\n<title>Pre\u0219edinte - Conferinta Oltenia<\/title>\n<meta name=\"robots\" content=\"index, follow, max-snippet:-1, max-image-preview:large, max-video-preview:-1\" \/>\n<link rel=\"canonical\" href=\"https:\/\/adventistoltenia.ro\/site\/presedinte\/\" \/>\n<meta property=\"og:locale\" content=\"en_US\" \/>\n<meta property=\"og:type\" content=\"article\" \/>\n<meta property=\"og:title\" content=\"Pre\u0219edinte - Conferinta Oltenia\" \/>\n<meta property=\"og:description\" content=\"Pre\u015fedintele Conferin\u0163ei este ales dintre pastorii hirotoni\u021bi, cu experien\u0163\u0103 \u015fi cu o bun\u0103 reputa\u0163ie ac\u021bion\u00e2nd, \u00een tot ceea ce face, \u00een consultare cu secretarul si trezorierul, sub mandatul \u0219i limitele Comitetului Executiv. El se afl\u0103 \u00een fruntea lucr\u0103rii Evangheliei lucr\u00e2nd pentru binele spiritual \u015fi pentru \u00eencurajarea bisericilor, oferind sfaturi \u015fi lucr\u00e2nd \u00een colaborare cu slujba\u015fii &hellip; Continued\" \/>\n<meta property=\"og:url\" content=\"https:\/\/adventistoltenia.ro\/site\/presedinte\/\" \/>\n<meta property=\"og:site_name\" content=\"Conferinta Oltenia\" \/>\n<meta property=\"article:modified_time\" content=\"2025-03-12T07:16:46+00:00\" \/>\n<meta name=\"twitter:card\" content=\"summary_large_image\" \/>\n<meta name=\"twitter:label1\" content=\"Est. reading time\" \/>\n\t<meta name=\"twitter:data1\" content=\"1 minute\" \/>\n<script type=\"application\/ld+json\" class=\"yoast-schema-graph\">{\"@context\":\"https:\/\/schema.org\",\"@graph\":[{\"@type\":\"WebPage\",\"@id\":\"https:\/\/adventistoltenia.ro\/site\/presedinte\/\",\"url\":\"https:\/\/adventistoltenia.ro\/site\/presedinte\/\",\"name\":\"Pre\u0219edinte - Conferinta Oltenia\",\"isPartOf\":{\"@id\":\"https:\/\/adventistoltenia.ro\/site\/#website\"},\"datePublished\":\"2017-09-14T07:02:54+00:00\",\"dateModified\":\"2025-03-12T07:16:46+00:00\",\"breadcrumb\":{\"@id\":\"https:\/\/adventistoltenia.ro\/site\/presedinte\/#breadcrumb\"},\"inLanguage\":\"en-US\",\"potentialAction\":[{\"@type\":\"ReadAction\",\"target\":[\"https:\/\/adventistoltenia.ro\/site\/presedinte\/\"]}]},{\"@type\":\"BreadcrumbList\",\"@id\":\"https:\/\/adventistoltenia.ro\/site\/presedinte\/#breadcrumb\",\"itemListElement\":[{\"@type\":\"ListItem\",\"position\":1,\"name\":\"Home\",\"item\":\"https:\/\/adventistoltenia.ro\/site\/\"},{\"@type\":\"ListItem\",\"position\":2,\"name\":\"Pre\u0219edinte\"}]},{\"@type\":\"WebSite\",\"@id\":\"https:\/\/adventistoltenia.ro\/site\/#website\",\"url\":\"https:\/\/adventistoltenia.ro\/site\/\",\"name\":\"Conferinta Oltenia\",\"description\":\"Biserica Adventista de Ziua a Saptea\",\"potentialAction\":[{\"@type\":\"SearchAction\",\"target\":{\"@type\":\"EntryPoint\",\"urlTemplate\":\"https:\/\/adventistoltenia.ro\/site\/?s={search_term_string}\"},\"query-input\":\"required name=search_term_string\"}],\"inLanguage\":\"en-US\"}]}<\/script>\n<!-- \/ Yoast SEO plugin. -->","yoast_head_json":{"title":"Pre\u0219edinte - Conferinta Oltenia","robots":{"index":"index","follow":"follow","max-snippet":"max-snippet:-1","max-image-preview":"max-image-preview:large","max-video-preview":"max-video-preview:-1"},"canonical":"https:\/\/adventistoltenia.ro\/site\/presedinte\/","og_locale":"en_US","og_type":"article","og_title":"Pre\u0219edinte - Conferinta Oltenia","og_description":"Pre\u015fedintele Conferin\u0163ei este ales dintre pastorii hirotoni\u021bi, cu experien\u0163\u0103 \u015fi cu o bun\u0103 reputa\u0163ie ac\u021bion\u00e2nd, \u00een tot ceea ce face, \u00een consultare cu secretarul si trezorierul, sub mandatul \u0219i limitele Comitetului Executiv. El se afl\u0103 \u00een fruntea lucr\u0103rii Evangheliei lucr\u00e2nd pentru binele spiritual \u015fi pentru \u00eencurajarea bisericilor, oferind sfaturi \u015fi lucr\u00e2nd \u00een colaborare cu slujba\u015fii &hellip; Continued","og_url":"https:\/\/adventistoltenia.ro\/site\/presedinte\/","og_site_name":"Conferinta Oltenia","article_modified_time":"2025-03-12T07:16:46+00:00","twitter_card":"summary_large_image","twitter_misc":{"Est. reading time":"1 minute"},"schema":{"@context":"https:\/\/schema.org","@graph":[{"@type":"WebPage","@id":"https:\/\/adventistoltenia.ro\/site\/presedinte\/","url":"https:\/\/adventistoltenia.ro\/site\/presedinte\/","name":"Pre\u0219edinte - Conferinta Oltenia","isPartOf":{"@id":"https:\/\/adventistoltenia.ro\/site\/#website"},"datePublished":"2017-09-14T07:02:54+00:00","dateModified":"2025-03-12T07:16:46+00:00","breadcrumb":{"@id":"https:\/\/adventistoltenia.ro\/site\/presedinte\/#breadcrumb"},"inLanguage":"en-US","potentialAction":[{"@type":"ReadAction","target":["https:\/\/adventistoltenia.ro\/site\/presedinte\/"]}]},{"@type":"BreadcrumbList","@id":"https:\/\/adventistoltenia.ro\/site\/presedinte\/#breadcrumb","itemListElement":[{"@type":"ListItem","position":1,"name":"Home","item":"https:\/\/adventistoltenia.ro\/site\/"},{"@type":"ListItem","position":2,"name":"Pre\u0219edinte"}]},{"@type":"WebSite","@id":"https:\/\/adventistoltenia.ro\/site\/#website","url":"https:\/\/adventistoltenia.ro\/site\/","name":"Conferinta Oltenia","description":"Biserica Adventista de Ziua a Saptea","potentialAction":[{"@type":"SearchAction","target":{"@type":"EntryPoint","urlTemplate":"https:\/\/adventistoltenia.ro\/site\/?s={search_term_string}"},"query-input":"required name=search_term_string"}],"inLanguage":"en-US"}]}},"_links":{"self":[{"href":"https:\/\/adventistoltenia.ro\/site\/wp-json\/wp\/v2\/pages\/1687"}],"collection":[{"href":"https:\/\/adventistoltenia.ro\/site\/wp-json\/wp\/v2\/pages"}],"about":[{"href":"https:\/\/adventistoltenia.ro\/site\/wp-json\/wp\/v2\/types\/page"}],"author":[{"embeddable":true,"href":"https:\/\/adventistoltenia.ro\/site\/wp-json\/wp\/v2\/users\/4"}],"replies":[{"embeddable":true,"href":"https:\/\/adventistoltenia.ro\/site\/wp-json\/wp\/v2\/comments?post=1687"}],"version-history":[{"count":3,"href":"https:\/\/adventistoltenia.ro\/site\/wp-json\/wp\/v2\/pages\/1687\/revisions"}],"predecessor-version":[{"id":3696,"href":"https:\/\/adventistoltenia.ro\/site\/wp-json\/wp\/v2\/pages\/1687\/revisions\/3696"}],"wp:attachment":[{"href":"https:\/\/adventistoltenia.ro\/site\/wp-json\/wp\/v2\/media?parent=1687"}],"curies":[{"name":"wp","href":"https:\/\/api.w.org\/{rel}","templated":true}]}}