{"id":1696,"date":"2017-09-14T07:07:15","date_gmt":"2017-09-14T07:07:15","guid":{"rendered":"http:\/\/adventistoltenia.ro\/site\/?page_id=1696"},"modified":"2025-03-12T07:17:57","modified_gmt":"2025-03-12T07:17:57","slug":"secretar","status":"publish","type":"page","link":"https:\/\/adventistoltenia.ro\/site\/secretar\/","title":{"rendered":"Secretar"},"content":{"rendered":"<p>Secretarul Conferin\u021bei, asociat cu pre\u0219edintele, \u00een calitate de administrator, sluje\u0219te sub conducerea Comitetului Executiv \u0219i ac\u021bioneaz\u0103 ca vicepre\u0219edinte al acestuia. Acesta p\u0103streaz\u0103 procesele-verbale ale adun\u0103rilor generale \u0219i ale \u0219edin\u021belor Comitetului Executiv; pun\u00e2nd la dispozi\u021bie copii ale acestor procese-verbale tuturor membrilor Comitetului Executiv \u0219i administratorilor Uniunii de Conferin\u021be. De asemenea, secretarul pune la dispozi\u021bie informa\u021biile cerute de c\u0103tre pre\u0219edinte sau de Comitetul Executiv \u0219i \u00eendepline\u0219te orice alte \u00eendatoriri care apar\u021bin slujbei sale.<\/p>\n ","protected":false},"excerpt":{"rendered":"<p>Secretarul Conferin\u021bei, asociat cu pre\u0219edintele, \u00een calitate de administrator, sluje\u0219te sub conducerea Comitetului Executiv \u0219i ac\u021bioneaz\u0103 ca vicepre\u0219edinte al acestuia. Acesta p\u0103streaz\u0103 procesele-verbale ale adun\u0103rilor generale \u0219i ale \u0219edin\u021belor Comitetului Executiv; pun\u00e2nd la dispozi\u021bie copii ale acestor procese-verbale tuturor membrilor Comitetului Executiv \u0219i administratorilor Uniunii de Conferin\u021be. De asemenea, secretarul pune la dispozi\u021bie informa\u021biile cerute &hellip; <a href=\"https:\/\/adventistoltenia.ro\/site\/secretar\/\">Continued<\/a><\/p>\n","protected":false},"author":4,"featured_media":0,"parent":0,"menu_order":0,"comment_status":"closed","ping_status":"closed","template":"","meta":[],"yoast_head":"<!-- This site is optimized with the Yoast SEO plugin v20.3 - https:\/\/yoast.com\/wordpress\/plugins\/seo\/ -->\n<title>Secretar - Conferinta Oltenia<\/title>\n<meta name=\"robots\" content=\"index, follow, max-snippet:-1, max-image-preview:large, max-video-preview:-1\" \/>\n<link rel=\"canonical\" href=\"https:\/\/adventistoltenia.ro\/site\/secretar\/\" \/>\n<meta property=\"og:locale\" content=\"en_US\" \/>\n<meta property=\"og:type\" content=\"article\" \/>\n<meta property=\"og:title\" content=\"Secretar - Conferinta Oltenia\" \/>\n<meta property=\"og:description\" content=\"Secretarul Conferin\u021bei, asociat cu pre\u0219edintele, \u00een calitate de administrator, sluje\u0219te sub conducerea Comitetului Executiv \u0219i ac\u021bioneaz\u0103 ca vicepre\u0219edinte al acestuia. Acesta p\u0103streaz\u0103 procesele-verbale ale adun\u0103rilor generale \u0219i ale \u0219edin\u021belor Comitetului Executiv; pun\u00e2nd la dispozi\u021bie copii ale acestor procese-verbale tuturor membrilor Comitetului Executiv \u0219i administratorilor Uniunii de Conferin\u021be. De asemenea, secretarul pune la dispozi\u021bie informa\u021biile cerute &hellip; Continued\" \/>\n<meta property=\"og:url\" content=\"https:\/\/adventistoltenia.ro\/site\/secretar\/\" \/>\n<meta property=\"og:site_name\" content=\"Conferinta Oltenia\" \/>\n<meta property=\"article:modified_time\" content=\"2025-03-12T07:17:57+00:00\" \/>\n<meta name=\"twitter:card\" content=\"summary_large_image\" \/>\n<meta name=\"twitter:label1\" content=\"Est. reading time\" \/>\n\t<meta name=\"twitter:data1\" content=\"1 minute\" \/>\n<script type=\"application\/ld+json\" class=\"yoast-schema-graph\">{\"@context\":\"https:\/\/schema.org\",\"@graph\":[{\"@type\":\"WebPage\",\"@id\":\"https:\/\/adventistoltenia.ro\/site\/secretar\/\",\"url\":\"https:\/\/adventistoltenia.ro\/site\/secretar\/\",\"name\":\"Secretar - Conferinta Oltenia\",\"isPartOf\":{\"@id\":\"https:\/\/adventistoltenia.ro\/site\/#website\"},\"datePublished\":\"2017-09-14T07:07:15+00:00\",\"dateModified\":\"2025-03-12T07:17:57+00:00\",\"breadcrumb\":{\"@id\":\"https:\/\/adventistoltenia.ro\/site\/secretar\/#breadcrumb\"},\"inLanguage\":\"en-US\",\"potentialAction\":[{\"@type\":\"ReadAction\",\"target\":[\"https:\/\/adventistoltenia.ro\/site\/secretar\/\"]}]},{\"@type\":\"BreadcrumbList\",\"@id\":\"https:\/\/adventistoltenia.ro\/site\/secretar\/#breadcrumb\",\"itemListElement\":[{\"@type\":\"ListItem\",\"position\":1,\"name\":\"Home\",\"item\":\"https:\/\/adventistoltenia.ro\/site\/\"},{\"@type\":\"ListItem\",\"position\":2,\"name\":\"Secretar\"}]},{\"@type\":\"WebSite\",\"@id\":\"https:\/\/adventistoltenia.ro\/site\/#website\",\"url\":\"https:\/\/adventistoltenia.ro\/site\/\",\"name\":\"Conferinta Oltenia\",\"description\":\"Biserica Adventista de Ziua a Saptea\",\"potentialAction\":[{\"@type\":\"SearchAction\",\"target\":{\"@type\":\"EntryPoint\",\"urlTemplate\":\"https:\/\/adventistoltenia.ro\/site\/?s={search_term_string}\"},\"query-input\":\"required name=search_term_string\"}],\"inLanguage\":\"en-US\"}]}<\/script>\n<!-- \/ Yoast SEO plugin. -->","yoast_head_json":{"title":"Secretar - Conferinta Oltenia","robots":{"index":"index","follow":"follow","max-snippet":"max-snippet:-1","max-image-preview":"max-image-preview:large","max-video-preview":"max-video-preview:-1"},"canonical":"https:\/\/adventistoltenia.ro\/site\/secretar\/","og_locale":"en_US","og_type":"article","og_title":"Secretar - Conferinta Oltenia","og_description":"Secretarul Conferin\u021bei, asociat cu pre\u0219edintele, \u00een calitate de administrator, sluje\u0219te sub conducerea Comitetului Executiv \u0219i ac\u021bioneaz\u0103 ca vicepre\u0219edinte al acestuia. Acesta p\u0103streaz\u0103 procesele-verbale ale adun\u0103rilor generale \u0219i ale \u0219edin\u021belor Comitetului Executiv; pun\u00e2nd la dispozi\u021bie copii ale acestor procese-verbale tuturor membrilor Comitetului Executiv \u0219i administratorilor Uniunii de Conferin\u021be. De asemenea, secretarul pune la dispozi\u021bie informa\u021biile cerute &hellip; Continued","og_url":"https:\/\/adventistoltenia.ro\/site\/secretar\/","og_site_name":"Conferinta Oltenia","article_modified_time":"2025-03-12T07:17:57+00:00","twitter_card":"summary_large_image","twitter_misc":{"Est. reading time":"1 minute"},"schema":{"@context":"https:\/\/schema.org","@graph":[{"@type":"WebPage","@id":"https:\/\/adventistoltenia.ro\/site\/secretar\/","url":"https:\/\/adventistoltenia.ro\/site\/secretar\/","name":"Secretar - Conferinta Oltenia","isPartOf":{"@id":"https:\/\/adventistoltenia.ro\/site\/#website"},"datePublished":"2017-09-14T07:07:15+00:00","dateModified":"2025-03-12T07:17:57+00:00","breadcrumb":{"@id":"https:\/\/adventistoltenia.ro\/site\/secretar\/#breadcrumb"},"inLanguage":"en-US","potentialAction":[{"@type":"ReadAction","target":["https:\/\/adventistoltenia.ro\/site\/secretar\/"]}]},{"@type":"BreadcrumbList","@id":"https:\/\/adventistoltenia.ro\/site\/secretar\/#breadcrumb","itemListElement":[{"@type":"ListItem","position":1,"name":"Home","item":"https:\/\/adventistoltenia.ro\/site\/"},{"@type":"ListItem","position":2,"name":"Secretar"}]},{"@type":"WebSite","@id":"https:\/\/adventistoltenia.ro\/site\/#website","url":"https:\/\/adventistoltenia.ro\/site\/","name":"Conferinta Oltenia","description":"Biserica Adventista de Ziua a Saptea","potentialAction":[{"@type":"SearchAction","target":{"@type":"EntryPoint","urlTemplate":"https:\/\/adventistoltenia.ro\/site\/?s={search_term_string}"},"query-input":"required name=search_term_string"}],"inLanguage":"en-US"}]}},"_links":{"self":[{"href":"https:\/\/adventistoltenia.ro\/site\/wp-json\/wp\/v2\/pages\/1696"}],"collection":[{"href":"https:\/\/adventistoltenia.ro\/site\/wp-json\/wp\/v2\/pages"}],"about":[{"href":"https:\/\/adventistoltenia.ro\/site\/wp-json\/wp\/v2\/types\/page"}],"author":[{"embeddable":true,"href":"https:\/\/adventistoltenia.ro\/site\/wp-json\/wp\/v2\/users\/4"}],"replies":[{"embeddable":true,"href":"https:\/\/adventistoltenia.ro\/site\/wp-json\/wp\/v2\/comments?post=1696"}],"version-history":[{"count":4,"href":"https:\/\/adventistoltenia.ro\/site\/wp-json\/wp\/v2\/pages\/1696\/revisions"}],"predecessor-version":[{"id":3699,"href":"https:\/\/adventistoltenia.ro\/site\/wp-json\/wp\/v2\/pages\/1696\/revisions\/3699"}],"wp:attachment":[{"href":"https:\/\/adventistoltenia.ro\/site\/wp-json\/wp\/v2\/media?parent=1696"}],"curies":[{"name":"wp","href":"https:\/\/api.w.org\/{rel}","templated":true}]}}