{"id":1836,"date":"2017-09-14T12:55:23","date_gmt":"2017-09-14T12:55:23","guid":{"rendered":"http:\/\/adventistoltenia.ro\/site\/?page_id=1836"},"modified":"2020-03-21T18:20:26","modified_gmt":"2020-03-21T18:20:26","slug":"noutati","status":"publish","type":"page","link":"https:\/\/adventistoltenia.ro\/site\/noutati\/","title":{"rendered":"Nout\u0103\u021bi"},"content":{"rendered":"<h2>POST\u0102RI RECENTE<\/h2>\n<hr \/>\n<div class=\"pt-cv-wrapper\"><div class=\"pt-cv-view pt-cv-grid pt-cv-colsys pt-cv-nolf\" id=\"pt-cv-view-2351ce4fej\"><div data-id=\"pt-cv-page-1\" class=\"pt-cv-page\" data-cvc=\"2\"><div class=\"col-md-6 col-sm-6 col-xs-12 pt-cv-content-item pt-cv-1-col\" ><div class='pt-cv-ifield'><a href=\"https:\/\/adventistoltenia.ro\/site\/comunicat-3\/\" class=\"_self pt-cv-href-thumbnail pt-cv-thumb-default\" target=\"_self\" ><\/a>\n<h4 class=\"pt-cv-title\"><a href=\"https:\/\/adventistoltenia.ro\/site\/comunicat-3\/\" class=\"_self\" target=\"_self\" >COMUNICAT<\/a><\/h4>\n<div class=\"pt-cv-content\">Stimat\u0103 comunitate adventist\u0103, Dup\u0103 mai bine de patru ani de judecat\u0103 \u0219i patru stadii procesuale, Curtea de Apel Bucure\u0219ti a ...<br \/><div class=\"pt-cv-rmwrap\"><a href=\"https:\/\/adventistoltenia.ro\/site\/comunicat-3\/\" class=\"_self pt-cv-readmore btn btn-success\" target=\"_self\">Cite\u0219te mai mult<\/a><\/div><\/div><\/div><\/div>\n<div class=\"col-md-6 col-sm-6 col-xs-12 pt-cv-content-item pt-cv-1-col\" ><div class='pt-cv-ifield'><a href=\"https:\/\/adventistoltenia.ro\/site\/clarificari-privind-articolul-publicat-pe-site-ul-www-safielumina-ro-in-data-de-18-noiembrie-2025\/\" class=\"_self pt-cv-href-thumbnail pt-cv-thumb-default\" target=\"_self\" ><\/a>\n<h4 class=\"pt-cv-title\"><a href=\"https:\/\/adventistoltenia.ro\/site\/clarificari-privind-articolul-publicat-pe-site-ul-www-safielumina-ro-in-data-de-18-noiembrie-2025\/\" class=\"_self\" target=\"_self\" >Clarific\u0103ri privind articolul publicat pe site-ul www.safielumina.ro \u00een data de 18 noiembrie 2025<\/a><\/h4>\n<div class=\"pt-cv-content\"><a href=\"http:\/\/adventistoltenia.ro\/site\/wp-content\/uploads\/2025\/11\/Your-paragraph-text.png\"><\/a> Biserica Adventist\u0103 de Ziua a \u0218aptea \u2013 Conferin\u021ba Oltenia \u2013 \u00ee\u0219i exprim\u0103 profunda compasiune fa\u021b\u0103 de victimele men\u021bionate \u00een ...<br \/><div class=\"pt-cv-rmwrap\"><a href=\"https:\/\/adventistoltenia.ro\/site\/clarificari-privind-articolul-publicat-pe-site-ul-www-safielumina-ro-in-data-de-18-noiembrie-2025\/\" class=\"_self pt-cv-readmore btn btn-success\" target=\"_self\">Cite\u0219te mai mult<\/a><\/div><\/div><\/div><\/div>\n<div class=\"col-md-6 col-sm-6 col-xs-12 pt-cv-content-item pt-cv-1-col\" ><div class='pt-cv-ifield'><a href=\"https:\/\/adventistoltenia.ro\/site\/comunicat-de-presa-octombrie-2025\/\" class=\"_self pt-cv-href-thumbnail pt-cv-thumb-default\" target=\"_self\" ><\/a>\n<h4 class=\"pt-cv-title\"><a href=\"https:\/\/adventistoltenia.ro\/site\/comunicat-de-presa-octombrie-2025\/\" class=\"_self\" target=\"_self\" >COMUNICAT<\/a><\/h4>\n<div class=\"pt-cv-content\"><a href=\"http:\/\/adventistoltenia.ro\/site\/wp-content\/uploads\/2025\/10\/COMUNICAT.pdf\">COMUNICAT<\/a> ...<br \/><div class=\"pt-cv-rmwrap\"><a href=\"https:\/\/adventistoltenia.ro\/site\/comunicat-de-presa-octombrie-2025\/\" class=\"_self pt-cv-readmore btn btn-success\" target=\"_self\">Cite\u0219te mai mult<\/a><\/div><\/div><\/div><\/div>\n<div class=\"col-md-6 col-sm-6 col-xs-12 pt-cv-content-item pt-cv-1-col\" ><div class='pt-cv-ifield'><a href=\"https:\/\/adventistoltenia.ro\/site\/asup\/\" class=\"_self pt-cv-href-thumbnail pt-cv-thumb-default\" target=\"_self\" ><\/a>\n<h4 class=\"pt-cv-title\"><a href=\"https:\/\/adventistoltenia.ro\/site\/asup\/\" class=\"_self\" target=\"_self\" >ASUP<\/a><\/h4>\n<div class=\"pt-cv-content\">Filiala Oltenia acoper\u0103 8 penitenciare, distribuite dup\u0103 cum urmeaz\u0103: <ul> <li>penitenciarul Craiova, penitenciarul Craiova \u2013 Pelendava \u0219i centrul de deten\u021bie ...<br \/><div class=\"pt-cv-rmwrap\"><a href=\"https:\/\/adventistoltenia.ro\/site\/asup\/\" class=\"_self pt-cv-readmore btn btn-success\" target=\"_self\">Cite\u0219te mai mult<\/a><\/div><\/li><\/ul><\/div><\/div><\/div><\/div><\/div>\n<div class=\" pt-cv-pagination-wrapper\"><ul class=\"pt-cv-pagination pt-cv-normal pagination\" data-totalpages=\"25\" data-currentpage=\"1\" data-sid=\"2351ce4fej\" data-unid=\"\" data-isblock=\"\" data-postid=\"\"><li class=\"active\"><a href=\"#\">1<\/a><\/li>\n\t<li ><a class=\"\" href=\"https:\/\/adventistoltenia.ro\/site\/wp-json\/wp\/v2\/pages\/1836\/?_page=2\">2<\/a><\/li>\n\t<li ><a class=\"\" href=\"https:\/\/adventistoltenia.ro\/site\/wp-json\/wp\/v2\/pages\/1836\/?_page=3\">3<\/a><\/li>\n\t<li ><a href=\"#\">&hellip;<\/a><\/li>\n\t<li ><a class=\"\" href=\"https:\/\/adventistoltenia.ro\/site\/wp-json\/wp\/v2\/pages\/1836\/?_page=25\">25<\/a><\/li>\n\t<li ><a class=\" \" href=\"https:\/\/adventistoltenia.ro\/site\/wp-json\/wp\/v2\/pages\/1836\/?_page=2\">&rsaquo;<\/a><\/li>\n\t<\/ul><img width=\"15\" height=\"15\" class=\"pt-cv-spinner\" alt=\"Loading...\" src=\"data:image\/gif;base64,R0lGODlhDwAPALMPAMrKygwMDJOTkz09PZWVla+vr3p6euTk5M7OzuXl5TMzMwAAAJmZmWZmZszMzP\/\/\/yH\/C05FVFNDQVBFMi4wAwEAAAAh+QQFCgAPACwAAAAADwAPAAAEQvDJaZaZOIcV8iQK8VRX4iTYoAwZ4iCYoAjZ4RxejhVNoT+mRGP4cyF4Pp0N98sBGIBMEMOotl6YZ3S61Bmbkm4mAgAh+QQFCgAPACwAAAAADQANAAAENPDJSRSZeA418itN8QiK8BiLITVsFiyBBIoYqnoewAD4xPw9iY4XLGYSjkQR4UAUD45DLwIAIfkEBQoADwAsAAAAAA8ACQAABC\/wyVlamTi3nSdgwFNdhEJgTJoNyoB9ISYoQmdjiZPcj7EYCAeCF1gEDo4Dz2eIAAAh+QQFCgAPACwCAAAADQANAAAEM\/DJBxiYeLKdX3IJZT1FU0iIg2RNKx3OkZVnZ98ToRD4MyiDnkAh6BkNC0MvsAj0kMpHBAAh+QQFCgAPACwGAAAACQAPAAAEMDC59KpFDll73HkAA2wVY5KgiK5b0RRoI6MuzG6EQqCDMlSGheEhUAgqgUUAFRySIgAh+QQFCgAPACwCAAIADQANAAAEM\/DJKZNLND\/kkKaHc3xk+QAMYDKsiaqmZCxGVjSFFCxB1vwy2oOgIDxuucxAMTAJFAJNBAAh+QQFCgAPACwAAAYADwAJAAAEMNAs86q1yaWwwv2Ig0jUZx3OYa4XoRAfwADXoAwfo1+CIjyFRuEho60aSNYlOPxEAAAh+QQFCgAPACwAAAIADQANAAAENPA9s4y8+IUVcqaWJ4qEQozSoAzoIyhCK2NFU2SJk0hNnyEOhKR2AzAAj4Pj4GE4W0bkJQIAOw==\" \/><div class=\"clear pt-cv-clear-pagination\"><\/div><\/div><\/div>\n<h2>MISIUNE<\/h2>\n<hr \/>\n<div class=\"pt-cv-wrapper\"><div class=\"pt-cv-view pt-cv-grid pt-cv-colsys\" id=\"pt-cv-view-f069b1fnxe\"><div data-id=\"pt-cv-page-1\" class=\"pt-cv-page\" data-cvc=\"1\"><div class=\"col-md-12 col-sm-6 col-xs-12 pt-cv-content-item pt-cv-1-col\" ><div class='pt-cv-ifield'><a href=\"https:\/\/adventistoltenia.ro\/site\/o-sansa-data-bunatatii\/\" class=\"_self pt-cv-href-thumbnail pt-cv-thumb-default\" target=\"_self\" ><img width=\"800\" height=\"450\" src=\"https:\/\/adventistoltenia.ro\/site\/wp-content\/uploads\/2018\/07\/Cover.png\" class=\"pt-cv-thumbnail\" alt=\"\" decoding=\"async\" loading=\"lazy\" srcset=\"https:\/\/adventistoltenia.ro\/site\/wp-content\/uploads\/2018\/07\/Cover.png 800w, https:\/\/adventistoltenia.ro\/site\/wp-content\/uploads\/2018\/07\/Cover-300x169.png 300w, https:\/\/adventistoltenia.ro\/site\/wp-content\/uploads\/2018\/07\/Cover-768x432.png 768w, https:\/\/adventistoltenia.ro\/site\/wp-content\/uploads\/2018\/07\/Cover-500x280.png 500w, https:\/\/adventistoltenia.ro\/site\/wp-content\/uploads\/2018\/07\/Cover-350x197.png 350w, https:\/\/adventistoltenia.ro\/site\/wp-content\/uploads\/2018\/07\/Cover-700x394.png 700w\" sizes=\"(max-width: 800px) 100vw, 800px\" \/><\/a>\n<h3 class=\"pt-cv-title\"><a href=\"https:\/\/adventistoltenia.ro\/site\/o-sansa-data-bunatatii\/\" class=\"_self\" target=\"_self\" >O \u0219ans\u0103 dat\u0103 bun\u0103t\u0103\u021bii<\/a><\/h3>\n<div class=\"pt-cv-content\">S\u00e2mb\u0103t\u0103, 30 iunie 2018, un grup de credincio\u0219i din bisericile din Dobrote\u0219ti (TR), V\u0103leni \u0219i Nicolae Titulescu (OT) au vizitat ...<br \/><div class=\"pt-cv-rmwrap\"><a href=\"https:\/\/adventistoltenia.ro\/site\/o-sansa-data-bunatatii\/\" class=\"_self pt-cv-readmore btn btn-success\" target=\"_self\">Cite\u0219te mai mult<\/a><\/div><\/div><\/div><\/div><\/div><\/div><\/div>\n<h2>EVENIMENTE<\/h2>\n<hr \/>\n<div class=\"pt-cv-wrapper\"><div class=\"pt-cv-view pt-cv-grid pt-cv-colsys\" id=\"pt-cv-view-1715e8e8gp\"><div data-id=\"pt-cv-page-1\" class=\"pt-cv-page\" data-cvc=\"2\"><div class=\"col-md-6 col-sm-6 col-xs-12 pt-cv-content-item pt-cv-1-col\" ><div class='pt-cv-ifield'><a href=\"https:\/\/adventistoltenia.ro\/site\/conferinta-stiintifica-internationala\/\" class=\"_self pt-cv-href-thumbnail pt-cv-thumb-default\" target=\"_self\" ><img width=\"300\" height=\"169\" src=\"https:\/\/adventistoltenia.ro\/site\/wp-content\/uploads\/2019\/10\/conferinta-300x169.jpg\" class=\"pt-cv-thumbnail\" alt=\"\" decoding=\"async\" loading=\"lazy\" srcset=\"https:\/\/adventistoltenia.ro\/site\/wp-content\/uploads\/2019\/10\/conferinta-300x169.jpg 300w, https:\/\/adventistoltenia.ro\/site\/wp-content\/uploads\/2019\/10\/conferinta-768x432.jpg 768w, https:\/\/adventistoltenia.ro\/site\/wp-content\/uploads\/2019\/10\/conferinta.jpg 800w, https:\/\/adventistoltenia.ro\/site\/wp-content\/uploads\/2019\/10\/conferinta-500x280.jpg 500w, https:\/\/adventistoltenia.ro\/site\/wp-content\/uploads\/2019\/10\/conferinta-350x197.jpg 350w, https:\/\/adventistoltenia.ro\/site\/wp-content\/uploads\/2019\/10\/conferinta-700x394.jpg 700w\" sizes=\"(max-width: 300px) 100vw, 300px\" \/><\/a>\n<h3 class=\"pt-cv-title\"><a href=\"https:\/\/adventistoltenia.ro\/site\/conferinta-stiintifica-internationala\/\" class=\"_self\" target=\"_self\" >Conferin\u021ba \u0218tiin\u021bific\u0103 Interna\u021bional\u0103<\/a><\/h3>\n<div class=\"pt-cv-content\">\u00cen zilele de 1 \u2013 3 octombrie 2019 s-a desf\u0103\u0219urat la Bucure\u0219ti a VII-a edi\u021bie a Conferin\u021bei \u0218tiin\u021bifice Interna\u021bionale, ini\u0163iat\u0103 ...<br \/><div class=\"pt-cv-rmwrap\"><a href=\"https:\/\/adventistoltenia.ro\/site\/conferinta-stiintifica-internationala\/\" class=\"_self pt-cv-readmore btn btn-success\" target=\"_self\">Cite\u0219te mai mult<\/a><\/div><\/div><\/div><\/div>\n<div class=\"col-md-6 col-sm-6 col-xs-12 pt-cv-content-item pt-cv-1-col\" ><div class='pt-cv-ifield'><a href=\"https:\/\/adventistoltenia.ro\/site\/ateleriere-si-specializari\/\" class=\"_self pt-cv-href-thumbnail pt-cv-thumb-default\" target=\"_self\" ><img width=\"300\" height=\"169\" src=\"https:\/\/adventistoltenia.ro\/site\/wp-content\/uploads\/2019\/02\/activitati-300x169.png\" class=\"pt-cv-thumbnail\" alt=\"\" decoding=\"async\" loading=\"lazy\" srcset=\"https:\/\/adventistoltenia.ro\/site\/wp-content\/uploads\/2019\/02\/activitati-300x169.png 300w, https:\/\/adventistoltenia.ro\/site\/wp-content\/uploads\/2019\/02\/activitati-768x432.png 768w, https:\/\/adventistoltenia.ro\/site\/wp-content\/uploads\/2019\/02\/activitati.png 800w, https:\/\/adventistoltenia.ro\/site\/wp-content\/uploads\/2019\/02\/activitati-500x280.png 500w, https:\/\/adventistoltenia.ro\/site\/wp-content\/uploads\/2019\/02\/activitati-350x197.png 350w, https:\/\/adventistoltenia.ro\/site\/wp-content\/uploads\/2019\/02\/activitati-700x394.png 700w\" sizes=\"(max-width: 300px) 100vw, 300px\" \/><\/a>\n<h3 class=\"pt-cv-title\"><a href=\"https:\/\/adventistoltenia.ro\/site\/ateleriere-si-specializari\/\" class=\"_self\" target=\"_self\" >Ateleriere \u0219i specializ\u0103ri<\/a><\/h3>\n<div class=\"pt-cv-content\"><a href=\"http:\/\/adventistoltenia.ro\/site\/wp-content\/uploads\/2019\/02\/IMG-20190208-WA0000.jpg\"><\/a> ...<br \/><div class=\"pt-cv-rmwrap\"><a href=\"https:\/\/adventistoltenia.ro\/site\/ateleriere-si-specializari\/\" class=\"_self pt-cv-readmore btn btn-success\" target=\"_self\">Cite\u0219te mai mult<\/a><\/div><\/div><\/div><\/div><\/div><\/div><\/div>\n<h2>COPII \u0218I TINERI<\/h2>\n<hr \/>\n<div class=\"pt-cv-wrapper\"><div class=\"pt-cv-view pt-cv-grid pt-cv-colsys\" id=\"pt-cv-view-719998345k\"><div data-id=\"pt-cv-page-1\" class=\"pt-cv-page\" data-cvc=\"2\"><div class=\"col-md-6 col-sm-6 col-xs-12 pt-cv-content-item pt-cv-1-col\" ><div class='pt-cv-ifield'><a href=\"https:\/\/adventistoltenia.ro\/site\/evenimentele-ultimelor-zile-sabatul-tinerilor\/\" class=\"_self pt-cv-href-thumbnail pt-cv-thumb-default\" target=\"_self\" ><img width=\"300\" height=\"169\" src=\"https:\/\/adventistoltenia.ro\/site\/wp-content\/uploads\/2019\/12\/conferinta-800x450-300x169.jpg\" class=\"pt-cv-thumbnail\" alt=\"\" decoding=\"async\" loading=\"lazy\" srcset=\"https:\/\/adventistoltenia.ro\/site\/wp-content\/uploads\/2019\/12\/conferinta-800x450-300x169.jpg 300w, https:\/\/adventistoltenia.ro\/site\/wp-content\/uploads\/2019\/12\/conferinta-800x450-768x432.jpg 768w, https:\/\/adventistoltenia.ro\/site\/wp-content\/uploads\/2019\/12\/conferinta-800x450.jpg 800w, https:\/\/adventistoltenia.ro\/site\/wp-content\/uploads\/2019\/12\/conferinta-800x450-500x280.jpg 500w, https:\/\/adventistoltenia.ro\/site\/wp-content\/uploads\/2019\/12\/conferinta-800x450-350x197.jpg 350w, https:\/\/adventistoltenia.ro\/site\/wp-content\/uploads\/2019\/12\/conferinta-800x450-700x394.jpg 700w\" sizes=\"(max-width: 300px) 100vw, 300px\" \/><\/a>\n<h3 class=\"pt-cv-title\"><a href=\"https:\/\/adventistoltenia.ro\/site\/evenimentele-ultimelor-zile-sabatul-tinerilor\/\" class=\"_self\" target=\"_self\" >Evenimentele ultimelor zile &#8211; Sabatul Tinerilor<\/a><\/h3>\n<div class=\"pt-cv-content\">\u00cen sabatul din 16 noiembrie 2019 s-a desf\u0103\u0219urat la Slatina, \u00eentr-o atmosfer\u0103 de entuziasm \u0219i bucurie, o \u00eent\u00e2lnire deosebit\u0103 a ...<br \/><div class=\"pt-cv-rmwrap\"><a href=\"https:\/\/adventistoltenia.ro\/site\/evenimentele-ultimelor-zile-sabatul-tinerilor\/\" class=\"_self pt-cv-readmore btn btn-success\" target=\"_self\">Cite\u0219te mai mult<\/a><\/div><\/div><\/div><\/div>\n<div class=\"col-md-6 col-sm-6 col-xs-12 pt-cv-content-item pt-cv-1-col\" ><div class='pt-cv-ifield'><a href=\"https:\/\/adventistoltenia.ro\/site\/sabatul-tinerilor\/\" class=\"_self pt-cv-href-thumbnail pt-cv-thumb-default\" target=\"_self\" ><img width=\"300\" height=\"169\" src=\"https:\/\/adventistoltenia.ro\/site\/wp-content\/uploads\/2019\/10\/sabatul-tinerilor-300x169.jpg\" class=\"pt-cv-thumbnail\" alt=\"\" decoding=\"async\" loading=\"lazy\" srcset=\"https:\/\/adventistoltenia.ro\/site\/wp-content\/uploads\/2019\/10\/sabatul-tinerilor-300x169.jpg 300w, https:\/\/adventistoltenia.ro\/site\/wp-content\/uploads\/2019\/10\/sabatul-tinerilor-768x432.jpg 768w, https:\/\/adventistoltenia.ro\/site\/wp-content\/uploads\/2019\/10\/sabatul-tinerilor.jpg 800w, https:\/\/adventistoltenia.ro\/site\/wp-content\/uploads\/2019\/10\/sabatul-tinerilor-500x280.jpg 500w, https:\/\/adventistoltenia.ro\/site\/wp-content\/uploads\/2019\/10\/sabatul-tinerilor-350x197.jpg 350w, https:\/\/adventistoltenia.ro\/site\/wp-content\/uploads\/2019\/10\/sabatul-tinerilor-700x394.jpg 700w\" sizes=\"(max-width: 300px) 100vw, 300px\" \/><\/a>\n<h3 class=\"pt-cv-title\"><a href=\"https:\/\/adventistoltenia.ro\/site\/sabatul-tinerilor\/\" class=\"_self\" target=\"_self\" >Sabatul tinerilor<\/a><\/h3>\n<div class=\"pt-cv-content\">Vrei s\u0103 \u0219tii cum se va desf\u0103\u0219ura istoria din perspectiva biblic\u0103? Ai dori s\u0103 descoperi adev\u0103rul despre Sf\u00e2r\u0219itul Lumii? E\u0219ti ...<br \/><div class=\"pt-cv-rmwrap\"><a href=\"https:\/\/adventistoltenia.ro\/site\/sabatul-tinerilor\/\" class=\"_self pt-cv-readmore btn btn-success\" target=\"_self\">Cite\u0219te mai mult<\/a><\/div><\/div><\/div><\/div><\/div><\/div><\/div>\n ","protected":false},"excerpt":{"rendered":"<p>POST\u0102RI RECENTE MISIUNE EVENIMENTE COPII \u0218I TINERI<\/p>\n","protected":false},"author":4,"featured_media":0,"parent":0,"menu_order":0,"comment_status":"closed","ping_status":"closed","template":"","meta":[],"yoast_head":"<!-- This site is optimized with the Yoast SEO plugin v20.3 - https:\/\/yoast.com\/wordpress\/plugins\/seo\/ -->\n<title>Nout\u0103\u021bi - Conferinta Oltenia<\/title>\n<meta name=\"robots\" content=\"index, follow, max-snippet:-1, max-image-preview:large, max-video-preview:-1\" \/>\n<link rel=\"canonical\" href=\"https:\/\/adventistoltenia.ro\/site\/noutati\/\" \/>\n<meta property=\"og:locale\" content=\"en_US\" \/>\n<meta property=\"og:type\" content=\"article\" \/>\n<meta property=\"og:title\" content=\"Nout\u0103\u021bi - Conferinta Oltenia\" \/>\n<meta property=\"og:description\" content=\"POST\u0102RI RECENTE MISIUNE EVENIMENTE COPII \u0218I TINERI\" \/>\n<meta property=\"og:url\" content=\"https:\/\/adventistoltenia.ro\/site\/noutati\/\" \/>\n<meta property=\"og:site_name\" content=\"Conferinta Oltenia\" \/>\n<meta property=\"article:modified_time\" content=\"2020-03-21T18:20:26+00:00\" \/>\n<meta name=\"twitter:card\" content=\"summary_large_image\" \/>\n<script type=\"application\/ld+json\" class=\"yoast-schema-graph\">{\"@context\":\"https:\/\/schema.org\",\"@graph\":[{\"@type\":\"WebPage\",\"@id\":\"https:\/\/adventistoltenia.ro\/site\/noutati\/\",\"url\":\"https:\/\/adventistoltenia.ro\/site\/noutati\/\",\"name\":\"Nout\u0103\u021bi - Conferinta Oltenia\",\"isPartOf\":{\"@id\":\"https:\/\/adventistoltenia.ro\/site\/#website\"},\"datePublished\":\"2017-09-14T12:55:23+00:00\",\"dateModified\":\"2020-03-21T18:20:26+00:00\",\"breadcrumb\":{\"@id\":\"https:\/\/adventistoltenia.ro\/site\/noutati\/#breadcrumb\"},\"inLanguage\":\"en-US\",\"potentialAction\":[{\"@type\":\"ReadAction\",\"target\":[\"https:\/\/adventistoltenia.ro\/site\/noutati\/\"]}]},{\"@type\":\"BreadcrumbList\",\"@id\":\"https:\/\/adventistoltenia.ro\/site\/noutati\/#breadcrumb\",\"itemListElement\":[{\"@type\":\"ListItem\",\"position\":1,\"name\":\"Home\",\"item\":\"https:\/\/adventistoltenia.ro\/site\/\"},{\"@type\":\"ListItem\",\"position\":2,\"name\":\"Nout\u0103\u021bi\"}]},{\"@type\":\"WebSite\",\"@id\":\"https:\/\/adventistoltenia.ro\/site\/#website\",\"url\":\"https:\/\/adventistoltenia.ro\/site\/\",\"name\":\"Conferinta Oltenia\",\"description\":\"Biserica Adventista de Ziua a Saptea\",\"potentialAction\":[{\"@type\":\"SearchAction\",\"target\":{\"@type\":\"EntryPoint\",\"urlTemplate\":\"https:\/\/adventistoltenia.ro\/site\/?s={search_term_string}\"},\"query-input\":\"required name=search_term_string\"}],\"inLanguage\":\"en-US\"}]}<\/script>\n<!-- \/ Yoast SEO plugin. -->","yoast_head_json":{"title":"Nout\u0103\u021bi - Conferinta Oltenia","robots":{"index":"index","follow":"follow","max-snippet":"max-snippet:-1","max-image-preview":"max-image-preview:large","max-video-preview":"max-video-preview:-1"},"canonical":"https:\/\/adventistoltenia.ro\/site\/noutati\/","og_locale":"en_US","og_type":"article","og_title":"Nout\u0103\u021bi - Conferinta Oltenia","og_description":"POST\u0102RI RECENTE MISIUNE EVENIMENTE COPII \u0218I TINERI","og_url":"https:\/\/adventistoltenia.ro\/site\/noutati\/","og_site_name":"Conferinta Oltenia","article_modified_time":"2020-03-21T18:20:26+00:00","twitter_card":"summary_large_image","schema":{"@context":"https:\/\/schema.org","@graph":[{"@type":"WebPage","@id":"https:\/\/adventistoltenia.ro\/site\/noutati\/","url":"https:\/\/adventistoltenia.ro\/site\/noutati\/","name":"Nout\u0103\u021bi - Conferinta Oltenia","isPartOf":{"@id":"https:\/\/adventistoltenia.ro\/site\/#website"},"datePublished":"2017-09-14T12:55:23+00:00","dateModified":"2020-03-21T18:20:26+00:00","breadcrumb":{"@id":"https:\/\/adventistoltenia.ro\/site\/noutati\/#breadcrumb"},"inLanguage":"en-US","potentialAction":[{"@type":"ReadAction","target":["https:\/\/adventistoltenia.ro\/site\/noutati\/"]}]},{"@type":"BreadcrumbList","@id":"https:\/\/adventistoltenia.ro\/site\/noutati\/#breadcrumb","itemListElement":[{"@type":"ListItem","position":1,"name":"Home","item":"https:\/\/adventistoltenia.ro\/site\/"},{"@type":"ListItem","position":2,"name":"Nout\u0103\u021bi"}]},{"@type":"WebSite","@id":"https:\/\/adventistoltenia.ro\/site\/#website","url":"https:\/\/adventistoltenia.ro\/site\/","name":"Conferinta Oltenia","description":"Biserica Adventista de Ziua a Saptea","potentialAction":[{"@type":"SearchAction","target":{"@type":"EntryPoint","urlTemplate":"https:\/\/adventistoltenia.ro\/site\/?s={search_term_string}"},"query-input":"required name=search_term_string"}],"inLanguage":"en-US"}]}},"_links":{"self":[{"href":"https:\/\/adventistoltenia.ro\/site\/wp-json\/wp\/v2\/pages\/1836"}],"collection":[{"href":"https:\/\/adventistoltenia.ro\/site\/wp-json\/wp\/v2\/pages"}],"about":[{"href":"https:\/\/adventistoltenia.ro\/site\/wp-json\/wp\/v2\/types\/page"}],"author":[{"embeddable":true,"href":"https:\/\/adventistoltenia.ro\/site\/wp-json\/wp\/v2\/users\/4"}],"replies":[{"embeddable":true,"href":"https:\/\/adventistoltenia.ro\/site\/wp-json\/wp\/v2\/comments?post=1836"}],"version-history":[{"count":96,"href":"https:\/\/adventistoltenia.ro\/site\/wp-json\/wp\/v2\/pages\/1836\/revisions"}],"predecessor-version":[{"id":3330,"href":"https:\/\/adventistoltenia.ro\/site\/wp-json\/wp\/v2\/pages\/1836\/revisions\/3330"}],"wp:attachment":[{"href":"https:\/\/adventistoltenia.ro\/site\/wp-json\/wp\/v2\/media?parent=1836"}],"curies":[{"name":"wp","href":"https:\/\/api.w.org\/{rel}","templated":true}]}}