{"id":202,"date":"2014-05-28T01:51:07","date_gmt":"2014-05-28T01:51:07","guid":{"rendered":"http:\/\/themes.wplook.com\/benevolence\/?page_id=202"},"modified":"2018-04-16T08:04:38","modified_gmt":"2018-04-16T08:04:38","slug":"declaratii-oficiale","status":"publish","type":"page","link":"https:\/\/adventistoltenia.ro\/site\/declaratii-oficiale\/","title":{"rendered":"Declaratii Oficiale"},"content":{"rendered":"<h2 align=\"left\"><strong>Declaratii oficiale<\/strong><\/h2>\n<p>Deseori se aud \u00eentreb\u0103ri \u2013 \u201cCe spune Biserica Adventist\u0103 de Ziua a \u015eaptea despre\u2026?\u201d \u00centreb\u0103rile acestea vin chiar de la credincio\u015fii adventi\u015fti, sau de la pastorii bisericilor \u015fi de asemenea de la publicul larg, sau pres\u0103.<\/p>\n<p>Referindu-ne la dezvoltarea Bisericii Adventiste de Ziua a \u015eaptea \u00eentre anii 1980 \u015fi 1990, noi recunoa\u015ftem un interes viu, manifestat \u00een multe cercuri, pentru afirmarea \u015fi publicarea declara\u0163iilor oficiale ale Bisericii pe diferite subiecte, sau probleme. Deseori, aceste declara\u0163ii sunt o reac\u0163ie la preocup\u0103ri de interes public, care se desf\u0103\u015foar\u0103 f\u0103r\u0103 ca s\u0103 se a\u015ftepte din partea Bisericii, ca for\u0163\u0103 moral\u0103 \u00een societate, o clarificare, exprimarea unei pozi\u0163ii, sau manifestarea unei \u00eengrijor\u0103ri.<\/p>\n<p>Adventi\u015ftii, ca membri ai societ\u0103\u0163ii, reflect\u0103 adesea provoc\u0103rile \u015fi nevoile celor din jurul lor. Unele dintre aceste probleme nu sunt noi, dar ele probabil c\u0103 suscit\u0103 un interes mai mare ast\u0103zi. Documentele puse la dispozi\u0163ie aici reprezint\u0103 un \u00eentreg spectru al acestor probleme \u015fi preocup\u0103ri.<\/p>\n<p>Istoria Bisericii ne trimite c\u0103tre anii 1860, c\u00e2nd organiza\u0163ia a fost stabilit\u0103 oficial. Din primii ani \u015fi de-a lungul istoriei ei, Biserica Adventist\u0103 de Ziua a \u015eaptea a fost recunoscut\u0103 ca un grup de cre\u015ftini sinceri, care s-au exprimat \u015fi au luat pozi\u0163ie pentru anumite preocup\u0103ri. Lista acestora este chiar impresionant\u0103 \u2013 drepturile civile, anti-sclavagismul, libertatea religioas\u0103, reforma s\u0103n\u0103t\u0103\u0163ii \u015fi temperan\u0163a, prevenirea alcoolismului \u015fi a dependen\u0163ei de droguri, campania anti-fumat, educa\u0163ie, bun\u0103stare, ajutorare \u015fi dezvoltare \u015fi a\u015fa mai departe.<\/p>\n<p>Cu toate c\u0103 mo\u015ftenirea trecutului \u00eei arat\u0103 pe adventi\u015fti ca fiind reformatori, ea mai arat\u0103 \u015fi faptul c\u0103 liderii Bisericii au \u015fov\u0103it uneori \u00een luarea unor pozi\u0163ii publice. Excep\u0163iile includ preocup\u0103ri cum ar fi libertatea religioas\u0103 \u015fi temperan\u0163a. \u00cen mod specific, adventi\u015ftii scot \u00een eviden\u0163\u0103 faptul c\u0103 schimb\u0103rile din societate au cel mai mare efect prin schimbarea vie\u0163ii personale. Declara\u0163iile publice sau ac\u0163iunea public\u0103 nu au fost abord\u0103rile preferate \u00een influen\u0163area problemelor sociale.<\/p>\n<p>\u00cen timp ce adventi\u015ftii au folosit cu succes amvonul bisericii \u015fi s\u0103lile de clas\u0103 pentru a vorbi \u00eempotriva relelor din societate, sau pentru a promova valorile cre\u015ftine, ei nu \u015fi-au oficializat p\u00e2n\u0103 de cur\u00e2nd pozi\u0163iile prin declara\u0163ii publice. La \u00eenceput, abordarea nu s-a bazat pe alc\u0103tuirea unui crez, iar \u201cpunctele fundamentale de credin\u0163\u0103\u201d au fost formulate sub forma unei \u201cdeclara\u0163ii de doctrin\u0103\u201d abia prin anii 1930.<\/p>\n<p>Aceast\u0103 pagin\u0103 prezint\u0103 declara\u0163ii \u015fi reglement\u0103ri discutate, aprobate \u015fi votate de c\u0103tre conduc\u0103torii Bisericii \u00eencep\u00e2nd din 1980. Acestea au fost redactate pentru publicul larg, dar unele dintre ele reflect\u0103 anumite subiecte de ordin intern ale Bisericii. Ve\u0163i g\u0103si aici documente adoptate de Conferin\u0163a General\u0103 \u00een sesiune, de Comitetului Administrativ al Conferin\u0163ei Generale, sau de Biroul Pre\u015fedintelui Conferin\u0163ei Generale. Documentele accesibile aici sunt \u00eemp\u0103r\u0163ite \u00een trei categorii:<\/p>\n<ol>\n<li>Declara\u0163ii de pozi\u0163ie, incluz\u00e2nd Declara\u0163ia de misiune a Bisericii Adventiste de Ziua a \u015eaptea<\/li>\n<li>Reglement\u0103ri<\/li>\n<li>Alte documente, cum ar fi un studiu despre SIDA, sau un document care explic\u0103 concep\u0163ia Bisericii asupra rela\u0163iilor interconfesionale \u015fi a\u015fa numita mi\u015fcare ecumenic\u0103.<\/li>\n<\/ol>\n<p>Rolul Bisericii Adventiste de Ziua a \u015eaptea \u00een societate\u00a0cere ca adev\u0103rul \u015fi concep\u0163iile sus\u0163inute s\u0103 fie cunoscute. Acest lucru va continua s\u0103 fie o cerin\u0163\u0103 din partea societ\u0103\u0163ii \u015fi va duce la nevoia de a defini relevan\u021ba adventismului\u00a0pentru cei care pun \u00eentreb\u0103ri \u015fi caut\u0103 r\u0103spunsuri la dilemele \u015fi problemele lor.<\/p>\n<p>Documentele prezentate aici nu sunt un r\u0103spuns final \u00een sine, ci sunt o imagine a unei mi\u015fc\u0103ri sensibile fa\u0163\u0103 de chemarea f\u0103cut\u0103 \u015fi fa\u0163\u0103 de poporul care \u201cs\u0103 \u015ftie cum trebuie s\u0103 r\u0103spund\u0103 fiec\u0103ruia\u201d (Col. 4:6). Importan\u0163a acestor documente ar putea fi rezumat\u0103 astfel \u2013 ac\u0163iunile vorbesc mai tare dec\u00e2t cuvintele.<\/p>\n<p>Ray Dabrowski, director al Departamentului Comunica\u0163ii al Conferin\u0163ei Generale<\/p>\n<p><strong>NOTE:<\/strong><br \/>\n<em>Unele dintre declara\u0163iile afi\u015fate pe aceast\u0103 pagin\u0103\u00a0au fost adoptate de Biserica Adventist\u0103 din Rom\u00e2nia \u015fi se refer\u0103 la situa\u0163ii specifice rom\u00e2ne\u015fti<\/em><\/p>\n<h2>List\u0103 declara\u021bii oficiale:<\/h2>\n<p>A<\/p>\n<p><a href=\"http:\/\/www.adventist.ro\/index\/abuzul-si-violenta-in-familie\/\" target=\"_blank\" rel=\"noopener noreferrer\">Abuzul \u0219i violen\u021ba \u00een familie<\/a><\/p>\n<p><a href=\"http:\/\/www.adventist.ro\/index\/wp-admin\/post.php?post=1063&amp;action=edit\" target=\"_blank\" rel=\"noopener noreferrer\">Abuzul sexual asupra copiilor<\/a><\/p>\n<p><a href=\"http:\/\/www.adventist.ro\/index\/analfabetism\/\" target=\"_blank\" rel=\"noopener noreferrer\">Analfabetism<\/a><\/p>\n<p>B<\/p>\n<p><a href=\"http:\/\/www.adventist.ro\/index\/metode-de-studiu-a-bibliei\/\" target=\"_blank\" rel=\"noopener noreferrer\">Biblia \u2013 metode de studiu<\/a><\/p>\n<p>C<\/p>\n<p><a href=\"http:\/\/www.adventist.ro\/index\/creatia-viziunea-bibliei-despre-lume\/\">Crea\u0163ia: Viziunea Bibliei despre lume<\/a><\/p>\n<p><a href=\"http:\/\/www.adventist.ro\/index\/o-afirmare-a-creatiunii\/\" target=\"_blank\" rel=\"noopener noreferrer\">O afirmare a Crea\u0163iunii<\/a><\/p>\n<p><a href=\"http:\/\/www.adventist.ro\/index\/creatiunea-si-grija-pentru-mediu\/\" target=\"_blank\" rel=\"noopener noreferrer\">Crea\u021biunea \u0219i grija pentru mediu<\/a><\/p>\n<p><a href=\"http:\/\/www.adventist.ro\/index\/controlul-nasterilor\/\" target=\"_blank\" rel=\"noopener noreferrer\">Controlul na\u0219terilor<\/a><\/p>\n<p><a href=\"http:\/\/www.adventist.ro\/index\/clonarea\/\" target=\"_blank\" rel=\"noopener noreferrer\">Clonarea<\/a><\/p>\n<p><a href=\"http:\/\/www.adventist.ro\/index\/clima-apel-catre-guverne\/\" target=\"_blank\" rel=\"noopener noreferrer\">Clima \u2013 apel c\u0103tre guverne<\/a><\/p>\n<p><a href=\"http:\/\/www.adventist.ro\/index\/casatoria\/\" target=\"_blank\" rel=\"noopener noreferrer\">C\u0103s\u0103toria<\/a><\/p>\n<p>D<\/p>\n<p><a href=\"http:\/\/www.adventist.ro\/index\/declaratie-cu-privire-la-cresterea-si-ocrotirea-copiilor\/\" target=\"_blank\" rel=\"noopener noreferrer\">Declara\u0163ie cu privire la cre\u015fterea \u015fi ocrotirea copiilor<\/a><\/p>\n<p><a href=\"http:\/\/www.adventist.ro\/index\/declaratia-cu-privire-la-uniunile-casatoriile-intre-persoane-de-acelasi-sex\/\" target=\"_blank\" rel=\"noopener noreferrer\">Declara\u021bia cu privire la uniunile\/c\u0103s\u0103toriile \u00eentre persoane de acela\u0219i sex<\/a><\/p>\n<p><a href=\"http:\/\/www.adventist.ro\/index\/declaratia-bisericii-adventiste-de-ziua-a-saptea-cu-privire-la-libertatea-de-exprimare-si-defaimarea-religiei\/\" target=\"_blank\" rel=\"noopener noreferrer\">Declara\u021bia Bisericii Adventiste de Ziua a \u0218aptea cu privire la libertatea de exprimare \u0219i def\u0103imarea religiei<\/a><\/p>\n<p><a href=\"http:\/\/www.adventist.ro\/index\/droguri\/\" target=\"_blank\" rel=\"noopener noreferrer\">Droguri<\/a><\/p>\n<p><a href=\"http:\/\/www.adventist.ro\/index\/drepturile-omului\/\" target=\"_blank\" rel=\"noopener noreferrer\">Drepturile omului<\/a><\/p>\n<p><a href=\"http:\/\/www.adventist.ro\/index\/dependenta-si-abuzul-de-substante-chimice\/\" target=\"_blank\" rel=\"noopener noreferrer\">Dependen\u021ba \u0219i abuzul de substan\u021be chimice<\/a><\/p>\n<p><a href=\"http:\/\/www.adventist.ro\/index\/creatiunea-si-grija-pentru-mediu\/\" target=\"_blank\" rel=\"noopener noreferrer\">Crea\u021biunea \u0219i grija pentru mediu<\/a><\/p>\n<p><a href=\"http:\/\/www.adventist.ro\/index\/drepturile-copiilor\/\" target=\"_blank\" rel=\"noopener noreferrer\">Drepturile copiilor<\/a><\/p>\n<p>E<\/p>\n<p><a href=\"http:\/\/www.adventist.ro\/index\/eutanasia\/\" target=\"_blank\" rel=\"noopener noreferrer\">Eutanasia<\/a><\/p>\n<p><a href=\"http:\/\/www.adventist.ro\/index\/emigratia-pentru-munca\/\" target=\"_blank\" rel=\"noopener noreferrer\">Emigra\u021bia pentru munc\u0103<\/a><\/p>\n<p>F<\/p>\n<p><a href=\"http:\/\/www.adventist.ro\/index\/familia-si-caminul\/\" target=\"_blank\" rel=\"noopener noreferrer\">Familia \u0219i c\u0103minul<\/a><\/p>\n<p><a href=\"http:\/\/www.adventist.ro\/index\/familia\/\" target=\"_blank\" rel=\"noopener noreferrer\">Familia<\/a><\/p>\n<p><a href=\"http:\/\/www.adventist.ro\/index\/fumatul-si-tutunul\/\" target=\"_blank\" rel=\"noopener noreferrer\">Fumatul \u0219i tutunul<\/a><\/p>\n<p><a href=\"http:\/\/www.adventist.ro\/index\/fumatul-si-etica\/\" target=\"_blank\" rel=\"noopener noreferrer\">Fumatul \u0219i etica<\/a><\/p>\n<p><a href=\"http:\/\/www.adventist.ro\/index\/rolul-femeii\/\" target=\"_blank\" rel=\"noopener noreferrer\">Rolul femeii<\/a><\/p>\n<p>H<\/p>\n<p><a href=\"http:\/\/www.adventist.ro\/index\/homosexualitatea\/\" target=\"_blank\" rel=\"noopener noreferrer\">Homosexualitatea<\/a><\/p>\n<p>I<\/p>\n<p><a href=\"http:\/\/www.adventist.ro\/index\/institutii-de-sanatatea-adventiste\/\" target=\"_blank\" rel=\"noopener noreferrer\">Institu\u021bii de s\u0103n\u0103tate adventiste<\/a><\/p>\n<p>J<\/p>\n<p><a href=\"http:\/\/www.adventist.ro\/index\/jocuri-de-noroc-si-etica\/\" target=\"_blank\" rel=\"noopener noreferrer\">Jocuri de noroc \u0219i etic\u0103<\/a><\/p>\n<p><a href=\"http:\/\/www.adventist.ro\/index\/jocuri-de-noroc\/\" target=\"_blank\" rel=\"noopener noreferrer\">Jocuri de noroc<\/a><\/p>\n<p>L<\/p>\n<p><a href=\"http:\/\/www.adventist.ro\/index\/libertatea-religioasa-si-minoritatile-religioase\/\" target=\"_blank\" rel=\"noopener noreferrer\">Libertatea religioas\u0103 \u0219i minorit\u0103\u021bile religioase<\/a><\/p>\n<p><a href=\"http:\/\/www.adventist.ro\/index\/libertatea-religioasa\/\" target=\"_blank\" rel=\"noopener noreferrer\">Libertatea religioas\u0103<\/a><\/p>\n<p>M<\/p>\n<p><a href=\"http:\/\/www.adventist.ro\/index\/mediul-inconjurator\/\" target=\"_blank\" rel=\"noopener noreferrer\">Mediul \u00eenconjur\u0103tor<\/a><\/p>\n<p><a href=\"http:\/\/www.adventist.ro\/index\/misiunea-noastra\/\" target=\"_blank\" rel=\"noopener noreferrer\">Misiunea noastr\u0103<\/a><\/p>\n<p><a href=\"http:\/\/www.adventist.ro\/index\/miscarea-ecumenica\/\" target=\"_blank\" rel=\"noopener noreferrer\">Mi\u0219carea ecumenic\u0103<\/a><\/p>\n<p>P<\/p>\n<p><a href=\"http:\/\/www.adventist.ro\/index\/prozelitism\/\" target=\"_blank\" rel=\"noopener noreferrer\">Prozelitism<\/a><\/p>\n<p><a href=\"http:\/\/www.adventist.ro\/index\/pornografia\/\" target=\"_blank\" rel=\"noopener noreferrer\">Pornografia<\/a><\/p>\n<p><a href=\"http:\/\/www.adventist.ro\/index\/pace-in-lume\/\" target=\"_blank\" rel=\"noopener noreferrer\">Pace \u00een lume<\/a><\/p>\n<p><a href=\"http:\/\/www.adventist.ro\/index\/pace\/\" target=\"_blank\" rel=\"noopener noreferrer\">Pace<\/a><\/p>\n<p><a href=\"http:\/\/www.adventist.ro\/index\/publicitate-pentru-alcool-si-tutun\/\" target=\"_blank\" rel=\"noopener noreferrer\">Publicitate pentru alcool \u0219i tutun<\/a><\/p>\n<p>R<\/p>\n<p><a href=\"http:\/\/www.adventist.ro\/index\/romano-catolicii-si-adventistii\/\" target=\"_blank\" rel=\"noopener noreferrer\">Romano \u2013 catolicii \u0219i adventi\u0219tii<\/a><\/p>\n<p><a href=\"http:\/\/www.adventist.ro\/index\/rolul-femeii\/\" target=\"_blank\" rel=\"noopener noreferrer\">Rolul femeii<\/a><\/p>\n<p><a href=\"http:\/\/www.adventist.ro\/index\/respectul-intre-crestini\/\" target=\"_blank\" rel=\"noopener noreferrer\">Respectul \u00eentre cre\u015ftini<\/a><\/p>\n<p><a href=\"http:\/\/www.adventist.ro\/index\/relatii-umane\/\" target=\"_blank\" rel=\"noopener noreferrer\">Rela\u021bii umane<\/a><\/p>\n<p><a href=\"http:\/\/www.adventist.ro\/index\/rasism\/\" target=\"_blank\" rel=\"noopener noreferrer\">Rasism<\/a><\/p>\n<p><a href=\"http:\/\/www.adventist.ro\/index\/rolul-celor-10-porunci-in-viata-publica\/\" target=\"_blank\" rel=\"noopener noreferrer\">Rolul celor 10 porunci \u00een via\u021ba public\u0103<\/a><\/p>\n<p>S<\/p>\n<p><a href=\"http:\/\/www.adventist.ro\/index\/spiritul-profetic-2\/\" target=\"_blank\" rel=\"noopener noreferrer\">Spiritul Profetic<\/a><\/p>\n<p><a href=\"http:\/\/www.adventist.ro\/index\/declaratia-bisericii-adventiste-de-ziua-a-saptea-cu-privire-la-saracia-globala\/\" target=\"_blank\" rel=\"noopener noreferrer\">Declara\u0163ia Bisericii Adventiste de Ziua a \u015eaptea cu privire la s\u0103r\u0103cia global\u0103<\/a><\/p>\n<p><a href=\"http:\/\/www.adventist.ro\/index\/simboluri-religioase-in-scoli-publice\/\" target=\"_blank\" rel=\"noopener noreferrer\">Simboluri religioase \u00een \u0219coli publice<\/a><\/p>\n<p><a href=\"http:\/\/www.adventist.ro\/index\/sida\/\" target=\"_blank\" rel=\"noopener noreferrer\">SIDA<\/a><\/p>\n<p><a href=\"http:\/\/www.adventist.ro\/index\/sexualitate-si-comportament\/\" target=\"_blank\" rel=\"noopener noreferrer\">Sexualitate \u0219i comportament<\/a><\/p>\n<p><a href=\"http:\/\/www.adventist.ro\/index\/sexualitate\/\" target=\"_blank\" rel=\"noopener noreferrer\">Sexualitate<\/a><\/p>\n<p><a href=\"http:\/\/www.adventist.ro\/index\/serviciul-militar\/\" target=\"_blank\" rel=\"noopener noreferrer\">Serviciul militar<\/a><\/p>\n<p><a href=\"http:\/\/www.adventist.ro\/index\/securitatea-comunista-si-colaboratorii\/\" target=\"_blank\" rel=\"noopener noreferrer\">Securitatea comunist\u0103 \u0219i colaboratorii<\/a><\/p>\n<p><a href=\"http:\/\/www.adventist.ro\/index\/schimbari-sociale\/\" target=\"_blank\" rel=\"noopener noreferrer\">Schimb\u0103ri sociale<\/a><\/p>\n<p><a href=\"http:\/\/www.adventist.ro\/index\/saracie\/\" target=\"_blank\" rel=\"noopener noreferrer\">S\u0103r\u0103cie<\/a><\/p>\n<p><a href=\"http:\/\/www.adventist.ro\/index\/principii-pentru-pazirea-sabatului\/\" target=\"_blank\" rel=\"noopener noreferrer\">Principii pentru p\u0103zirea Sabatului<\/a><\/p>\n<p>T<\/p>\n<p><a href=\"http:\/\/www.adventist.ro\/index\/toleranta\/\" target=\"_blank\" rel=\"noopener noreferrer\">Toleran\u021ba<\/a><\/p>\n<p>V<\/p>\n<p><a href=\"http:\/\/www.adventist.ro\/index\/adventistii-de-ziua-a-saptea-iau-pozitie-pentru-incetarea-violentei-impotriva-femeilor-si-fetelor\/\" target=\"_blank\" rel=\"noopener noreferrer\">Adventi\u0219tii de Ziua a \u0218aptea iau pozi\u021bie pentru \u00eencetarea violen\u021bei \u00eempotriva femeilor \u0219i fetelor<\/a><\/p>\n<p><a href=\"http:\/\/www.adventist.ro\/index\/violenta-in-familie\/\" target=\"_blank\" rel=\"noopener noreferrer\">Violen\u021ba \u00een familie<\/a><\/p>\n ","protected":false},"excerpt":{"rendered":"<p>Declaratii oficiale Deseori se aud \u00eentreb\u0103ri \u2013 \u201cCe spune Biserica Adventist\u0103 de Ziua a \u015eaptea despre\u2026?\u201d \u00centreb\u0103rile acestea vin chiar de la credincio\u015fii adventi\u015fti, sau de la pastorii bisericilor \u015fi de asemenea de la publicul larg, sau pres\u0103. Referindu-ne la dezvoltarea Bisericii Adventiste de Ziua a \u015eaptea \u00eentre anii 1980 \u015fi 1990, noi recunoa\u015ftem un &hellip; <a href=\"https:\/\/adventistoltenia.ro\/site\/declaratii-oficiale\/\">Continued<\/a><\/p>\n","protected":false},"author":2,"featured_media":0,"parent":0,"menu_order":0,"comment_status":"closed","ping_status":"closed","template":"","meta":[],"yoast_head":"<!-- This site is optimized with the Yoast SEO plugin v20.3 - https:\/\/yoast.com\/wordpress\/plugins\/seo\/ -->\n<title>Declaratii Oficiale - Conferinta Oltenia<\/title>\n<meta name=\"robots\" content=\"index, follow, max-snippet:-1, max-image-preview:large, max-video-preview:-1\" \/>\n<link rel=\"canonical\" href=\"https:\/\/adventistoltenia.ro\/site\/declaratii-oficiale\/\" \/>\n<meta property=\"og:locale\" content=\"en_US\" \/>\n<meta property=\"og:type\" content=\"article\" \/>\n<meta property=\"og:title\" content=\"Declaratii Oficiale - Conferinta Oltenia\" \/>\n<meta property=\"og:description\" content=\"Declaratii oficiale Deseori se aud \u00eentreb\u0103ri \u2013 \u201cCe spune Biserica Adventist\u0103 de Ziua a \u015eaptea despre\u2026?\u201d \u00centreb\u0103rile acestea vin chiar de la credincio\u015fii adventi\u015fti, sau de la pastorii bisericilor \u015fi de asemenea de la publicul larg, sau pres\u0103. Referindu-ne la dezvoltarea Bisericii Adventiste de Ziua a \u015eaptea \u00eentre anii 1980 \u015fi 1990, noi recunoa\u015ftem un &hellip; Continued\" \/>\n<meta property=\"og:url\" content=\"https:\/\/adventistoltenia.ro\/site\/declaratii-oficiale\/\" \/>\n<meta property=\"og:site_name\" content=\"Conferinta Oltenia\" \/>\n<meta property=\"article:modified_time\" content=\"2018-04-16T08:04:38+00:00\" \/>\n<meta name=\"twitter:card\" content=\"summary_large_image\" \/>\n<meta name=\"twitter:label1\" content=\"Est. reading time\" \/>\n\t<meta name=\"twitter:data1\" content=\"5 minutes\" \/>\n<script type=\"application\/ld+json\" class=\"yoast-schema-graph\">{\"@context\":\"https:\/\/schema.org\",\"@graph\":[{\"@type\":\"WebPage\",\"@id\":\"https:\/\/adventistoltenia.ro\/site\/declaratii-oficiale\/\",\"url\":\"https:\/\/adventistoltenia.ro\/site\/declaratii-oficiale\/\",\"name\":\"Declaratii Oficiale - Conferinta Oltenia\",\"isPartOf\":{\"@id\":\"https:\/\/adventistoltenia.ro\/site\/#website\"},\"datePublished\":\"2014-05-28T01:51:07+00:00\",\"dateModified\":\"2018-04-16T08:04:38+00:00\",\"breadcrumb\":{\"@id\":\"https:\/\/adventistoltenia.ro\/site\/declaratii-oficiale\/#breadcrumb\"},\"inLanguage\":\"en-US\",\"potentialAction\":[{\"@type\":\"ReadAction\",\"target\":[\"https:\/\/adventistoltenia.ro\/site\/declaratii-oficiale\/\"]}]},{\"@type\":\"BreadcrumbList\",\"@id\":\"https:\/\/adventistoltenia.ro\/site\/declaratii-oficiale\/#breadcrumb\",\"itemListElement\":[{\"@type\":\"ListItem\",\"position\":1,\"name\":\"Home\",\"item\":\"https:\/\/adventistoltenia.ro\/site\/\"},{\"@type\":\"ListItem\",\"position\":2,\"name\":\"Declaratii Oficiale\"}]},{\"@type\":\"WebSite\",\"@id\":\"https:\/\/adventistoltenia.ro\/site\/#website\",\"url\":\"https:\/\/adventistoltenia.ro\/site\/\",\"name\":\"Conferinta Oltenia\",\"description\":\"Biserica Adventista de Ziua a Saptea\",\"potentialAction\":[{\"@type\":\"SearchAction\",\"target\":{\"@type\":\"EntryPoint\",\"urlTemplate\":\"https:\/\/adventistoltenia.ro\/site\/?s={search_term_string}\"},\"query-input\":\"required name=search_term_string\"}],\"inLanguage\":\"en-US\"}]}<\/script>\n<!-- \/ Yoast SEO plugin. -->","yoast_head_json":{"title":"Declaratii Oficiale - Conferinta Oltenia","robots":{"index":"index","follow":"follow","max-snippet":"max-snippet:-1","max-image-preview":"max-image-preview:large","max-video-preview":"max-video-preview:-1"},"canonical":"https:\/\/adventistoltenia.ro\/site\/declaratii-oficiale\/","og_locale":"en_US","og_type":"article","og_title":"Declaratii Oficiale - Conferinta Oltenia","og_description":"Declaratii oficiale Deseori se aud \u00eentreb\u0103ri \u2013 \u201cCe spune Biserica Adventist\u0103 de Ziua a \u015eaptea despre\u2026?\u201d \u00centreb\u0103rile acestea vin chiar de la credincio\u015fii adventi\u015fti, sau de la pastorii bisericilor \u015fi de asemenea de la publicul larg, sau pres\u0103. Referindu-ne la dezvoltarea Bisericii Adventiste de Ziua a \u015eaptea \u00eentre anii 1980 \u015fi 1990, noi recunoa\u015ftem un &hellip; Continued","og_url":"https:\/\/adventistoltenia.ro\/site\/declaratii-oficiale\/","og_site_name":"Conferinta Oltenia","article_modified_time":"2018-04-16T08:04:38+00:00","twitter_card":"summary_large_image","twitter_misc":{"Est. reading time":"5 minutes"},"schema":{"@context":"https:\/\/schema.org","@graph":[{"@type":"WebPage","@id":"https:\/\/adventistoltenia.ro\/site\/declaratii-oficiale\/","url":"https:\/\/adventistoltenia.ro\/site\/declaratii-oficiale\/","name":"Declaratii Oficiale - Conferinta Oltenia","isPartOf":{"@id":"https:\/\/adventistoltenia.ro\/site\/#website"},"datePublished":"2014-05-28T01:51:07+00:00","dateModified":"2018-04-16T08:04:38+00:00","breadcrumb":{"@id":"https:\/\/adventistoltenia.ro\/site\/declaratii-oficiale\/#breadcrumb"},"inLanguage":"en-US","potentialAction":[{"@type":"ReadAction","target":["https:\/\/adventistoltenia.ro\/site\/declaratii-oficiale\/"]}]},{"@type":"BreadcrumbList","@id":"https:\/\/adventistoltenia.ro\/site\/declaratii-oficiale\/#breadcrumb","itemListElement":[{"@type":"ListItem","position":1,"name":"Home","item":"https:\/\/adventistoltenia.ro\/site\/"},{"@type":"ListItem","position":2,"name":"Declaratii Oficiale"}]},{"@type":"WebSite","@id":"https:\/\/adventistoltenia.ro\/site\/#website","url":"https:\/\/adventistoltenia.ro\/site\/","name":"Conferinta Oltenia","description":"Biserica Adventista de Ziua a Saptea","potentialAction":[{"@type":"SearchAction","target":{"@type":"EntryPoint","urlTemplate":"https:\/\/adventistoltenia.ro\/site\/?s={search_term_string}"},"query-input":"required name=search_term_string"}],"inLanguage":"en-US"}]}},"_links":{"self":[{"href":"https:\/\/adventistoltenia.ro\/site\/wp-json\/wp\/v2\/pages\/202"}],"collection":[{"href":"https:\/\/adventistoltenia.ro\/site\/wp-json\/wp\/v2\/pages"}],"about":[{"href":"https:\/\/adventistoltenia.ro\/site\/wp-json\/wp\/v2\/types\/page"}],"author":[{"embeddable":true,"href":"https:\/\/adventistoltenia.ro\/site\/wp-json\/wp\/v2\/users\/2"}],"replies":[{"embeddable":true,"href":"https:\/\/adventistoltenia.ro\/site\/wp-json\/wp\/v2\/comments?post=202"}],"version-history":[{"count":5,"href":"https:\/\/adventistoltenia.ro\/site\/wp-json\/wp\/v2\/pages\/202\/revisions"}],"predecessor-version":[{"id":2291,"href":"https:\/\/adventistoltenia.ro\/site\/wp-json\/wp\/v2\/pages\/202\/revisions\/2291"}],"wp:attachment":[{"href":"https:\/\/adventistoltenia.ro\/site\/wp-json\/wp\/v2\/media?parent=202"}],"curies":[{"name":"wp","href":"https:\/\/api.w.org\/{rel}","templated":true}]}}