{"id":2404,"date":"2018-06-25T15:23:32","date_gmt":"2018-06-25T15:23:32","guid":{"rendered":"http:\/\/adventistoltenia.ro\/site\/?page_id=2404"},"modified":"2018-06-25T15:41:26","modified_gmt":"2018-06-25T15:41:26","slug":"politica-cookie","status":"publish","type":"page","link":"https:\/\/adventistoltenia.ro\/site\/politica-cookie\/","title":{"rendered":"Politica Cookie"},"content":{"rendered":"<h3><strong>1. Politica de utilizare Cookie-uri<\/strong><\/h3>\n<p>&nbsp;<\/p>\n<p>Aceasta politica se refera la cookie-urile si paginile web operate de\u00a0<strong>Biserica Adventist\u0103 de Ziua a \u0218aptea Conferin\u021ba Oltenia<\/strong>\u00a0cu sediul \u00een\u00a0<strong>Str.\u00a0<span class=\"m_5912933261957314963apple-link\">Mitropolit Firmilian Nr. 18, Craiova, Dolj.<\/span><\/strong><\/p>\n<p>In informa\u0163iile prezentate in aceast\u0103 pagin\u0103, ve\u0163i g\u0103si detalii referitoare la ce reprezint\u0103 cookie-urile, \u00een ce scop sunt folosite \u015fi care sunt implica\u0163iile pentru utilizator\/ vizitator ca urmare a accept\u0103rii cookie-urilor din site-ul\u00a0http:\/\/www.adventistoltenia.ro\/ \u00cen cazul \u00een care din informa\u0163iile prezentate mai jos, apare necesitatea ob\u0163inerii de informa\u0163ii suplimentare, ne pute\u0163i contacta la num\u0103rul de telefon\u00a00745 347 263 sau la adresa de oltenia@adventist.ro .<\/p>\n<h3><strong>Ce este un \u201ecookie\u201d?<\/strong><\/h3>\n<p><strong>Cookie-urile<\/strong>\u00a0sunt fi\u015fiere de mici dimensiuni, alc\u0103tuite \u00een general din texte \u015fi cifre, care la accesarea unui site sunt salvate in browserul utilizat de c\u0103tre computer, telefon, tablet\u0103 sau orice alt dispozitiv prin care se acceseaza online site-ul respectiv. La fiecare accesare ulterioar\u0103 a site-ului, browserul trimite c\u0103tre serverul site-ului web acest fi\u015fier, permit\u00eend, astfel, identificarea unui vizitator care a revenit pe site.<\/p>\n<p><strong>Cookie-urile<\/strong>\u00a0utilizate \u00een acest site sunt at\u00e2t cookie-uri proprii, c\u00e2t \u015fi cookie-uri de la ter\u0163i \u015fi ne permit s\u0103 \u00eentelegem nevoile \u015fi cerin\u0163ele utilizatorilor site-ului, \u00een scopul imbun\u0103t\u0103\u0163irii experin\u0163ei pe care ace\u015ftia o au \u00een utilizarea site-ului, \u00een ob\u0163inerea c\u00e2t mai u\u015foar\u0103 a informa\u0163iilor dorite \u015fi utilizarea \u00een cele mai bune condi\u0163ii a serviciilor oferite de site-ul\u00a0http:\/\/www.adventistoltenia.ro\/<\/p>\n<p>\u00cen func\u0163ie de durata cookie-ului, acestea pot fi <strong>Cookie-uri de sesiune<\/strong> sau <strong>Cookie-uri permanente<\/strong>.<\/p>\n<p><strong>Cookie-urile de sesiune<\/strong> au o durat\u0103 de stocare temporar\u0103, limitat\u0103 doar la durata sesiunii in care vizitatorul acceseaza site-ul. La momentul \u00eenchiderii sesiunii sau a browserului, valabilitatea cookie-ului de sesiune se pierde.<br \/>\n<strong><br \/>\nCookie-urile permanente<\/strong> sunt stocate la nivelul calculatorului utilizatorului \u0219i nu sunt \u0219terse atunci c\u00e2nd sesiunea de navigare este \u00eenchis\u0103.<\/p>\n<p><strong>Site-ul\u00a0http:\/\/www.adventistoltenia.ro\/ utilizeaz\u0103 at\u00e2t cookie-uri de sesiune, c\u00e2t \u015fi Cookie-uri permanente.<\/strong><\/p>\n<p>Cookie-urile sunt utilizate \u00een scopul de analiz\u0103 a traficului \u015fi\/sau a performan\u0163elor din site-ul monitorizat \u015fi accesat de c\u0103tre vizitator.<\/p>\n<p>\u00cen scopul analizei traficului \u015fi performan\u0163elor site-ului http:\/\/www.adventistoltenia.ro, utiliz\u0103m instrumente de analiz\u0103 oferite de\u00a0<strong>Google \u2013 Analytics, WebMaster Tools<\/strong>\u00a0\u2013 instrumente care stocheaza informa\u0163ii referitoare la paginile accesate, durata vizitei in site, modul\/dispozitivul de accesare a site-ului, loca\u0163ia \u2013 la nivel de localitate etc.<\/p>\n<p>Browserele utilizate la accesarea internetului au integrate facilit\u0103\u0163i de stare a nivelului de securitate a informa\u0163iilor, oferind inclusiv posibilitatea de acceptare a cookie-urilor. Pentru a utiliza facilit\u0103\u0163ile de setare a nivelului de acceptare a cookie-urilor, \u00een cele mai multe cazuri este necesar\u0103 accesarea sec\u0163iunii \u201cop\u0163iuni\u201d din browser \u015fi a categoriei \u201cSet\u0103ri\u201d. Dezactivarea op\u0163iunii de a accepta cookie-uri poate avea ca implica\u0163ii imposibilitatea acces\u0103rii unora dintre cele mai importante site-uri. De aceea, este important sa accepta\u0163i doar cookie-urile de la site-urile pe care le considera\u0163i de \u00eencredere. \u00cen orice moment ave\u0163i posibilitatea de a \u015fterge cookie-urile utiliz\u00eend op\u0163iunea \u201cPrivacy\u201d din categoria Settings.<\/p>\n<p>Op\u0163iuni pentru \u00eempiedicarea monitoriz\u0103rii activit\u0103\u021bii online a utilizatorului sunt implementate ast\u0103zi \u00een diverse forme; unul dintre cele mai rasp\u00e2ndite este mecanismul \u201cDo Not Track\u201d utilizat de cele mai multe browsere de internet \u015fi motoare de c\u0103utare. Scopul mecanismului \u201eDo Not Track\u201d este \u201ede a oferi utilizatorului posibilitatea de a-\u0219i exprima op\u021biunile personale cu privire la monitorizarea activit\u0103\u021bilor desf\u0103\u0219urate online \u0219i de a comunica aceste op\u021biuni fiec\u0103rui server sau aplica\u021bie web cu care interac\u021bioneaz\u0103, permi\u021b\u00e2nd astfel fiec\u0103rui serviciu accesat fie s\u0103-\u0219i ajusteze practicile \u00een func\u021bie de op\u021biunile utilizatorului, fie s\u0103 ajung\u0103 la un acord separat cu utilizatorul, care s\u0103 fie convenabil ambelor p\u0103r\u021bi. De men\u021bionat este faptul c\u0103 nu toate func\u021bionalit\u0103\u021bile \u201cDo Not Track\u201d blocheaz\u0103 cookie-urile.<\/p>\n<p>Utilizatorii\/ vizitatorii site-ului\u00a0http:\/\/www.adventistoltenia.ro au toate drepturile prev\u0103zute de art. 13-18 din Legea 677\/2001: dreptul de acces la date, de interven\u0163ie \u015fi de opozi\u0163ie, de a nu fi supus unei decizii individuale, de a se adresa justi\u0163iei.<\/p>\n<p>De\u0219i cookie-urile sunt stocate \u00een memoria calculatorului\/ dispozitivului utilizatorului de internet, ele nu pot accesa\/citi alte informa\u021bii aflate \u00een respectivul calculator\/ dispozitiv. Cookie-urile nu sunt viru\u0219i. Ele sunt doar mici fi\u0219iere text; nu sunt compilate sub form\u0103 de cod \u0219i nu pot fi executate. Astfel, nu se pot auto-copia, nu se pot r\u0103sp\u00e2ndi \u00een alte re\u021bele pentru a genera ac\u021biuni \u0219i nu pot fi folosite pentru r\u0103sp\u00e2ndirea de viru\u0219i.<\/p>\n<p>Cookie-urile nu pot c\u0103uta informa\u021bii \u00een calculatorul\/dispozitivul utilizatorului, \u00eens\u0103 ele stocheaz\u0103 informa\u021bii de natur\u0103 personal\u0103. Aceste informa\u021bii nu sunt generate de c\u0103tre cookie-uri, ci de c\u0103tre utilizator, \u00een momentul \u00een care acesta completeaz\u0103 formulare online, se \u00eenregistreaz\u0103 pe anumite site-uri web, utilizeaz\u0103 sisteme de pl\u0103\u021bi electronice etc.<\/p>\n<p>Utilizarea cookie-urilor \u0219i obliga\u021biile furnizorilor sunt reglementate at\u00e2t \u00een legisla\u021bia Uniunii Europene, c\u00e2t \u0219i \u00een legisla\u021bia na\u021bional\u0103.<\/p>\n<p>Dintre documentele care reglementeaz\u0103 utilizarea cookie-urlor la nivel European pot fi consultate Directiva 2002\/58\/CE (PDF) \u0219i Directiva 2009\/136\/CE (PDF). \u00cen acela\u015fi timp, \u00een legisla\u0163ia na\u0163ional\u0103, utilizarea cookie-urilor este reglementat\u0103 de Legea nr.506\/2004 privind prelucrarea datelor cu caracter personal \u015fi protec\u0163ia vie\u0163ii private \u00een sectorul comunica\u021biilor electronice, cu modific\u0103rile \u0219i complet\u0103rile ulterioare \u0219i Legea nr. 677\/2001 pentru protec\u0163ia persoanelor cu privire la prelucrarea datelor cu caracter personal \u015fi libera circula\u0163ie a acestor date, astfel cum a fost modificat\u0103 ulterior.<\/p>\n<h3><strong>Cum pot opri cookie-urile?<\/strong><\/h3>\n<p>Dezactivarea si refuzul de a primi cookie-uri pot face anumite site-uri impracticabile sau dificil de vizitat si folosit. De asemenea, refuzul de a accepta cookie-uri nu inseamna ca nu veti mai primi\/vedea publicitate online.<\/p>\n<p>Este posibila setarea din browser pentru ca aceste cookie-uri sa nu mai fie acceptate sau poti seta browserul sa accepte cookie-uri de la un site anume. Dar, de exemplu, daca nu esti inregistat folosind cookie-urile, nu vei putea lasa comentarii.<\/p>\n<p>Toate browserele moderne ofera posibilitatea de a schimba setarile cookie-urilor. Aceste setari se gasesc de regula in \u201coptiuni\u201d sau in meniul de \u201cpreferinte\u201d al browserului tau.<\/p>\n<p>Pentru a intelege aceste setari, urmatoarele linkuri pot fi folositoare, altfel puteti folosi optiunea \u201cajutor\u201d a browserului pentru mai multe detalii.<\/p>\n<ol>\n<li><a href=\"http:\/\/support.microsoft.com\/kb\/196955\" target=\"_blank\" rel=\"noopener\">Cookie settings in Internet Explorer<\/a><\/li>\n<li><a href=\"http:\/\/support.mozilla.org\/en-US\/kb\/cookies-information-websites-store-on-your-computer?redirectlocale=en-US&amp;redirectslug=Cookies\" target=\"_blank\" rel=\"noopener\">Cookie settings in Firefox<\/a><\/li>\n<li><a href=\"http:\/\/support.google.com\/chrome\/bin\/answer.py?hl=en&amp;answer=95647\" target=\"_blank\" rel=\"noopener\">Cookie settings in Chrome<\/a><\/li>\n<li><a href=\"http:\/\/support.apple.com\/kb\/PH5042\" target=\"_blank\" rel=\"noopener\">Cookie settings in Safari<\/a><\/li>\n<\/ol>\n<p>Pentru setarile cookie-urilor generate de terti, puteti consulta si site-ul:<\/p>\n<ul>\n<li><a href=\"http:\/\/www.youronlinechoices.com\/ro\/\" target=\"_blank\" rel=\"noopener\">http:\/\/www.youronlinechoices.com\/ro\/<\/a><\/li>\n<\/ul>\n<p>Daca doriti sa afli mai multe infromatii despre cookie-uri si la ce sunt utilizate, recomandam urmatoarele linkuri:<\/p>\n<ol>\n<li><a href=\"http:\/\/www.microsoft.com\/info\/cookies.mspx\" target=\"_blank\" rel=\"noopener\">Microsoft Cookies guide<\/a><\/li>\n<li><a href=\"http:\/\/www.allaboutcookies.org\/\" target=\"_blank\" rel=\"noopener\">All About Cookies<\/a><\/li>\n<\/ol>\n<p>Informa\u0163ii suplimentare pot fi consultate \u00een urmatoarele documente \u015fi surse de informare public\u0103:<\/p>\n<ul>\n<li><a href=\"http:\/\/www.ico.gov.uk\/for_organisations\/privacy_and_electronic_communications\/the_guide\/cookies.aspx\" target=\"_blank\" rel=\"noopener\">UK Information Commissioner\u2019s Office \u2013 \u201cGuidance on the rule of use of cookies and similar technologies\u201d, May 2012<\/a><\/li>\n<li><a href=\"http:\/\/eur-lex.europa.eu\/LexUriServ\/LexUriServ.do?uri=DD:13:36:32002L0058:RO:PDF\" target=\"_blank\" rel=\"noopener\">Directiva 2002\/58\/CE privind prelucrarea datelor personale \u0219i protejarea confiden\u021bialit\u0103\u021bii \u00een sectorul comunica\u021biilor electronice (PDF)<\/a><\/li>\n<li><a href=\"http:\/\/eur-lex.europa.eu\/LexUriServ\/LexUriServ.do?uri=OJ:L:2009:337:0011:0036:RO:PDF\" target=\"_blank\" rel=\"noopener\">Directiva 2009\/136\/CE de modificare a Directivei 2002\/22\/CE privind serviciul universal \u0219i drepturile utilizatorilor cu privire la re\u0163elele \u0219i serviciile de comunica\u0163ii electronice, a Directivei 2002\/58\/CE privind prelucrarea datelor personale \u0219i protejarea confiden\u0163ialit\u0103\u0163ii \u00een sectorul comunica\u0163iilor publice \u0219i a Regulamentului (CE) nr. 2006\/ 2004 privind cooperarea dintre autorit\u0103\u0163ile na\u0163ionale \u00eens\u0103rcinate s\u0103 asigure aplicarea legisla\u0163iei \u00een materie de protec\u0163ie a consumatorului (PDF)<\/a><\/li>\n<li><a href=\"http:\/\/www.legi-internet.ro\/legislatie-itc\/date-cu-caracter-personal\/legea-privind-prelucrarea-datelor-cu-caracter-personal-si-protectia-vietii-private-in-sectorul-comunicatiilor-electronice.html\" target=\"_blank\" rel=\"noopener\">Legea nr.506\/2004 privind prelucrarea datelor cu caracter personal \u0219i protec\u021bia vie\u021bii private \u00een sectorul comunica\u021biilor electronice, cu modific\u0103rile \u0219i complet\u0103rile ulterioare<\/a><\/li>\n<li><a href=\"http:\/\/ec.europa.eu\/justice\/data-protection\/article-29\/documentation\/opinion-recommendation\/files\/2012\/wp194_en.pdf\" target=\"_blank\" rel=\"noopener\">Avizul nr.4\/2012 al Grupului de Lucru Articolul 29 privind cookie-urile exceptate de la ob\u021binerea acordului, iunie 2012 (PDF)<\/a><\/li>\n<li><a href=\"http:\/\/iab-romania.ro\/noutati\/activitate-iab\/recomandarile-iab-privind-prezenta-cookie-urilor-pe-siteurile-web\/\" target=\"_blank\" rel=\"noopener\">Recomand\u0103ri IAB Rom\u00e2nia privind informarea utilizatorilor cu privire la utilizarea cookie-urilor pe un site web<\/a><\/li>\n<li><a href=\"http:\/\/www.w3.org\/TR\/tracking-dnt\/\" target=\"_blank\" rel=\"noopener\">World Wide Web Consortium, Tracking Preferences Expression (DNT), W3C Working Draft, 2 Octombrie 2012<\/a><\/li>\n<li><a href=\"https:\/\/httpsnow.org\/help\/securecookies\" target=\"_blank\" rel=\"noopener\">Secure Cookies<\/a><\/li>\n<li><a href=\"http:\/\/en.wikipedia.org\/wiki\/HTTP_cookie\" target=\"_blank\" rel=\"noopener\">Wikipedia \u2013 HTTP Cookie<\/a><\/li>\n<\/ul>\n ","protected":false},"excerpt":{"rendered":"<p>1. Politica de utilizare Cookie-uri &nbsp; Aceasta politica se refera la cookie-urile si paginile web operate de\u00a0Biserica Adventist\u0103 de Ziua a \u0218aptea Conferin\u021ba Oltenia\u00a0cu sediul \u00een\u00a0Str.\u00a0Mitropolit Firmilian Nr. 18, Craiova, Dolj. In informa\u0163iile prezentate in aceast\u0103 pagin\u0103, ve\u0163i g\u0103si detalii referitoare la ce reprezint\u0103 cookie-urile, \u00een ce scop sunt folosite \u015fi care sunt implica\u0163iile pentru &hellip; <a href=\"https:\/\/adventistoltenia.ro\/site\/politica-cookie\/\">Continued<\/a><\/p>\n","protected":false},"author":4,"featured_media":0,"parent":0,"menu_order":0,"comment_status":"closed","ping_status":"closed","template":"template-simplewide.php","meta":[],"yoast_head":"<!-- This site is optimized with the Yoast SEO plugin v20.3 - https:\/\/yoast.com\/wordpress\/plugins\/seo\/ -->\n<title>Politica Cookie - Conferinta Oltenia<\/title>\n<meta name=\"robots\" content=\"index, follow, max-snippet:-1, max-image-preview:large, max-video-preview:-1\" \/>\n<link rel=\"canonical\" href=\"https:\/\/adventistoltenia.ro\/site\/politica-cookie\/\" \/>\n<meta property=\"og:locale\" content=\"en_US\" \/>\n<meta property=\"og:type\" content=\"article\" \/>\n<meta property=\"og:title\" content=\"Politica Cookie - Conferinta Oltenia\" \/>\n<meta property=\"og:description\" content=\"1. Politica de utilizare Cookie-uri &nbsp; Aceasta politica se refera la cookie-urile si paginile web operate de\u00a0Biserica Adventist\u0103 de Ziua a \u0218aptea Conferin\u021ba Oltenia\u00a0cu sediul \u00een\u00a0Str.\u00a0Mitropolit Firmilian Nr. 18, Craiova, Dolj. In informa\u0163iile prezentate in aceast\u0103 pagin\u0103, ve\u0163i g\u0103si detalii referitoare la ce reprezint\u0103 cookie-urile, \u00een ce scop sunt folosite \u015fi care sunt implica\u0163iile pentru &hellip; Continued\" \/>\n<meta property=\"og:url\" content=\"https:\/\/adventistoltenia.ro\/site\/politica-cookie\/\" \/>\n<meta property=\"og:site_name\" content=\"Conferinta Oltenia\" \/>\n<meta property=\"article:modified_time\" content=\"2018-06-25T15:41:26+00:00\" \/>\n<meta name=\"twitter:card\" content=\"summary_large_image\" \/>\n<meta name=\"twitter:label1\" content=\"Est. reading time\" \/>\n\t<meta name=\"twitter:data1\" content=\"7 minutes\" \/>\n<script type=\"application\/ld+json\" class=\"yoast-schema-graph\">{\"@context\":\"https:\/\/schema.org\",\"@graph\":[{\"@type\":\"WebPage\",\"@id\":\"https:\/\/adventistoltenia.ro\/site\/politica-cookie\/\",\"url\":\"https:\/\/adventistoltenia.ro\/site\/politica-cookie\/\",\"name\":\"Politica Cookie - Conferinta Oltenia\",\"isPartOf\":{\"@id\":\"https:\/\/adventistoltenia.ro\/site\/#website\"},\"datePublished\":\"2018-06-25T15:23:32+00:00\",\"dateModified\":\"2018-06-25T15:41:26+00:00\",\"breadcrumb\":{\"@id\":\"https:\/\/adventistoltenia.ro\/site\/politica-cookie\/#breadcrumb\"},\"inLanguage\":\"en-US\",\"potentialAction\":[{\"@type\":\"ReadAction\",\"target\":[\"https:\/\/adventistoltenia.ro\/site\/politica-cookie\/\"]}]},{\"@type\":\"BreadcrumbList\",\"@id\":\"https:\/\/adventistoltenia.ro\/site\/politica-cookie\/#breadcrumb\",\"itemListElement\":[{\"@type\":\"ListItem\",\"position\":1,\"name\":\"Home\",\"item\":\"https:\/\/adventistoltenia.ro\/site\/\"},{\"@type\":\"ListItem\",\"position\":2,\"name\":\"Politica Cookie\"}]},{\"@type\":\"WebSite\",\"@id\":\"https:\/\/adventistoltenia.ro\/site\/#website\",\"url\":\"https:\/\/adventistoltenia.ro\/site\/\",\"name\":\"Conferinta Oltenia\",\"description\":\"Biserica Adventista de Ziua a Saptea\",\"potentialAction\":[{\"@type\":\"SearchAction\",\"target\":{\"@type\":\"EntryPoint\",\"urlTemplate\":\"https:\/\/adventistoltenia.ro\/site\/?s={search_term_string}\"},\"query-input\":\"required name=search_term_string\"}],\"inLanguage\":\"en-US\"}]}<\/script>\n<!-- \/ Yoast SEO plugin. -->","yoast_head_json":{"title":"Politica Cookie - Conferinta Oltenia","robots":{"index":"index","follow":"follow","max-snippet":"max-snippet:-1","max-image-preview":"max-image-preview:large","max-video-preview":"max-video-preview:-1"},"canonical":"https:\/\/adventistoltenia.ro\/site\/politica-cookie\/","og_locale":"en_US","og_type":"article","og_title":"Politica Cookie - Conferinta Oltenia","og_description":"1. Politica de utilizare Cookie-uri &nbsp; Aceasta politica se refera la cookie-urile si paginile web operate de\u00a0Biserica Adventist\u0103 de Ziua a \u0218aptea Conferin\u021ba Oltenia\u00a0cu sediul \u00een\u00a0Str.\u00a0Mitropolit Firmilian Nr. 18, Craiova, Dolj. In informa\u0163iile prezentate in aceast\u0103 pagin\u0103, ve\u0163i g\u0103si detalii referitoare la ce reprezint\u0103 cookie-urile, \u00een ce scop sunt folosite \u015fi care sunt implica\u0163iile pentru &hellip; Continued","og_url":"https:\/\/adventistoltenia.ro\/site\/politica-cookie\/","og_site_name":"Conferinta Oltenia","article_modified_time":"2018-06-25T15:41:26+00:00","twitter_card":"summary_large_image","twitter_misc":{"Est. reading time":"7 minutes"},"schema":{"@context":"https:\/\/schema.org","@graph":[{"@type":"WebPage","@id":"https:\/\/adventistoltenia.ro\/site\/politica-cookie\/","url":"https:\/\/adventistoltenia.ro\/site\/politica-cookie\/","name":"Politica Cookie - Conferinta Oltenia","isPartOf":{"@id":"https:\/\/adventistoltenia.ro\/site\/#website"},"datePublished":"2018-06-25T15:23:32+00:00","dateModified":"2018-06-25T15:41:26+00:00","breadcrumb":{"@id":"https:\/\/adventistoltenia.ro\/site\/politica-cookie\/#breadcrumb"},"inLanguage":"en-US","potentialAction":[{"@type":"ReadAction","target":["https:\/\/adventistoltenia.ro\/site\/politica-cookie\/"]}]},{"@type":"BreadcrumbList","@id":"https:\/\/adventistoltenia.ro\/site\/politica-cookie\/#breadcrumb","itemListElement":[{"@type":"ListItem","position":1,"name":"Home","item":"https:\/\/adventistoltenia.ro\/site\/"},{"@type":"ListItem","position":2,"name":"Politica Cookie"}]},{"@type":"WebSite","@id":"https:\/\/adventistoltenia.ro\/site\/#website","url":"https:\/\/adventistoltenia.ro\/site\/","name":"Conferinta Oltenia","description":"Biserica Adventista de Ziua a Saptea","potentialAction":[{"@type":"SearchAction","target":{"@type":"EntryPoint","urlTemplate":"https:\/\/adventistoltenia.ro\/site\/?s={search_term_string}"},"query-input":"required name=search_term_string"}],"inLanguage":"en-US"}]}},"_links":{"self":[{"href":"https:\/\/adventistoltenia.ro\/site\/wp-json\/wp\/v2\/pages\/2404"}],"collection":[{"href":"https:\/\/adventistoltenia.ro\/site\/wp-json\/wp\/v2\/pages"}],"about":[{"href":"https:\/\/adventistoltenia.ro\/site\/wp-json\/wp\/v2\/types\/page"}],"author":[{"embeddable":true,"href":"https:\/\/adventistoltenia.ro\/site\/wp-json\/wp\/v2\/users\/4"}],"replies":[{"embeddable":true,"href":"https:\/\/adventistoltenia.ro\/site\/wp-json\/wp\/v2\/comments?post=2404"}],"version-history":[{"count":10,"href":"https:\/\/adventistoltenia.ro\/site\/wp-json\/wp\/v2\/pages\/2404\/revisions"}],"predecessor-version":[{"id":2414,"href":"https:\/\/adventistoltenia.ro\/site\/wp-json\/wp\/v2\/pages\/2404\/revisions\/2414"}],"wp:attachment":[{"href":"https:\/\/adventistoltenia.ro\/site\/wp-json\/wp\/v2\/media?parent=2404"}],"curies":[{"name":"wp","href":"https:\/\/api.w.org\/{rel}","templated":true}]}}