{"id":33,"date":"2014-05-24T18:42:01","date_gmt":"2014-05-24T18:42:01","guid":{"rendered":"http:\/\/themes.wplook.com\/benevolence\/?page_id=33"},"modified":"2017-08-24T09:28:08","modified_gmt":"2017-08-24T09:28:08","slug":"contact","status":"publish","type":"page","link":"https:\/\/adventistoltenia.ro\/site\/contact\/","title":{"rendered":"Contact"},"content":{"rendered":"<table border=\"0\">\n<tbody>\n<tr>\n<td><strong>Conferin\u021ba Oltenia \u2013 Biserica Adventist\u0103 de Ziua a \u0218aptea<\/strong><\/p>\n<p>str. Mitropolit Firmilian nr. 18, Craiova, Dolj<\/p>\n<p>tel. 0769 001 712;\u00a00251 533 393<\/p>\n<p>fax 0251 310 097<\/p>\n<p>email: oltenia@adventist.ro<\/td>\n<td><strong>Rela\u0163ii Publice<\/strong><\/p>\n<p>Ni\u0163\u0103 Petre Daniel<\/p>\n<p>tel. 0745 347 263<\/p>\n<p>email: petrenita@adventist.ro<\/p>\n<p>&nbsp;<\/td>\n<\/tr>\n<\/tbody>\n<\/table>\n<hr \/>\n<p><iframe loading=\"lazy\" style=\"border: 0;\" src=\"https:\/\/www.google.com\/maps\/embed?pb=!1m18!1m12!1m3!1d693.385085203183!2d23.797149631982954!3d44.313828113014615!2m3!1f0!2f0!3f0!3m2!1i1024!2i768!4f13.1!3m3!1m2!1s0x0%3A0x678d896e3e7cd358!2sBiserica+Adventist%C4%83+Conferin%C8%9Ba+Oltenia!5e0!3m2!1sro!2sro!4v1503566767585\" width=\"600\" height=\"450\" frameborder=\"0\" allowfullscreen=\"allowfullscreen\"><\/iframe><\/p>\n ","protected":false},"excerpt":{"rendered":"<p>Conferin\u021ba Oltenia \u2013 Biserica Adventist\u0103 de Ziua a \u0218aptea str. Mitropolit Firmilian nr. 18, Craiova, Dolj tel. 0769 001 712;\u00a00251 533 393 fax 0251 310 097 email: oltenia@adventist.ro Rela\u0163ii Publice Ni\u0163\u0103 Petre Daniel tel. 0745 347 263 email: petrenita@adventist.ro &nbsp;<\/p>\n","protected":false},"author":2,"featured_media":0,"parent":0,"menu_order":0,"comment_status":"open","ping_status":"closed","template":"","meta":[],"yoast_head":"<!-- This site is optimized with the Yoast SEO plugin v20.3 - https:\/\/yoast.com\/wordpress\/plugins\/seo\/ -->\n<title>Contact - Conferinta Oltenia<\/title>\n<meta name=\"robots\" content=\"index, follow, max-snippet:-1, max-image-preview:large, max-video-preview:-1\" \/>\n<link rel=\"canonical\" href=\"https:\/\/adventistoltenia.ro\/site\/contact\/\" \/>\n<meta property=\"og:locale\" content=\"en_US\" \/>\n<meta property=\"og:type\" content=\"article\" \/>\n<meta property=\"og:title\" content=\"Contact - Conferinta Oltenia\" \/>\n<meta property=\"og:description\" content=\"Conferin\u021ba Oltenia \u2013 Biserica Adventist\u0103 de Ziua a \u0218aptea str. Mitropolit Firmilian nr. 18, Craiova, Dolj tel. 0769 001 712;\u00a00251 533 393 fax 0251 310 097 email: oltenia@adventist.ro Rela\u0163ii Publice Ni\u0163\u0103 Petre Daniel tel. 0745 347 263 email: petrenita@adventist.ro &nbsp;\" \/>\n<meta property=\"og:url\" content=\"https:\/\/adventistoltenia.ro\/site\/contact\/\" \/>\n<meta property=\"og:site_name\" content=\"Conferinta Oltenia\" \/>\n<meta property=\"article:modified_time\" content=\"2017-08-24T09:28:08+00:00\" \/>\n<meta name=\"twitter:card\" content=\"summary_large_image\" \/>\n<script type=\"application\/ld+json\" class=\"yoast-schema-graph\">{\"@context\":\"https:\/\/schema.org\",\"@graph\":[{\"@type\":\"WebPage\",\"@id\":\"https:\/\/adventistoltenia.ro\/site\/contact\/\",\"url\":\"https:\/\/adventistoltenia.ro\/site\/contact\/\",\"name\":\"Contact - Conferinta Oltenia\",\"isPartOf\":{\"@id\":\"https:\/\/adventistoltenia.ro\/site\/#website\"},\"datePublished\":\"2014-05-24T18:42:01+00:00\",\"dateModified\":\"2017-08-24T09:28:08+00:00\",\"breadcrumb\":{\"@id\":\"https:\/\/adventistoltenia.ro\/site\/contact\/#breadcrumb\"},\"inLanguage\":\"en-US\",\"potentialAction\":[{\"@type\":\"ReadAction\",\"target\":[\"https:\/\/adventistoltenia.ro\/site\/contact\/\"]}]},{\"@type\":\"BreadcrumbList\",\"@id\":\"https:\/\/adventistoltenia.ro\/site\/contact\/#breadcrumb\",\"itemListElement\":[{\"@type\":\"ListItem\",\"position\":1,\"name\":\"Home\",\"item\":\"https:\/\/adventistoltenia.ro\/site\/\"},{\"@type\":\"ListItem\",\"position\":2,\"name\":\"Contact\"}]},{\"@type\":\"WebSite\",\"@id\":\"https:\/\/adventistoltenia.ro\/site\/#website\",\"url\":\"https:\/\/adventistoltenia.ro\/site\/\",\"name\":\"Conferinta Oltenia\",\"description\":\"Biserica Adventista de Ziua a Saptea\",\"potentialAction\":[{\"@type\":\"SearchAction\",\"target\":{\"@type\":\"EntryPoint\",\"urlTemplate\":\"https:\/\/adventistoltenia.ro\/site\/?s={search_term_string}\"},\"query-input\":\"required name=search_term_string\"}],\"inLanguage\":\"en-US\"}]}<\/script>\n<!-- \/ Yoast SEO plugin. -->","yoast_head_json":{"title":"Contact - Conferinta Oltenia","robots":{"index":"index","follow":"follow","max-snippet":"max-snippet:-1","max-image-preview":"max-image-preview:large","max-video-preview":"max-video-preview:-1"},"canonical":"https:\/\/adventistoltenia.ro\/site\/contact\/","og_locale":"en_US","og_type":"article","og_title":"Contact - Conferinta Oltenia","og_description":"Conferin\u021ba Oltenia \u2013 Biserica Adventist\u0103 de Ziua a \u0218aptea str. Mitropolit Firmilian nr. 18, Craiova, Dolj tel. 0769 001 712;\u00a00251 533 393 fax 0251 310 097 email: oltenia@adventist.ro Rela\u0163ii Publice Ni\u0163\u0103 Petre Daniel tel. 0745 347 263 email: petrenita@adventist.ro &nbsp;","og_url":"https:\/\/adventistoltenia.ro\/site\/contact\/","og_site_name":"Conferinta Oltenia","article_modified_time":"2017-08-24T09:28:08+00:00","twitter_card":"summary_large_image","schema":{"@context":"https:\/\/schema.org","@graph":[{"@type":"WebPage","@id":"https:\/\/adventistoltenia.ro\/site\/contact\/","url":"https:\/\/adventistoltenia.ro\/site\/contact\/","name":"Contact - Conferinta Oltenia","isPartOf":{"@id":"https:\/\/adventistoltenia.ro\/site\/#website"},"datePublished":"2014-05-24T18:42:01+00:00","dateModified":"2017-08-24T09:28:08+00:00","breadcrumb":{"@id":"https:\/\/adventistoltenia.ro\/site\/contact\/#breadcrumb"},"inLanguage":"en-US","potentialAction":[{"@type":"ReadAction","target":["https:\/\/adventistoltenia.ro\/site\/contact\/"]}]},{"@type":"BreadcrumbList","@id":"https:\/\/adventistoltenia.ro\/site\/contact\/#breadcrumb","itemListElement":[{"@type":"ListItem","position":1,"name":"Home","item":"https:\/\/adventistoltenia.ro\/site\/"},{"@type":"ListItem","position":2,"name":"Contact"}]},{"@type":"WebSite","@id":"https:\/\/adventistoltenia.ro\/site\/#website","url":"https:\/\/adventistoltenia.ro\/site\/","name":"Conferinta Oltenia","description":"Biserica Adventista de Ziua a Saptea","potentialAction":[{"@type":"SearchAction","target":{"@type":"EntryPoint","urlTemplate":"https:\/\/adventistoltenia.ro\/site\/?s={search_term_string}"},"query-input":"required name=search_term_string"}],"inLanguage":"en-US"}]}},"_links":{"self":[{"href":"https:\/\/adventistoltenia.ro\/site\/wp-json\/wp\/v2\/pages\/33"}],"collection":[{"href":"https:\/\/adventistoltenia.ro\/site\/wp-json\/wp\/v2\/pages"}],"about":[{"href":"https:\/\/adventistoltenia.ro\/site\/wp-json\/wp\/v2\/types\/page"}],"author":[{"embeddable":true,"href":"https:\/\/adventistoltenia.ro\/site\/wp-json\/wp\/v2\/users\/2"}],"replies":[{"embeddable":true,"href":"https:\/\/adventistoltenia.ro\/site\/wp-json\/wp\/v2\/comments?post=33"}],"version-history":[{"count":0,"href":"https:\/\/adventistoltenia.ro\/site\/wp-json\/wp\/v2\/pages\/33\/revisions"}],"wp:attachment":[{"href":"https:\/\/adventistoltenia.ro\/site\/wp-json\/wp\/v2\/media?parent=33"}],"curies":[{"name":"wp","href":"https:\/\/api.w.org\/{rel}","templated":true}]}}