{"id":547,"date":"2014-05-24T18:37:42","date_gmt":"2014-05-24T18:37:42","guid":{"rendered":"http:\/\/themes.wplook.com\/benevolence\/?page_id=7"},"modified":"2025-10-27T15:07:50","modified_gmt":"2025-10-27T15:07:50","slug":"organizare","status":"publish","type":"page","link":"https:\/\/adventistoltenia.ro\/site\/organizare\/","title":{"rendered":"Organizare"},"content":{"rendered":"<p>Comitetul executiv al Conferin\u021bei este organul de conducere \u00eentre sesiunile Adun\u0103rii generale \u0219i are deplina autoritate s\u0103 ac\u021bioneze \u00een numele acesteia.<\/p>\n<h3>List\u0103 comitet executiv\u00a0<strong>Conferin\u021ba Oltenia<\/strong><\/h3>\n<ol>\n<li><strong>SB\u00ceRNEA GEORGE<\/strong><br \/>\n<em>Pre\u0219edinte\/Director ADRA &#8211; Email: georgesbirnea@adventist.ro<\/em><\/li>\n<li><strong>NI\u021a\u0102 PETRE-DANIEL<\/strong><br \/>\n<em>Secretar culte\/Director Libertate Religioas\u0103 \u0219i Rela\u021bii Publice &#8211; Email: petrenita@adventist.ro<\/em><\/li>\n<li><strong>R\u0102DU\u021a FLORIN<\/strong><br \/>\n<em>Trezorier\/ Director<\/em> <em>Administrarea Cre\u015ftin\u0103 a Vie\u0163ii &#8211; Email: florinradut@adventist.ro<\/em><\/li>\n<li><strong>R\u0102CIL\u0102 LUCIAN<\/strong><br \/>\n<em>Director \u0218coala de Sabat \u0219i Lucrarea Personal\u0103\/Publica\u021bii &#8211; Email: lucianracila@adventist.ro<\/em><\/li>\n<li><strong>SISU BENIAMIN<\/strong><br \/>\n<em>Director Tineret &#8211; Email: beniaminsisu@adventist.ro<\/em><\/li>\n<li><strong>PETREAC\u0102 VALENTIN<\/strong><br \/>\n<em>Asocia\u021bia Pastoral\u0103\/Director Via\u0163a de Familie &#8211; Email: valentinpetreaca@adventist.ro<\/em><em>\u00a0\u00a0<\/em><\/li>\n<li><strong>DAN ANDREI &#8211; INTERIMAR<\/strong><br \/>\n<em>Director de Comunicare\/Coordonator proiecte ADRA &#8211; Email: danandrei@adventist.ro<\/em><\/li>\n<li><strong>NICOLAE DANIEL <\/strong><br \/>\n<em>Director Spiritul Profetic &#8211; Email: danielnicolae@adventist.ro<\/em><\/li>\n<li><strong>MO\u021a FLORIAN<\/strong><br \/>\n<em>Director Educa\u021bie &#8211; Email: florianmot@adventist.ro<\/em><\/li>\n<li><strong>PURNEA GHEORGHE CRISTIAN<\/strong><br \/>\n<em>Director de S\u0103n\u0103tate &#8211; Email: cristianpurnea@adventist.ro<\/em><\/li>\n<li><strong>PETREAC\u0102 DANIELA<br \/>\n<\/strong><em>Director Misiunea Femeii &#8211; Email: danapetreaca@gmail.com<\/em><strong><br \/>\n<\/strong><\/li>\n<\/ol>\n ","protected":false},"excerpt":{"rendered":"<p>Comitetul executiv al Conferin\u021bei este organul de conducere \u00eentre sesiunile Adun\u0103rii generale \u0219i are deplina autoritate s\u0103 ac\u021bioneze \u00een numele acesteia. List\u0103 comitet executiv\u00a0Conferin\u021ba Oltenia SB\u00ceRNEA GEORGE Pre\u0219edinte\/Director ADRA &#8211; Email: georgesbirnea@adventist.ro NI\u021a\u0102 PETRE-DANIEL Secretar culte\/Director Libertate Religioas\u0103 \u0219i Rela\u021bii Publice &#8211; Email: petrenita@adventist.ro R\u0102DU\u021a FLORIN Trezorier\/ Director Administrarea Cre\u015ftin\u0103 a Vie\u0163ii &#8211; Email: florinradut@adventist.ro &hellip; <a href=\"https:\/\/adventistoltenia.ro\/site\/organizare\/\">Continued<\/a><\/p>\n","protected":false},"author":2,"featured_media":0,"parent":0,"menu_order":0,"comment_status":"open","ping_status":"closed","template":"template-home.php","meta":[],"yoast_head":"<!-- This site is optimized with the Yoast SEO plugin v20.3 - https:\/\/yoast.com\/wordpress\/plugins\/seo\/ -->\n<title>Organizare - Conferinta Oltenia<\/title>\n<meta name=\"robots\" content=\"index, follow, max-snippet:-1, max-image-preview:large, max-video-preview:-1\" \/>\n<link rel=\"canonical\" href=\"https:\/\/adventistoltenia.ro\/site\/organizare\/\" \/>\n<meta property=\"og:locale\" content=\"en_US\" \/>\n<meta property=\"og:type\" content=\"article\" \/>\n<meta property=\"og:title\" content=\"Organizare - Conferinta Oltenia\" \/>\n<meta property=\"og:description\" content=\"Comitetul executiv al Conferin\u021bei este organul de conducere \u00eentre sesiunile Adun\u0103rii generale \u0219i are deplina autoritate s\u0103 ac\u021bioneze \u00een numele acesteia. List\u0103 comitet executiv\u00a0Conferin\u021ba Oltenia SB\u00ceRNEA GEORGE Pre\u0219edinte\/Director ADRA &#8211; Email: georgesbirnea@adventist.ro NI\u021a\u0102 PETRE-DANIEL Secretar culte\/Director Libertate Religioas\u0103 \u0219i Rela\u021bii Publice &#8211; Email: petrenita@adventist.ro R\u0102DU\u021a FLORIN Trezorier\/ Director Administrarea Cre\u015ftin\u0103 a Vie\u0163ii &#8211; Email: florinradut@adventist.ro &hellip; Continued\" \/>\n<meta property=\"og:url\" content=\"https:\/\/adventistoltenia.ro\/site\/organizare\/\" \/>\n<meta property=\"og:site_name\" content=\"Conferinta Oltenia\" \/>\n<meta property=\"article:modified_time\" content=\"2025-10-27T15:07:50+00:00\" \/>\n<meta name=\"twitter:card\" content=\"summary_large_image\" \/>\n<meta name=\"twitter:label1\" content=\"Est. reading time\" \/>\n\t<meta name=\"twitter:data1\" content=\"1 minute\" \/>\n<script type=\"application\/ld+json\" class=\"yoast-schema-graph\">{\"@context\":\"https:\/\/schema.org\",\"@graph\":[{\"@type\":\"WebPage\",\"@id\":\"https:\/\/adventistoltenia.ro\/site\/organizare\/\",\"url\":\"https:\/\/adventistoltenia.ro\/site\/organizare\/\",\"name\":\"Organizare - Conferinta Oltenia\",\"isPartOf\":{\"@id\":\"https:\/\/adventistoltenia.ro\/site\/#website\"},\"datePublished\":\"2014-05-24T18:37:42+00:00\",\"dateModified\":\"2025-10-27T15:07:50+00:00\",\"breadcrumb\":{\"@id\":\"https:\/\/adventistoltenia.ro\/site\/organizare\/#breadcrumb\"},\"inLanguage\":\"en-US\",\"potentialAction\":[{\"@type\":\"ReadAction\",\"target\":[\"https:\/\/adventistoltenia.ro\/site\/organizare\/\"]}]},{\"@type\":\"BreadcrumbList\",\"@id\":\"https:\/\/adventistoltenia.ro\/site\/organizare\/#breadcrumb\",\"itemListElement\":[{\"@type\":\"ListItem\",\"position\":1,\"name\":\"Home\",\"item\":\"https:\/\/adventistoltenia.ro\/site\/\"},{\"@type\":\"ListItem\",\"position\":2,\"name\":\"Organizare\"}]},{\"@type\":\"WebSite\",\"@id\":\"https:\/\/adventistoltenia.ro\/site\/#website\",\"url\":\"https:\/\/adventistoltenia.ro\/site\/\",\"name\":\"Conferinta Oltenia\",\"description\":\"Biserica Adventista de Ziua a Saptea\",\"potentialAction\":[{\"@type\":\"SearchAction\",\"target\":{\"@type\":\"EntryPoint\",\"urlTemplate\":\"https:\/\/adventistoltenia.ro\/site\/?s={search_term_string}\"},\"query-input\":\"required name=search_term_string\"}],\"inLanguage\":\"en-US\"}]}<\/script>\n<!-- \/ Yoast SEO plugin. -->","yoast_head_json":{"title":"Organizare - Conferinta Oltenia","robots":{"index":"index","follow":"follow","max-snippet":"max-snippet:-1","max-image-preview":"max-image-preview:large","max-video-preview":"max-video-preview:-1"},"canonical":"https:\/\/adventistoltenia.ro\/site\/organizare\/","og_locale":"en_US","og_type":"article","og_title":"Organizare - Conferinta Oltenia","og_description":"Comitetul executiv al Conferin\u021bei este organul de conducere \u00eentre sesiunile Adun\u0103rii generale \u0219i are deplina autoritate s\u0103 ac\u021bioneze \u00een numele acesteia. List\u0103 comitet executiv\u00a0Conferin\u021ba Oltenia SB\u00ceRNEA GEORGE Pre\u0219edinte\/Director ADRA &#8211; Email: georgesbirnea@adventist.ro NI\u021a\u0102 PETRE-DANIEL Secretar culte\/Director Libertate Religioas\u0103 \u0219i Rela\u021bii Publice &#8211; Email: petrenita@adventist.ro R\u0102DU\u021a FLORIN Trezorier\/ Director Administrarea Cre\u015ftin\u0103 a Vie\u0163ii &#8211; Email: florinradut@adventist.ro &hellip; Continued","og_url":"https:\/\/adventistoltenia.ro\/site\/organizare\/","og_site_name":"Conferinta Oltenia","article_modified_time":"2025-10-27T15:07:50+00:00","twitter_card":"summary_large_image","twitter_misc":{"Est. reading time":"1 minute"},"schema":{"@context":"https:\/\/schema.org","@graph":[{"@type":"WebPage","@id":"https:\/\/adventistoltenia.ro\/site\/organizare\/","url":"https:\/\/adventistoltenia.ro\/site\/organizare\/","name":"Organizare - Conferinta Oltenia","isPartOf":{"@id":"https:\/\/adventistoltenia.ro\/site\/#website"},"datePublished":"2014-05-24T18:37:42+00:00","dateModified":"2025-10-27T15:07:50+00:00","breadcrumb":{"@id":"https:\/\/adventistoltenia.ro\/site\/organizare\/#breadcrumb"},"inLanguage":"en-US","potentialAction":[{"@type":"ReadAction","target":["https:\/\/adventistoltenia.ro\/site\/organizare\/"]}]},{"@type":"BreadcrumbList","@id":"https:\/\/adventistoltenia.ro\/site\/organizare\/#breadcrumb","itemListElement":[{"@type":"ListItem","position":1,"name":"Home","item":"https:\/\/adventistoltenia.ro\/site\/"},{"@type":"ListItem","position":2,"name":"Organizare"}]},{"@type":"WebSite","@id":"https:\/\/adventistoltenia.ro\/site\/#website","url":"https:\/\/adventistoltenia.ro\/site\/","name":"Conferinta Oltenia","description":"Biserica Adventista de Ziua a Saptea","potentialAction":[{"@type":"SearchAction","target":{"@type":"EntryPoint","urlTemplate":"https:\/\/adventistoltenia.ro\/site\/?s={search_term_string}"},"query-input":"required name=search_term_string"}],"inLanguage":"en-US"}]}},"_links":{"self":[{"href":"https:\/\/adventistoltenia.ro\/site\/wp-json\/wp\/v2\/pages\/547"}],"collection":[{"href":"https:\/\/adventistoltenia.ro\/site\/wp-json\/wp\/v2\/pages"}],"about":[{"href":"https:\/\/adventistoltenia.ro\/site\/wp-json\/wp\/v2\/types\/page"}],"author":[{"embeddable":true,"href":"https:\/\/adventistoltenia.ro\/site\/wp-json\/wp\/v2\/users\/2"}],"replies":[{"embeddable":true,"href":"https:\/\/adventistoltenia.ro\/site\/wp-json\/wp\/v2\/comments?post=547"}],"version-history":[{"count":8,"href":"https:\/\/adventistoltenia.ro\/site\/wp-json\/wp\/v2\/pages\/547\/revisions"}],"predecessor-version":[{"id":3838,"href":"https:\/\/adventistoltenia.ro\/site\/wp-json\/wp\/v2\/pages\/547\/revisions\/3838"}],"wp:attachment":[{"href":"https:\/\/adventistoltenia.ro\/site\/wp-json\/wp\/v2\/media?parent=547"}],"curies":[{"name":"wp","href":"https:\/\/api.w.org\/{rel}","templated":true}]}}