{"id":549,"date":"2014-06-16T01:50:14","date_gmt":"2014-06-16T01:50:14","guid":{"rendered":"http:\/\/themes.wplook.com\/benevolence\/?page_id=545"},"modified":"2017-08-24T12:22:08","modified_gmt":"2017-08-24T12:22:08","slug":"doctrine-fundamentale","status":"publish","type":"page","link":"https:\/\/adventistoltenia.ro\/site\/doctrine-fundamentale\/","title":{"rendered":"Doctrine Fundamentale"},"content":{"rendered":"<h2>Convingeri<\/h2>\n<p>Adventi\u015ftii de Ziua a \u015eaptea accept\u0103 Biblia ca singurul lor crez \u015fi sus\u0163in anumite principii fundamentale de credin\u0163\u0103 c\u0103 fiind \u00eenv\u0103\u0163\u0103turi ale Sfintelor Scripturi. A\u015fa cum sunt prezentate mai jos, ele reflect\u0103 modul de \u00een\u0163elegere \u015fi exprimare ale \u00eenv\u0103\u0163\u0103turii Sfintelor Scripturi de c\u0103tre biseric\u0103. Revizuirea acestor principii de credin\u0163a poate avea loc cu ocazia unei sesiuni a Conferin\u0163ei Generale, atunci c\u00e2nd biserica este condus\u0103 de Duhul Sf\u00e2nt la o mai profund\u0103 \u00een\u0163elegere a adev\u0103rului Bibliei sau g\u0103se\u015fte un limbaj mai adecvat prin care s\u0103 exprime \u00eenv\u0103\u0163\u0103turile Cuv\u00e2ntului sf\u00e2nt al lui Dumnezeu.<\/p>\n<p>Cele 28 de puncte fundamentale de credin\u021b\u0103 sunt organizate \u00een \u0219ase categorii \u2013 <em>Doctrina despre Dumnezeu, umanitatea, m\u00e2ntuirea, biserica, via\u021ba cre\u0219tin\u0103 \u0219i evenimentele finale<\/em>.\u00a0\u00cen fiecare \u00eenv\u0103\u021b\u0103tur\u0103, Dumnezeu ca un Arhitect \u00een\u021belept, plin de har \u0219i de iubire infinit\u0103, reface leg\u0103tura cu umanitatea de acum \u0219i p\u00e2n\u0103 \u00een ve\u0219nicie.<\/p>\n<h2 style=\"text-align: left;\" align=\"center\"><strong>Rezumatul doctrinelor fundamentale<\/strong><\/h2>\n<p><strong>Acest rezumat al punctelor de doctrin\u0103 a fost preg\u0103tit special \u00een vederea instruirii candida\u0163ilor pentru botez<\/strong><\/p>\n<ol>\n<li>Dumnezeul cel viu \u015fi adev\u0103rat, prima Persoan\u0103 a Dumnezeirii, este Tat\u0103l nostru ceresc. Prin Fiul S\u0103u, Isus Hristos, El a creat toate lucrurile.<br \/>\n<em>(Mat. 28,18.19; 1 Cor. 8,5.6; Ef. 3,9; Ier. 10,10\u201112; Evr. 1,1\u20113; Fapte 17,22\u201129; Col. 1,16\u201118)<\/em><\/li>\n<li>Isus Hristos, a doua Persoan\u0103 a Dumnezeirii, Fiul cel ve\u015fnic al lui Dumnezeu, este singurul M\u00e2ntuitor din p\u0103cat. M\u00e2ntuirea omului se realizeaz\u0103 prin har, prin credin\u0163a \u00een El.<br \/>\n(Mat. 28,18.19; Ioan 3,16; Mica 5,2; Mat. 1,21; 2,5.6; Fapte 4,12; 1 Ioan 5,11.12; Ef. 1,9\u201115; 2,4\u20118; Rom. 3,23\u201126)<\/li>\n<li>Duhul Sf\u00e2nt, a treia Persoan\u0103 a Dumnezeirii, este reprezentantul lui Hristos pe p\u0103m\u00e2nt, care-i conduce pe p\u0103c\u0103to\u015fi la m\u00e2ntuire \u015fi la ascultarea de toate poruncile lui Dumnezeu.<br \/>\n<em>(Mat. 28,18.19; Ioan 14,26; 15,26; 16,7\u201115; Rom. 8,1\u201110; Ef. 4,30)<\/em><\/li>\n<li>4. Prin Isus Hristos, credincio\u015fii primesc iertarea de p\u0103catele m\u0103rturisite \u015fi p\u0103r\u0103site \u015fi, \u00een m\u0103sura \u00een care le\u2011a stat \u00een putere, pagubele au fost \u00eenl\u0103turate. (Ef. 1,7; Col. 1,14.15; 1 Ioan 1,7\u20119; Is. 55,6.7; Ez. 33,15; Mat. 5,23.24; 6,14.15)<\/li>\n<li>Biblia este Cuv\u00e2ntul inspirat al lui Dumnezeu \u015fi singura norm\u0103 fundamental\u0103, deplin\u0103 \u015fi suficient\u0103, de credin\u0163\u0103 \u015fi practic\u0103.<br \/>\n<em>(2 Tim. 3,15\u201117; 2 Petru 1,19\u201121; Ps. 119,9.11.105.130; 1 Tes. 2,13; Is. 8,20; Ier. 15,16; Evr. 4,12)<\/em><\/li>\n<li>To\u0163i cei care intr\u0103 \u00een \u00cemp\u0103r\u0103\u0163ia cerurilor trebuie s\u0103 experimenteze convertirea sau na\u015fterea din nou prin care omul prime\u015fte o inim\u0103 nou\u0103 \u015fi devine o creatur\u0103 nou\u0103. Astfel, indiferent de mediul social \u015fi etnic, el devine membru al \u00eentregii familii din ceruri \u015fi de pe p\u0103m\u00e2nt.<br \/>\n<em>(Mat. 18,3; Ioan 3,3; 2 Cor. 5,17; Ez. 36,26.27; Evr. 8,10\u201112; 1 Petru 1,23; 2,2; Fapte 17,26; Ef. 3,15)<\/em><\/li>\n<li>Hristos locuie\u015fte \u00een inima ren\u0103scut\u0103, \u00eenscriind \u00een ea principiile Legii lui Dumnezeu, conduc\u00e2ndu\u2011l pe credincios s\u0103 asculte cu bucurie de preceptele ei \u015fi d\u00e2ndu\u2011i putere de ascultare.<br \/>\n<em>(2 Cor. 6,16; Ps. 40,8; Evr. 8,10\u201112; Ioan 14,15; Col. 1,27; 3,16; Gal. 2,20; Ef. 3,14\u201121)<\/em><\/li>\n<li>Dup\u0103 \u00een\u0103l\u0163area Sa, Hristos \u015ei\u2011a \u00eenceput lucrarea de Mare Preot \u00een Locul sf\u00e2nt din Sanctuarul ceresc, care este reprezentat prin sanctuarul p\u0103m\u00e2ntesc din dispensa\u0163iunea Vechiului Testament. C\u00e2nd Hristos a intrat \u00een a doua faz\u0103 a slujirii Lui, \u00een Sf\u00e2nta Sfintelor, a \u00eenceput judecata de cercetare, prefigurat\u0103 de serviciul p\u0103m\u00e2ntesc din Ziua isp\u0103\u015firii. Aceast\u0103 lucrare a judec\u0103\u0163ii de cercetare din Sanctuarul ceresc a \u00eenceput \u00een anul 1844, la \u00eencheierea celor 2300 de ani, \u015fi se va \u00eencheia la sf\u00e2r\u015fitul timpului de prob\u0103.<br \/>\n<em>(Evr. 4,14; 8,1.2; Lev. 16,2.29; Evr. 9,23.24; Dan. 8,14; 9,24\u201127; Apoc. 14,6.7; 22,11).<\/em><\/li>\n<li>A Doua Venire a Domnului Hristos este n\u0103dejdea bisericii, punctul culminant al Evangheliei \u015fi scopul planului de r\u0103scump\u0103rare. Isus va reveni \u00een mod literal, personal \u015fi vizibil, \u00eempreun\u0103 cu to\u0163i sfin\u0163ii S\u0103i \u00eengeri. Multe semne ale timpului dau m\u0103rturie c\u0103 venirea Lui este aproape. \u00cemplinirea aproape complet\u0103 a tuturor lan\u0163urilor profetice indic\u0103 faptul c\u0103 El \u201eeste aproape, este chiar la u\u015fi\u201d.<br \/>\n<em>(Ioan 14,1\u20113; Tit 2,11\u201114; Evr. 9,28; Fapte 1,9\u201111; Apoc. 1,7; Mat. 25,31; Luca 9,26; 21,25\u201133; Mat. 24,14.36.39.33)<\/em><\/li>\n<li>Mor\u0163ii cei neprih\u0103ni\u0163i vor fi \u00eenvia\u0163i la cea de\u2011a Doua Venire a lui Hristos. \u00cempreun\u0103 cu cei drep\u0163i afla\u0163i \u00een via\u0163\u0103, ei vor fi \u00een\u0103l\u0163a\u0163i pentru a \u00eent\u00e2lni pe Domnul \u00een v\u0103zduh \u015fi vor merge cu El \u00een ceruri, unde vor r\u0103m\u00e2ne o mie de ani (mileniul).<br \/>\n<em>(Apoc. 1,7; Ioan 5,25.28.29; Osea 13,14; 1 Cor. 15,51\u201155; 1 Tes. 4,13\u201118; Ioan 11,24.25; 14,1\u20113; Apoc. 20,6.4.5; Is. 25,8.9)<\/em><\/li>\n<li>Cei r\u0103i care vor fi \u00een via\u0163\u0103 la a Doua Venire a lui Hristos vor fi nimici\u0163i de str\u0103lucirea venirii Sale. Ace\u015ftia, \u00eempreun\u0103 cu mor\u0163ii nelegiui\u0163i din toate veacurile, vor \u00eenvia la a Doua \u00cenviere, la \u00eencheierea celor o mie de ani.<br \/>\n<em>(2 Tes. 1,7\u201110; 2,8; Iuda 14.15; Apoc. 20,5.12.15; Ioan 5,28.29; Fapte 24,15; Is. 24,21.22)<\/em><\/li>\n<li>La sf\u00e2r\u015fitul celor o mie de ani vor avea loc urm\u0103toarele evenimente: (a) Hristos \u015fi cei neprih\u0103ni\u0163i vor cobor\u00ee din cer \u00eempreun\u0103 cu Sf\u00e2nta Cetate, Noul Ierusalim (Apoc. 21,2.10); (b) cei r\u0103i vor fi \u00eenvia\u0163i pentru judecata final\u0103 (Apoc. 20,11.12); (c) cei r\u0103i vor primi plata final\u0103 a p\u0103catului, atunci c\u00e2nd va cobor\u00ee foc de la Dumnezeu, din cer, \u015fi\u2011i va mistui (Apoc. 20,7\u201110.14.15) \u015fi (d) acest foc, care distruge lucr\u0103rile p\u0103catului, va cur\u0103\u0163i p\u0103m\u00e2ntul.<br \/>\n<em>(2 Petru 3,10\u201114; Mal. 4,1.3; Apoc. 20,8.4)<\/em><\/li>\n<li>P\u0103m\u00e2ntul, cur\u0103\u0163it prin foc \u015fi re\u00eennoit prin puterea lui Dumnezeu, va deveni c\u0103minul etern al celor r\u0103scump\u0103ra\u0163i.<br \/>\n<em>(2 Petru 3,9\u201113; Is. 65,17\u201125; 35,1\u201110; 45,18; Mat. 5,5; Mal. 4,1\u20113; Prov. 11,31)<\/em><\/li>\n<li>Ziua a \u015faptea din s\u0103pt\u0103m\u00e2n\u0103 este semnul ve\u015fnic al puterii lui Hristos \u00een calitate de Creator \u015fi R\u0103scump\u0103r\u0103tor \u015fi este, deci, ziua Domnului, Sabatul cre\u015ftin, constituind sigiliul viului Dumnezeu. El trebuie s\u0103 fie respectat de vineri, de la apusul soarelui, p\u00e2n\u0103 s\u00e2mb\u0103t\u0103, la apusul soarelui.<br \/>\n<em>(Gen. 2,1\u20113; Exod 16,23\u201131; 20,8\u201111; Ioan 1,1\u20113.14; Ez. 20,12.20; Marcu 1,21\u201132; 2,27.28; Is. 58,13; Luca 4,16; 23,54\u201156; 24,1; Fapte 17,2; Evr. 4,9\u201111; Is. 66,22.23; Lev. 23,32)<\/em><\/li>\n<li>C\u0103s\u0103toria este una dintre institu\u0163iile date de Dumnezeu \u00een gr\u0103dina Edenului, \u00eenainte de intrarea p\u0103catului \u00een lume. Isus a onorat institu\u0163ia c\u0103s\u0103toriei, sus\u0163in\u00e2ndu\u2011i sfin\u0163enia \u015fi permanen\u0163a. Noul Testament afirm\u0103, \u00een repetate r\u00e2nduri, sfin\u0163enia rela\u0163iei de c\u0103s\u0103torie \u015fi arat\u0103 c\u0103 \u00een ea se p\u0103\u015fe\u015fte printr\u2011un leg\u0103m\u00e2nt pe via\u0163\u0103 de fidelitate \u015fi de cur\u0103\u0163ie moral\u0103. Intimit\u0103\u0163ile sexuale dintre b\u0103rbat \u015fi femeie, \u00een afara c\u0103s\u0103toriei sau \u00eentre persoane de acela\u015fi sex, sunt contrare planului divin \u015fi condamnate de Biblie ca fiind p\u0103cat. Urma\u015fii lui Hristos vor p\u0103stra, prin harul S\u0103u, cur\u0103\u0163ia moral\u0103 \u00een cadrul acestor principii biblice c\u0103l\u0103uzitoare privitoare la rela\u0163iile sexuale. \u201eVoin\u0163a lui Dumnezeu este sfin\u0163irea voastr\u0103; s\u0103 v\u0103 feri\u0163i de desfr\u00e2nare.\u201d<em>(1 Tes. 4,3)<\/em>So\u0163ul \u015fi so\u0163ia care sunt cre\u015ftini trebuie s\u0103 se iubeasc\u0103 \u015fi s\u0103 se respecte unul pe altul a\u015fa cum \u00eei iube\u015fte \u015fi \u00eei respect\u0103 Dumnezeu. Lor li se porunce\u015fte s\u0103\u2011\u015fi iubeasc\u0103 \u015fi s\u0103\u2011\u015fi respecte copiii, s\u0103\u2011i trateze cu bl\u00e2nde\u0163e \u015fi s\u0103\u2011i \u00eenve\u0163e s\u0103\u2011L iubeasc\u0103 \u015fi s\u0103\u2011L slujeasc\u0103 pe Dumnezeu. \u00cen scopul aceasta, ei trebuie s\u0103 practice \u00eenchinarea \u00een familie, s\u0103 participe la \u015ecoala de Sabat \u015fi la celelalte servicii ale bisericii \u015fi, acolo unde este posibil, s\u0103 frecventeze \u015fcoli ale bisericii. De asemenea, copiii trebuie s\u0103\u2011\u015fi \u00eendeplineasc\u0103 responsabilit\u0103\u0163ile, s\u0103\u2011\u015fi respecte p\u0103rin\u0163ii \u015fi s\u0103\u2011i asculte.<br \/>\n<em>(Gen. 2,21\u201124; Deut. 4,6.7; Mat. 19,3\u20119; 1 Cor. 6,9\u201111; Ef. 5,24.25.28; Col. 3,18\u201121; 1 Tes. 4,3\u20118; Evr. 10,23\u201135; 13,4; 1 Petru 3,7)<\/em><\/li>\n<li>Zecimea este sf\u00e2nt\u0103, destinat\u0103 Domnului, \u015fi constituie modalitatea prin care Dumnezeu \u00ce\u015fi sus\u0163ine lucrarea Sa. Darurile de bun\u0103voie fac \u015fi ele parte din planul lui Dumnezeu pentru sus\u0163inerea lucr\u0103rii Sale \u00een toat\u0103 lumea.<br \/>\n<em>(Lev. 27,30\u201132: Mal. 3,8\u201112; Num. 18,20\u201128; Mat. 23,23; Prov. 3,9.10; 1 Cor. 9,13.14; 2 Cor. 9,6.7; Ps. 96,8)<\/em><\/li>\n<li>Nemurirea vine numai prin Evanghelie \u015fi va fi acordat\u0103 ca dar din partea lui Dumnezeu la a Doua Venire a lui Isus.<br \/>\n<em>(1 Cor. 15,21.22.51\u201155; Ps. 146,3.4; Ecl. 9,5.6.10; 1 Tim. 6,15.16; 2 Tim. 1,10; 1 Ioan 5,11.12)<\/em><\/li>\n<li>Starea omului \u00een moarte este de incon\u015ftien\u0163\u0103. To\u0163i oamenii, buni sau r\u0103i, r\u0103m\u00e2n \u00een morm\u00e2nt p\u00e2n\u0103 la \u00cenviere.<br \/>\n<em>(Ecl. 9,5.6; Ps. 115,17; 146,3.4; Iov 14,10\u201112.21.22; 17,13; Ioan 11,11\u201114; 1 Tes. 4,13; Ioan 5,28.29)<\/em><\/li>\n<li>Cre\u015ftinul este chemat la sfin\u0163ire. De aceea, via\u0163a lui trebuie s\u0103 se caracterizeze printr\u2011o grij\u0103 deosebit\u0103 \u00een comportare, prin modestie \u015fi simplitate \u00een \u00eembr\u0103c\u0103minte.<br \/>\n<em>(1 Tes. 3,13; 4,3.7; 5,23; 1 Petru 2,21; 3,15.3\u20115; Is. 3,16\u201124; 1 Cor. 10,31; 1 Tim. 2,9.10)<\/em><\/li>\n<li>Cre\u015ftinul trebuie s\u0103 recunoasc\u0103 faptul c\u0103 trupul lui este templul Duhului Sf\u00e2nt. De aceea \u00cel va onora pe Dumnezeu, av\u00e2nd grij\u0103 de trupul lui \u00een mod inteligent, folosind \u00een mod cump\u0103tat ceea ce este bun \u015fi evit\u00e2nd orice lucru d\u0103un\u0103tor, ab\u0163in\u00e2ndu\u2011se de la orice aliment necurat, de la folosirea, producerea sau comercializarea de b\u0103uturi alcoolice, de la folosirea, producerea sau comercializarea tutunului, \u00een oricare dintre formele lui, \u015fi de la folosirea ilegal\u0103 a narcoticelor sau a altor droguri, de la comercializarea lor.<br \/>\n<em>(1 Cor. 3,16.17; 6,19.20; 9,25; 10,31; 2 Cor. 7,1; Gal. 5,17\u201121; 6,7.8; 1 Petru 2,9\u201112; 1 Cor. 10,1\u201111; Lev. 11,1\u20118)<\/em><\/li>\n<li>Biserica nu trebuie s\u0103 fie lipsit\u0103 de niciun dar, iar prezen\u0163a darului profetic este unul dintre semnele de identificare a bisericii r\u0103m\u0103\u015fi\u0163ei. <em>(1 Cor. 1,5\u20117; 12,1\u201128; Amos 3,7; Osea 12,10.13; Apoc. 12,17; 19,10)<\/em><br \/>\nAdventi\u015ftii de Ziua a \u015eaptea recunosc c\u0103 acest dar s\u2011a manifestat \u00een via\u0163a \u015fi lucrarea pe care a desf\u0103\u015furat-o Ellen G. White.<\/li>\n<li>Biblia \u00eenva\u0163\u0103 despre necesitatea unei organiza\u0163ii bine definite a bisericii. Membrii acestei organiza\u0163ii au obliga\u0163ia sf\u00e2nt\u0103 s\u0103\u2011i fie supu\u015fi, s\u0103 o sus\u0163in\u0103 cu credincio\u015fie \u015fi s\u0103 contribuie la men\u0163inerea ei. Ei sunt sf\u0103tui\u0163i s\u0103 nu p\u0103r\u0103seasc\u0103 obiceiul de a se aduna laolalt\u0103.<br \/>\n<em>(Mat. 16,16\u201118; Ef. 1,10\u201123; 2,19\u201122; 1 Cor. 14,33.40; Tit 1,5\u20119; Mat. 18,15\u201118; 1 Cor. 12,12\u201128; 16,1\u20113; Evr. 10,25; Fapte 4,32\u201135; 6,1\u20117)<\/em><\/li>\n<li>Botezul prin scufundare simbolizeaz\u0103 moartea, \u00eenmorm\u00e2ntarea \u015fi \u00eenvierea lui Isus Hristos \u015fi exprim\u0103 \u00een mod deschis credin\u0163a \u00een harul S\u0103u m\u00e2ntuitor \u015fi renun\u0163area la p\u0103cat \u015fi la lume. El este recunoscut ca o condi\u0163ie de intrare \u00een biseric\u0103.<br \/>\n<em>(Mat. 3,13\u201117; 28,19; Fapte 2,38.41\u201147; 8,35\u201139; 16,32.33; 22,16; Rom. 6,1\u201111; Gal. 3,27; Col. 3,1\u20113)<\/em><\/li>\n<li>R\u00e2nduiala Cinei Domnului comemoreaz\u0103 moartea M\u00e2ntuitorului, iar participarea membrilor la ea este esen\u0163ial\u0103 pentru dezvoltare \u015fi p\u0103rt\u0103\u015fie cre\u015ftin\u0103. Ea este precedat\u0103 de r\u00e2nduiala sp\u0103l\u0103rii picioarelor, ca preg\u0103tire pentru acest serviciu solemn.<br \/>\n<em>(Mat. 26,26\u201129; 1 Cor. 11,23\u201126; Ioan 6,48\u201156; 13,1\u201117; 1 Cor. 11,27\u201130)<\/em><\/li>\n<li>\u00cen via\u0163a cre\u015ftin\u0103, exist\u0103 o desp\u0103r\u0163ire total\u0103 de practicile lume\u015fti, cum ar fi: jocul de c\u0103r\u0163i, frecventarea teatrului, dansul etc., care tind s\u0103 sl\u0103beasc\u0103 \u015fi s\u0103 distrug\u0103 via\u0163a spiritual\u0103.<br \/>\n<em>(2 Cor. 6,15\u201118; 1 Ioan 2,15\u201117; Iacob 4,4; 2 Tim. 2,19\u201122; Ef. 5,8\u201111; Col. 3,5\u201110)<\/em><\/li>\n<li>Prin studiul Cuv\u00e2ntului, Dumnezeu ne vorbe\u015fte, d\u00e2ndu\u2011ne lumin\u0103 \u015fi putere, iar prin rug\u0103ciune, sufletul este unit cu Dumnezeu. Acestea sunt mijloacele r\u00e2nduite de Cer pentru c\u00e2\u015ftigarea biruin\u0163ei \u00een lupta cu p\u0103catul \u015fi pentru dezvoltarea caracterului cre\u015ftin.<br \/>\n<em>(Ps. 19,7.8; 119,130; Ioan 6,63; 17,17; 1 Petru 2,2; 1 Tes. 5,17; Luca 18,1; Ps. 55,17; Is. 50,4)<\/em><\/li>\n<li>Fiecare membru al bisericii se afl\u0103 sub porunca sacr\u0103 dat\u0103 de Isus \u2013 s\u0103\u2011\u015fi foloseasc\u0103 talentele \u00een lucrarea personal\u0103 a c\u00e2\u015ftig\u0103rii de suflete, contribuind la r\u0103sp\u00e2ndirea Evangheliei \u00een toat\u0103 lumea. Atunci c\u00e2nd se va \u00eencheia aceast\u0103 lucrare, Isus va reveni.<br \/>\n<em>(Mat. 25,14\u201129; 28,18\u201120; Apoc. 22,17; Is. 43,10\u201112; 2 Cor. 5,17\u201120; Rom. 10,13\u201115; Mat. 24,14)<\/em><\/li>\n<li>Potrivit modului S\u0103u nep\u0103rtinitor de a-i trata pe oameni, avertiz\u00e2ndu\u2011i cu privire la evenimentele viitoare, care le vor afecta \u00een mod vital destinul, Dumnezeu a proclamat apropiata revenire a lui Isus Hristos. Aceast\u0103 solie preg\u0103titoare este simbolizat\u0103 de \u00eentreita solie \u00eengereasc\u0103 din Apocalipsa 14 \u015fi \u00ee\u015fi g\u0103se\u015fte \u00eemplinirea \u00een actuala mi\u015fcare premerg\u0103\u00adtoare celei de a Doua Veniri. Aceasta a dat na\u015ftere r\u0103m\u0103\u015fi\u0163ei, sau Bisericii Adventiste de Ziua a \u015eaptea, care p\u0103ze\u015fte poruncile lui Dumnezeu \u015fi credin\u0163a lui Isus<br \/>\n<em>(Amos 3,7; Mat. 24,29\u201134; Apoc. 14,6\u201110; Zah. 3,13; Mica 4,7.8; Apoc. 14,12; Is. 26,2; Apoc. 22,14)<\/em><\/li>\n<\/ol>\n ","protected":false},"excerpt":{"rendered":"<p>Convingeri Adventi\u015ftii de Ziua a \u015eaptea accept\u0103 Biblia ca singurul lor crez \u015fi sus\u0163in anumite principii fundamentale de credin\u0163\u0103 c\u0103 fiind \u00eenv\u0103\u0163\u0103turi ale Sfintelor Scripturi. A\u015fa cum sunt prezentate mai jos, ele reflect\u0103 modul de \u00een\u0163elegere \u015fi exprimare ale \u00eenv\u0103\u0163\u0103turii Sfintelor Scripturi de c\u0103tre biseric\u0103. Revizuirea acestor principii de credin\u0163a poate avea loc cu ocazia &hellip; <a href=\"https:\/\/adventistoltenia.ro\/site\/doctrine-fundamentale\/\">Continued<\/a><\/p>\n","protected":false},"author":2,"featured_media":0,"parent":0,"menu_order":0,"comment_status":"open","ping_status":"closed","template":"","meta":[],"yoast_head":"<!-- This site is optimized with the Yoast SEO plugin v20.3 - https:\/\/yoast.com\/wordpress\/plugins\/seo\/ -->\n<title>Doctrine Fundamentale - Conferinta Oltenia<\/title>\n<meta name=\"robots\" content=\"index, follow, max-snippet:-1, max-image-preview:large, max-video-preview:-1\" \/>\n<link rel=\"canonical\" href=\"https:\/\/adventistoltenia.ro\/site\/doctrine-fundamentale\/\" \/>\n<meta property=\"og:locale\" content=\"en_US\" \/>\n<meta property=\"og:type\" content=\"article\" \/>\n<meta property=\"og:title\" content=\"Doctrine Fundamentale - Conferinta Oltenia\" \/>\n<meta property=\"og:description\" content=\"Convingeri Adventi\u015ftii de Ziua a \u015eaptea accept\u0103 Biblia ca singurul lor crez \u015fi sus\u0163in anumite principii fundamentale de credin\u0163\u0103 c\u0103 fiind \u00eenv\u0103\u0163\u0103turi ale Sfintelor Scripturi. A\u015fa cum sunt prezentate mai jos, ele reflect\u0103 modul de \u00een\u0163elegere \u015fi exprimare ale \u00eenv\u0103\u0163\u0103turii Sfintelor Scripturi de c\u0103tre biseric\u0103. Revizuirea acestor principii de credin\u0163a poate avea loc cu ocazia &hellip; Continued\" \/>\n<meta property=\"og:url\" content=\"https:\/\/adventistoltenia.ro\/site\/doctrine-fundamentale\/\" \/>\n<meta property=\"og:site_name\" content=\"Conferinta Oltenia\" \/>\n<meta property=\"article:modified_time\" content=\"2017-08-24T12:22:08+00:00\" \/>\n<meta name=\"twitter:card\" content=\"summary_large_image\" \/>\n<meta name=\"twitter:label1\" content=\"Est. reading time\" \/>\n\t<meta name=\"twitter:data1\" content=\"10 minutes\" \/>\n<script type=\"application\/ld+json\" class=\"yoast-schema-graph\">{\"@context\":\"https:\/\/schema.org\",\"@graph\":[{\"@type\":\"WebPage\",\"@id\":\"https:\/\/adventistoltenia.ro\/site\/doctrine-fundamentale\/\",\"url\":\"https:\/\/adventistoltenia.ro\/site\/doctrine-fundamentale\/\",\"name\":\"Doctrine Fundamentale - Conferinta Oltenia\",\"isPartOf\":{\"@id\":\"https:\/\/adventistoltenia.ro\/site\/#website\"},\"datePublished\":\"2014-06-16T01:50:14+00:00\",\"dateModified\":\"2017-08-24T12:22:08+00:00\",\"breadcrumb\":{\"@id\":\"https:\/\/adventistoltenia.ro\/site\/doctrine-fundamentale\/#breadcrumb\"},\"inLanguage\":\"en-US\",\"potentialAction\":[{\"@type\":\"ReadAction\",\"target\":[\"https:\/\/adventistoltenia.ro\/site\/doctrine-fundamentale\/\"]}]},{\"@type\":\"BreadcrumbList\",\"@id\":\"https:\/\/adventistoltenia.ro\/site\/doctrine-fundamentale\/#breadcrumb\",\"itemListElement\":[{\"@type\":\"ListItem\",\"position\":1,\"name\":\"Home\",\"item\":\"https:\/\/adventistoltenia.ro\/site\/\"},{\"@type\":\"ListItem\",\"position\":2,\"name\":\"Doctrine Fundamentale\"}]},{\"@type\":\"WebSite\",\"@id\":\"https:\/\/adventistoltenia.ro\/site\/#website\",\"url\":\"https:\/\/adventistoltenia.ro\/site\/\",\"name\":\"Conferinta Oltenia\",\"description\":\"Biserica Adventista de Ziua a Saptea\",\"potentialAction\":[{\"@type\":\"SearchAction\",\"target\":{\"@type\":\"EntryPoint\",\"urlTemplate\":\"https:\/\/adventistoltenia.ro\/site\/?s={search_term_string}\"},\"query-input\":\"required name=search_term_string\"}],\"inLanguage\":\"en-US\"}]}<\/script>\n<!-- \/ Yoast SEO plugin. -->","yoast_head_json":{"title":"Doctrine Fundamentale - Conferinta Oltenia","robots":{"index":"index","follow":"follow","max-snippet":"max-snippet:-1","max-image-preview":"max-image-preview:large","max-video-preview":"max-video-preview:-1"},"canonical":"https:\/\/adventistoltenia.ro\/site\/doctrine-fundamentale\/","og_locale":"en_US","og_type":"article","og_title":"Doctrine Fundamentale - Conferinta Oltenia","og_description":"Convingeri Adventi\u015ftii de Ziua a \u015eaptea accept\u0103 Biblia ca singurul lor crez \u015fi sus\u0163in anumite principii fundamentale de credin\u0163\u0103 c\u0103 fiind \u00eenv\u0103\u0163\u0103turi ale Sfintelor Scripturi. A\u015fa cum sunt prezentate mai jos, ele reflect\u0103 modul de \u00een\u0163elegere \u015fi exprimare ale \u00eenv\u0103\u0163\u0103turii Sfintelor Scripturi de c\u0103tre biseric\u0103. Revizuirea acestor principii de credin\u0163a poate avea loc cu ocazia &hellip; Continued","og_url":"https:\/\/adventistoltenia.ro\/site\/doctrine-fundamentale\/","og_site_name":"Conferinta Oltenia","article_modified_time":"2017-08-24T12:22:08+00:00","twitter_card":"summary_large_image","twitter_misc":{"Est. reading time":"10 minutes"},"schema":{"@context":"https:\/\/schema.org","@graph":[{"@type":"WebPage","@id":"https:\/\/adventistoltenia.ro\/site\/doctrine-fundamentale\/","url":"https:\/\/adventistoltenia.ro\/site\/doctrine-fundamentale\/","name":"Doctrine Fundamentale - Conferinta Oltenia","isPartOf":{"@id":"https:\/\/adventistoltenia.ro\/site\/#website"},"datePublished":"2014-06-16T01:50:14+00:00","dateModified":"2017-08-24T12:22:08+00:00","breadcrumb":{"@id":"https:\/\/adventistoltenia.ro\/site\/doctrine-fundamentale\/#breadcrumb"},"inLanguage":"en-US","potentialAction":[{"@type":"ReadAction","target":["https:\/\/adventistoltenia.ro\/site\/doctrine-fundamentale\/"]}]},{"@type":"BreadcrumbList","@id":"https:\/\/adventistoltenia.ro\/site\/doctrine-fundamentale\/#breadcrumb","itemListElement":[{"@type":"ListItem","position":1,"name":"Home","item":"https:\/\/adventistoltenia.ro\/site\/"},{"@type":"ListItem","position":2,"name":"Doctrine Fundamentale"}]},{"@type":"WebSite","@id":"https:\/\/adventistoltenia.ro\/site\/#website","url":"https:\/\/adventistoltenia.ro\/site\/","name":"Conferinta Oltenia","description":"Biserica Adventista de Ziua a Saptea","potentialAction":[{"@type":"SearchAction","target":{"@type":"EntryPoint","urlTemplate":"https:\/\/adventistoltenia.ro\/site\/?s={search_term_string}"},"query-input":"required name=search_term_string"}],"inLanguage":"en-US"}]}},"_links":{"self":[{"href":"https:\/\/adventistoltenia.ro\/site\/wp-json\/wp\/v2\/pages\/549"}],"collection":[{"href":"https:\/\/adventistoltenia.ro\/site\/wp-json\/wp\/v2\/pages"}],"about":[{"href":"https:\/\/adventistoltenia.ro\/site\/wp-json\/wp\/v2\/types\/page"}],"author":[{"embeddable":true,"href":"https:\/\/adventistoltenia.ro\/site\/wp-json\/wp\/v2\/users\/2"}],"replies":[{"embeddable":true,"href":"https:\/\/adventistoltenia.ro\/site\/wp-json\/wp\/v2\/comments?post=549"}],"version-history":[{"count":0,"href":"https:\/\/adventistoltenia.ro\/site\/wp-json\/wp\/v2\/pages\/549\/revisions"}],"wp:attachment":[{"href":"https:\/\/adventistoltenia.ro\/site\/wp-json\/wp\/v2\/media?parent=549"}],"curies":[{"name":"wp","href":"https:\/\/api.w.org\/{rel}","templated":true}]}}